{"id":8418,"date":"2022-06-23T14:27:16","date_gmt":"2022-06-23T13:27:16","guid":{"rendered":"https:\/\/www.sinalarte.pt\/v1\/?post_type=product&#038;p=8418"},"modified":"2024-01-05T12:23:33","modified_gmt":"2024-01-05T12:23:33","slug":"estacionador-de-bicicletas-bike-5","status":"publish","type":"product","link":"https:\/\/www.sinalarte.pt\/v1\/produtos\/estacionador-de-bicicletas-bike-5\/","title":{"rendered":"Bike 5"},"content":{"rendered":"<p>Estacionamento para bicicletas, para prender a sua bicicleta pelas rodas.<\/p>\n","protected":false},"excerpt":{"rendered":"<p>Estacionador de bicicletas em tubo galvanizado.<br \/>\nDim.: (Larg.) 380 x (Alt.) 295mm<br \/>\nComprimento: 740mm<br \/>\nDi\u00e2metro: \u00d838mm<br \/>\nPara aros de 24&#8243; at\u00e9 29&#8243;<\/p>\n<p>Fixa\u00e7\u00e3o atrav\u00e9s de parafusos<br \/>\nPossibilidade de produ\u00e7\u00e3o com outro di\u00e2metro (inferior) e comprimento consoante o n\u00famero de bicicletas (sob consulta).<\/p>\n","protected":false},"featured_media":8419,"template":"","meta":[],"product_brand":[],"product_cat":[150],"product_tag":[405],"class_list":{"0":"post-8418","1":"product","2":"type-product","3":"status-publish","4":"has-post-thumbnail","6":"product_cat-suporte-de-bicicletas","7":"product_tag-bicicletas","9":"first","10":"instock","11":"shipping-taxable","12":"purchasable","13":"product-type-simple"},"yoast_head":"<!-- This site is optimized with the Yoast SEO plugin v26.6 - https:\/\/yoast.com\/wordpress\/plugins\/seo\/ -->\n<title>Bike 5 - Sinalarte<\/title>\n<meta name=\"description\" content=\"Estacionamento para bicicletas em tubo galvanizado, para prender a sua bicicleta pelo quadro e rodas, de forma ordenada e economizando espa\u00e7o.\" \/>\n<meta name=\"robots\" content=\"index, follow, max-snippet:-1, max-image-preview:large, max-video-preview:-1\" \/>\n<link rel=\"canonical\" href=\"https:\/\/www.sinalarte.pt\/v1\/produtos\/estacionador-de-bicicletas-bike-5\/\" \/>\n<meta property=\"og:locale\" content=\"pt_PT\" \/>\n<meta property=\"og:type\" content=\"article\" \/>\n<meta property=\"og:title\" content=\"Bike 5 - Sinalarte\" \/>\n<meta property=\"og:description\" content=\"Estacionamento para bicicletas em tubo galvanizado, para prender a sua bicicleta pelo quadro e rodas, de forma ordenada e economizando espa\u00e7o.\" \/>\n<meta property=\"og:url\" content=\"https:\/\/www.sinalarte.pt\/v1\/produtos\/estacionador-de-bicicletas-bike-5\/\" \/>\n<meta property=\"og:site_name\" content=\"Sinalarte\" \/>\n<meta property=\"article:publisher\" content=\"https:\/\/www.facebook.com\/Sinalarte\/\" \/>\n<meta property=\"article:modified_time\" content=\"2024-01-05T12:23:33+00:00\" \/>\n<meta property=\"og:image\" content=\"https:\/\/www.sinalarte.pt\/v1\/wp-content\/uploads\/2022\/06\/Bike_5.png\" \/>\n\t<meta property=\"og:image:width\" content=\"626\" \/>\n\t<meta property=\"og:image:height\" content=\"626\" \/>\n\t<meta property=\"og:image:type\" content=\"image\/png\" \/>\n<meta name=\"twitter:card\" content=\"summary_large_image\" \/>\n<meta name=\"twitter:label1\" content=\"Tempo estimado de leitura\" \/>\n\t<meta name=\"twitter:data1\" content=\"1 minuto\" \/>\n<script type=\"application\/ld+json\" class=\"yoast-schema-graph\">{\"@context\":\"https:\/\/schema.org\",\"@graph\":[{\"@type\":\"WebPage\",\"@id\":\"https:\/\/www.sinalarte.pt\/v1\/produtos\/estacionador-de-bicicletas-bike-5\/\",\"url\":\"https:\/\/www.sinalarte.pt\/v1\/produtos\/estacionador-de-bicicletas-bike-5\/\",\"name\":\"Bike 5 - Sinalarte\",\"isPartOf\":{\"@id\":\"https:\/\/www.sinalarte.pt\/v1\/#website\"},\"primaryImageOfPage\":{\"@id\":\"https:\/\/www.sinalarte.pt\/v1\/produtos\/estacionador-de-bicicletas-bike-5\/#primaryimage\"},\"image\":{\"@id\":\"https:\/\/www.sinalarte.pt\/v1\/produtos\/estacionador-de-bicicletas-bike-5\/#primaryimage\"},\"thumbnailUrl\":\"https:\/\/i0.wp.com\/www.sinalarte.pt\/v1\/wp-content\/uploads\/2022\/06\/Bike_5.png?fit=626%2C626&ssl=1\",\"datePublished\":\"2022-06-23T13:27:16+00:00\",\"dateModified\":\"2024-01-05T12:23:33+00:00\",\"description\":\"Estacionamento para bicicletas em tubo galvanizado, para prender a sua bicicleta pelo quadro e rodas, de forma ordenada e economizando espa\u00e7o.\",\"breadcrumb\":{\"@id\":\"https:\/\/www.sinalarte.pt\/v1\/produtos\/estacionador-de-bicicletas-bike-5\/#breadcrumb\"},\"inLanguage\":\"pt-PT\",\"potentialAction\":[{\"@type\":\"ReadAction\",\"target\":[\"https:\/\/www.sinalarte.pt\/v1\/produtos\/estacionador-de-bicicletas-bike-5\/\"]}]},{\"@type\":\"ImageObject\",\"inLanguage\":\"pt-PT\",\"@id\":\"https:\/\/www.sinalarte.pt\/v1\/produtos\/estacionador-de-bicicletas-bike-5\/#primaryimage\",\"url\":\"https:\/\/i0.wp.com\/www.sinalarte.pt\/v1\/wp-content\/uploads\/2022\/06\/Bike_5.png?fit=626%2C626&ssl=1\",\"contentUrl\":\"https:\/\/i0.wp.com\/www.sinalarte.pt\/v1\/wp-content\/uploads\/2022\/06\/Bike_5.png?fit=626%2C626&ssl=1\",\"width\":626,\"height\":626},{\"@type\":\"BreadcrumbList\",\"@id\":\"https:\/\/www.sinalarte.pt\/v1\/produtos\/estacionador-de-bicicletas-bike-5\/#breadcrumb\",\"itemListElement\":[{\"@type\":\"ListItem\",\"position\":1,\"name\":\"Home\",\"item\":\"https:\/\/www.sinalarte.pt\/v1\/\"},{\"@type\":\"ListItem\",\"position\":2,\"name\":\"Produtos\",\"item\":\"https:\/\/www.sinalarte.pt\/v1\/produtos\/\"},{\"@type\":\"ListItem\",\"position\":3,\"name\":\"Mobili\u00e1rio Urbano\",\"item\":\"https:\/\/www.sinalarte.pt\/v1\/categoria-produto\/urbanart\/\"},{\"@type\":\"ListItem\",\"position\":4,\"name\":\"Suporte de Bicicletas\",\"item\":\"https:\/\/www.sinalarte.pt\/v1\/categoria-produto\/urbanart\/suporte-de-bicicletas\/\"},{\"@type\":\"ListItem\",\"position\":5,\"name\":\"Bike 5\"}]},{\"@type\":\"WebSite\",\"@id\":\"https:\/\/www.sinalarte.pt\/v1\/#website\",\"url\":\"https:\/\/www.sinalarte.pt\/v1\/\",\"name\":\"Sinalarte\",\"description\":\"Ind\u00fastria de Sinaliza\u00e7\u00e3o\",\"publisher\":{\"@id\":\"https:\/\/www.sinalarte.pt\/v1\/#organization\"},\"potentialAction\":[{\"@type\":\"SearchAction\",\"target\":{\"@type\":\"EntryPoint\",\"urlTemplate\":\"https:\/\/www.sinalarte.pt\/v1\/?s={search_term_string}\"},\"query-input\":{\"@type\":\"PropertyValueSpecification\",\"valueRequired\":true,\"valueName\":\"search_term_string\"}}],\"inLanguage\":\"pt-PT\"},{\"@type\":\"Organization\",\"@id\":\"https:\/\/www.sinalarte.pt\/v1\/#organization\",\"name\":\"Sinalarte\",\"alternateName\":\"Ind\u00fastria de Sinaliza\u00e7\u00e3o\",\"url\":\"https:\/\/www.sinalarte.pt\/v1\/\",\"logo\":{\"@type\":\"ImageObject\",\"inLanguage\":\"pt-PT\",\"@id\":\"https:\/\/www.sinalarte.pt\/v1\/#\/schema\/logo\/image\/\",\"url\":\"https:\/\/i0.wp.com\/www.sinalarte.pt\/v1\/wp-content\/uploads\/2020\/09\/logo_sinalarte.png?fit=180%2C100&ssl=1\",\"contentUrl\":\"https:\/\/i0.wp.com\/www.sinalarte.pt\/v1\/wp-content\/uploads\/2020\/09\/logo_sinalarte.png?fit=180%2C100&ssl=1\",\"width\":180,\"height\":100,\"caption\":\"Sinalarte\"},\"image\":{\"@id\":\"https:\/\/www.sinalarte.pt\/v1\/#\/schema\/logo\/image\/\"},\"sameAs\":[\"https:\/\/www.facebook.com\/Sinalarte\/\",\"https:\/\/www.instagram.com\/sinalarte\/\",\"https:\/\/www.linkedin.com\/company\/sinalart\",\"https:\/\/www.youtube.com\/user\/SinalArte\"]}]}<\/script>\n<!-- \/ Yoast SEO plugin. -->","yoast_head_json":{"title":"Bike 5 - Sinalarte","description":"Estacionamento para bicicletas em tubo galvanizado, para prender a sua bicicleta pelo quadro e rodas, de forma ordenada e economizando espa\u00e7o.","robots":{"index":"index","follow":"follow","max-snippet":"max-snippet:-1","max-image-preview":"max-image-preview:large","max-video-preview":"max-video-preview:-1"},"canonical":"https:\/\/www.sinalarte.pt\/v1\/produtos\/estacionador-de-bicicletas-bike-5\/","og_locale":"pt_PT","og_type":"article","og_title":"Bike 5 - Sinalarte","og_description":"Estacionamento para bicicletas em tubo galvanizado, para prender a sua bicicleta pelo quadro e rodas, de forma ordenada e economizando espa\u00e7o.","og_url":"https:\/\/www.sinalarte.pt\/v1\/produtos\/estacionador-de-bicicletas-bike-5\/","og_site_name":"Sinalarte","article_publisher":"https:\/\/www.facebook.com\/Sinalarte\/","article_modified_time":"2024-01-05T12:23:33+00:00","og_image":[{"width":626,"height":626,"url":"https:\/\/www.sinalarte.pt\/v1\/wp-content\/uploads\/2022\/06\/Bike_5.png","type":"image\/png"}],"twitter_card":"summary_large_image","twitter_misc":{"Tempo estimado de leitura":"1 minuto"},"schema":{"@context":"https:\/\/schema.org","@graph":[{"@type":"WebPage","@id":"https:\/\/www.sinalarte.pt\/v1\/produtos\/estacionador-de-bicicletas-bike-5\/","url":"https:\/\/www.sinalarte.pt\/v1\/produtos\/estacionador-de-bicicletas-bike-5\/","name":"Bike 5 - Sinalarte","isPartOf":{"@id":"https:\/\/www.sinalarte.pt\/v1\/#website"},"primaryImageOfPage":{"@id":"https:\/\/www.sinalarte.pt\/v1\/produtos\/estacionador-de-bicicletas-bike-5\/#primaryimage"},"image":{"@id":"https:\/\/www.sinalarte.pt\/v1\/produtos\/estacionador-de-bicicletas-bike-5\/#primaryimage"},"thumbnailUrl":"https:\/\/i0.wp.com\/www.sinalarte.pt\/v1\/wp-content\/uploads\/2022\/06\/Bike_5.png?fit=626%2C626&ssl=1","datePublished":"2022-06-23T13:27:16+00:00","dateModified":"2024-01-05T12:23:33+00:00","description":"Estacionamento para bicicletas em tubo galvanizado, para prender a sua bicicleta pelo quadro e rodas, de forma ordenada e economizando espa\u00e7o.","breadcrumb":{"@id":"https:\/\/www.sinalarte.pt\/v1\/produtos\/estacionador-de-bicicletas-bike-5\/#breadcrumb"},"inLanguage":"pt-PT","potentialAction":[{"@type":"ReadAction","target":["https:\/\/www.sinalarte.pt\/v1\/produtos\/estacionador-de-bicicletas-bike-5\/"]}]},{"@type":"ImageObject","inLanguage":"pt-PT","@id":"https:\/\/www.sinalarte.pt\/v1\/produtos\/estacionador-de-bicicletas-bike-5\/#primaryimage","url":"https:\/\/i0.wp.com\/www.sinalarte.pt\/v1\/wp-content\/uploads\/2022\/06\/Bike_5.png?fit=626%2C626&ssl=1","contentUrl":"https:\/\/i0.wp.com\/www.sinalarte.pt\/v1\/wp-content\/uploads\/2022\/06\/Bike_5.png?fit=626%2C626&ssl=1","width":626,"height":626},{"@type":"BreadcrumbList","@id":"https:\/\/www.sinalarte.pt\/v1\/produtos\/estacionador-de-bicicletas-bike-5\/#breadcrumb","itemListElement":[{"@type":"ListItem","position":1,"name":"Home","item":"https:\/\/www.sinalarte.pt\/v1\/"},{"@type":"ListItem","position":2,"name":"Produtos","item":"https:\/\/www.sinalarte.pt\/v1\/produtos\/"},{"@type":"ListItem","position":3,"name":"Mobili\u00e1rio Urbano","item":"https:\/\/www.sinalarte.pt\/v1\/categoria-produto\/urbanart\/"},{"@type":"ListItem","position":4,"name":"Suporte de Bicicletas","item":"https:\/\/www.sinalarte.pt\/v1\/categoria-produto\/urbanart\/suporte-de-bicicletas\/"},{"@type":"ListItem","position":5,"name":"Bike 5"}]},{"@type":"WebSite","@id":"https:\/\/www.sinalarte.pt\/v1\/#website","url":"https:\/\/www.sinalarte.pt\/v1\/","name":"Sinalarte","description":"Ind\u00fastria de Sinaliza\u00e7\u00e3o","publisher":{"@id":"https:\/\/www.sinalarte.pt\/v1\/#organization"},"potentialAction":[{"@type":"SearchAction","target":{"@type":"EntryPoint","urlTemplate":"https:\/\/www.sinalarte.pt\/v1\/?s={search_term_string}"},"query-input":{"@type":"PropertyValueSpecification","valueRequired":true,"valueName":"search_term_string"}}],"inLanguage":"pt-PT"},{"@type":"Organization","@id":"https:\/\/www.sinalarte.pt\/v1\/#organization","name":"Sinalarte","alternateName":"Ind\u00fastria de Sinaliza\u00e7\u00e3o","url":"https:\/\/www.sinalarte.pt\/v1\/","logo":{"@type":"ImageObject","inLanguage":"pt-PT","@id":"https:\/\/www.sinalarte.pt\/v1\/#\/schema\/logo\/image\/","url":"https:\/\/i0.wp.com\/www.sinalarte.pt\/v1\/wp-content\/uploads\/2020\/09\/logo_sinalarte.png?fit=180%2C100&ssl=1","contentUrl":"https:\/\/i0.wp.com\/www.sinalarte.pt\/v1\/wp-content\/uploads\/2020\/09\/logo_sinalarte.png?fit=180%2C100&ssl=1","width":180,"height":100,"caption":"Sinalarte"},"image":{"@id":"https:\/\/www.sinalarte.pt\/v1\/#\/schema\/logo\/image\/"},"sameAs":["https:\/\/www.facebook.com\/Sinalarte\/","https:\/\/www.instagram.com\/sinalarte\/","https:\/\/www.linkedin.com\/company\/sinalart","https:\/\/www.youtube.com\/user\/SinalArte"]}]}},"jetpack_sharing_enabled":true,"jetpack_likes_enabled":false,"_links":{"self":[{"href":"https:\/\/www.sinalarte.pt\/v1\/wp-json\/wp\/v2\/product\/8418","targetHints":{"allow":["GET"]}}],"collection":[{"href":"https:\/\/www.sinalarte.pt\/v1\/wp-json\/wp\/v2\/product"}],"about":[{"href":"https:\/\/www.sinalarte.pt\/v1\/wp-json\/wp\/v2\/types\/product"}],"version-history":[{"count":7,"href":"https:\/\/www.sinalarte.pt\/v1\/wp-json\/wp\/v2\/product\/8418\/revisions"}],"predecessor-version":[{"id":12207,"href":"https:\/\/www.sinalarte.pt\/v1\/wp-json\/wp\/v2\/product\/8418\/revisions\/12207"}],"wp:featuredmedia":[{"embeddable":true,"href":"https:\/\/www.sinalarte.pt\/v1\/wp-json\/wp\/v2\/media\/8419"}],"wp:attachment":[{"href":"https:\/\/www.sinalarte.pt\/v1\/wp-json\/wp\/v2\/media?parent=8418"}],"wp:term":[{"taxonomy":"product_brand","embeddable":true,"href":"https:\/\/www.sinalarte.pt\/v1\/wp-json\/wp\/v2\/product_brand?post=8418"},{"taxonomy":"product_cat","embeddable":true,"href":"https:\/\/www.sinalarte.pt\/v1\/wp-json\/wp\/v2\/product_cat?post=8418"},{"taxonomy":"product_tag","embeddable":true,"href":"https:\/\/www.sinalarte.pt\/v1\/wp-json\/wp\/v2\/product_tag?post=8418"}],"curies":[{"name":"wp","href":"https:\/\/api.w.org\/{rel}","templated":true}]}}