{"id":4703,"date":"2020-05-20T17:00:17","date_gmt":"2020-05-20T16:00:17","guid":{"rendered":"https:\/\/www.sinalarte.pt\/v1\/?post_type=product&#038;p=4703"},"modified":"2024-02-19T12:10:51","modified_gmt":"2024-02-19T12:10:51","slug":"mupi-serie-canino","status":"publish","type":"product","link":"https:\/\/www.sinalarte.pt\/v1\/produtos\/mupi-serie-canino\/","title":{"rendered":"S\u00e9rie Totem Canino"},"content":{"rendered":"","protected":false},"excerpt":{"rendered":"<p>Mupi com identifica\u00e7\u00e3o da empresa ou do munic\u00edpio e sinaliza\u00e7\u00e3o referente aos cuidados a ter com os dejetos caninos<br \/>\nEstrutura em alum\u00ednio<br \/>\nDecora\u00e7\u00e3o em vinil ou em impress\u00e3o digital<br \/>\nDimens\u00f5es vari\u00e1veis.<\/p>\n<p><strong>Obs.:<\/strong>\u00a0Para pedido de cota\u00e7\u00e3o contactar atrav\u00e9s do e-mail\u00a0<a href=\"mailto:comercial@sinalarte.pt\"><strong>comercial@sinalarte.pt<\/strong><\/a><\/p>\n","protected":false},"featured_media":8528,"template":"","meta":[],"product_brand":[],"product_cat":[147],"product_tag":[403,404],"class_list":{"0":"post-4703","1":"product","2":"type-product","3":"status-publish","4":"has-post-thumbnail","6":"product_cat-mupis","7":"product_tag-mupis","8":"product_tag-totem","10":"first","11":"instock","12":"shipping-taxable","13":"product-type-simple"},"yoast_head":"<!-- This site is optimized with the Yoast SEO plugin v26.6 - https:\/\/yoast.com\/wordpress\/plugins\/seo\/ -->\n<title>S\u00e9rie Totem Canino - Sinalarte<\/title>\n<meta name=\"description\" content=\"Mupi com identifica\u00e7\u00e3o, que alerta aos cuidados a ter com os dejetos caninos. Estrutura em alum\u00ednio com decora\u00e7\u00e3o em vinil ou em impress\u00e3o digital.\" \/>\n<meta name=\"robots\" content=\"index, follow, max-snippet:-1, max-image-preview:large, max-video-preview:-1\" \/>\n<link rel=\"canonical\" href=\"https:\/\/www.sinalarte.pt\/v1\/produtos\/mupi-serie-canino\/\" \/>\n<meta property=\"og:locale\" content=\"pt_PT\" \/>\n<meta property=\"og:type\" content=\"article\" \/>\n<meta property=\"og:title\" content=\"S\u00e9rie Totem Canino - Sinalarte\" \/>\n<meta property=\"og:description\" content=\"Mupi com identifica\u00e7\u00e3o, que alerta aos cuidados a ter com os dejetos caninos. Estrutura em alum\u00ednio com decora\u00e7\u00e3o em vinil ou em impress\u00e3o digital.\" \/>\n<meta property=\"og:url\" content=\"https:\/\/www.sinalarte.pt\/v1\/produtos\/mupi-serie-canino\/\" \/>\n<meta property=\"og:site_name\" content=\"Sinalarte\" \/>\n<meta property=\"article:publisher\" content=\"https:\/\/www.facebook.com\/Sinalarte\/\" \/>\n<meta property=\"article:modified_time\" content=\"2024-02-19T12:10:51+00:00\" \/>\n<meta property=\"og:image\" content=\"https:\/\/www.sinalarte.pt\/v1\/wp-content\/uploads\/2020\/05\/Serie_Canino.png\" \/>\n\t<meta property=\"og:image:width\" content=\"626\" \/>\n\t<meta property=\"og:image:height\" content=\"626\" \/>\n\t<meta property=\"og:image:type\" content=\"image\/png\" \/>\n<meta name=\"twitter:card\" content=\"summary_large_image\" \/>\n<meta name=\"twitter:label1\" content=\"Tempo estimado de leitura\" \/>\n\t<meta name=\"twitter:data1\" content=\"1 minuto\" \/>\n<script type=\"application\/ld+json\" class=\"yoast-schema-graph\">{\"@context\":\"https:\/\/schema.org\",\"@graph\":[{\"@type\":\"WebPage\",\"@id\":\"https:\/\/www.sinalarte.pt\/v1\/produtos\/mupi-serie-canino\/\",\"url\":\"https:\/\/www.sinalarte.pt\/v1\/produtos\/mupi-serie-canino\/\",\"name\":\"S\u00e9rie Totem Canino - Sinalarte\",\"isPartOf\":{\"@id\":\"https:\/\/www.sinalarte.pt\/v1\/#website\"},\"primaryImageOfPage\":{\"@id\":\"https:\/\/www.sinalarte.pt\/v1\/produtos\/mupi-serie-canino\/#primaryimage\"},\"image\":{\"@id\":\"https:\/\/www.sinalarte.pt\/v1\/produtos\/mupi-serie-canino\/#primaryimage\"},\"thumbnailUrl\":\"https:\/\/i0.wp.com\/www.sinalarte.pt\/v1\/wp-content\/uploads\/2020\/05\/Serie_Canino.png?fit=626%2C626&ssl=1\",\"datePublished\":\"2020-05-20T16:00:17+00:00\",\"dateModified\":\"2024-02-19T12:10:51+00:00\",\"description\":\"Mupi com identifica\u00e7\u00e3o, que alerta aos cuidados a ter com os dejetos caninos. Estrutura em alum\u00ednio com decora\u00e7\u00e3o em vinil ou em impress\u00e3o digital.\",\"breadcrumb\":{\"@id\":\"https:\/\/www.sinalarte.pt\/v1\/produtos\/mupi-serie-canino\/#breadcrumb\"},\"inLanguage\":\"pt-PT\",\"potentialAction\":[{\"@type\":\"ReadAction\",\"target\":[\"https:\/\/www.sinalarte.pt\/v1\/produtos\/mupi-serie-canino\/\"]}]},{\"@type\":\"ImageObject\",\"inLanguage\":\"pt-PT\",\"@id\":\"https:\/\/www.sinalarte.pt\/v1\/produtos\/mupi-serie-canino\/#primaryimage\",\"url\":\"https:\/\/i0.wp.com\/www.sinalarte.pt\/v1\/wp-content\/uploads\/2020\/05\/Serie_Canino.png?fit=626%2C626&ssl=1\",\"contentUrl\":\"https:\/\/i0.wp.com\/www.sinalarte.pt\/v1\/wp-content\/uploads\/2020\/05\/Serie_Canino.png?fit=626%2C626&ssl=1\",\"width\":626,\"height\":626,\"caption\":\"S\u00e9rie Canino\"},{\"@type\":\"BreadcrumbList\",\"@id\":\"https:\/\/www.sinalarte.pt\/v1\/produtos\/mupi-serie-canino\/#breadcrumb\",\"itemListElement\":[{\"@type\":\"ListItem\",\"position\":1,\"name\":\"Home\",\"item\":\"https:\/\/www.sinalarte.pt\/v1\/\"},{\"@type\":\"ListItem\",\"position\":2,\"name\":\"Produtos\",\"item\":\"https:\/\/www.sinalarte.pt\/v1\/produtos\/\"},{\"@type\":\"ListItem\",\"position\":3,\"name\":\"Mobili\u00e1rio Urbano\",\"item\":\"https:\/\/www.sinalarte.pt\/v1\/categoria-produto\/urbanart\/\"},{\"@type\":\"ListItem\",\"position\":4,\"name\":\"Mupis\",\"item\":\"https:\/\/www.sinalarte.pt\/v1\/categoria-produto\/urbanart\/mupis\/\"},{\"@type\":\"ListItem\",\"position\":5,\"name\":\"S\u00e9rie Totem Canino\"}]},{\"@type\":\"WebSite\",\"@id\":\"https:\/\/www.sinalarte.pt\/v1\/#website\",\"url\":\"https:\/\/www.sinalarte.pt\/v1\/\",\"name\":\"Sinalarte\",\"description\":\"Ind\u00fastria de Sinaliza\u00e7\u00e3o\",\"publisher\":{\"@id\":\"https:\/\/www.sinalarte.pt\/v1\/#organization\"},\"potentialAction\":[{\"@type\":\"SearchAction\",\"target\":{\"@type\":\"EntryPoint\",\"urlTemplate\":\"https:\/\/www.sinalarte.pt\/v1\/?s={search_term_string}\"},\"query-input\":{\"@type\":\"PropertyValueSpecification\",\"valueRequired\":true,\"valueName\":\"search_term_string\"}}],\"inLanguage\":\"pt-PT\"},{\"@type\":\"Organization\",\"@id\":\"https:\/\/www.sinalarte.pt\/v1\/#organization\",\"name\":\"Sinalarte\",\"alternateName\":\"Ind\u00fastria de Sinaliza\u00e7\u00e3o\",\"url\":\"https:\/\/www.sinalarte.pt\/v1\/\",\"logo\":{\"@type\":\"ImageObject\",\"inLanguage\":\"pt-PT\",\"@id\":\"https:\/\/www.sinalarte.pt\/v1\/#\/schema\/logo\/image\/\",\"url\":\"https:\/\/i0.wp.com\/www.sinalarte.pt\/v1\/wp-content\/uploads\/2020\/09\/logo_sinalarte.png?fit=180%2C100&ssl=1\",\"contentUrl\":\"https:\/\/i0.wp.com\/www.sinalarte.pt\/v1\/wp-content\/uploads\/2020\/09\/logo_sinalarte.png?fit=180%2C100&ssl=1\",\"width\":180,\"height\":100,\"caption\":\"Sinalarte\"},\"image\":{\"@id\":\"https:\/\/www.sinalarte.pt\/v1\/#\/schema\/logo\/image\/\"},\"sameAs\":[\"https:\/\/www.facebook.com\/Sinalarte\/\",\"https:\/\/www.instagram.com\/sinalarte\/\",\"https:\/\/www.linkedin.com\/company\/sinalart\",\"https:\/\/www.youtube.com\/user\/SinalArte\"]}]}<\/script>\n<!-- \/ Yoast SEO plugin. -->","yoast_head_json":{"title":"S\u00e9rie Totem Canino - Sinalarte","description":"Mupi com identifica\u00e7\u00e3o, que alerta aos cuidados a ter com os dejetos caninos. Estrutura em alum\u00ednio com decora\u00e7\u00e3o em vinil ou em impress\u00e3o digital.","robots":{"index":"index","follow":"follow","max-snippet":"max-snippet:-1","max-image-preview":"max-image-preview:large","max-video-preview":"max-video-preview:-1"},"canonical":"https:\/\/www.sinalarte.pt\/v1\/produtos\/mupi-serie-canino\/","og_locale":"pt_PT","og_type":"article","og_title":"S\u00e9rie Totem Canino - Sinalarte","og_description":"Mupi com identifica\u00e7\u00e3o, que alerta aos cuidados a ter com os dejetos caninos. Estrutura em alum\u00ednio com decora\u00e7\u00e3o em vinil ou em impress\u00e3o digital.","og_url":"https:\/\/www.sinalarte.pt\/v1\/produtos\/mupi-serie-canino\/","og_site_name":"Sinalarte","article_publisher":"https:\/\/www.facebook.com\/Sinalarte\/","article_modified_time":"2024-02-19T12:10:51+00:00","og_image":[{"width":626,"height":626,"url":"https:\/\/www.sinalarte.pt\/v1\/wp-content\/uploads\/2020\/05\/Serie_Canino.png","type":"image\/png"}],"twitter_card":"summary_large_image","twitter_misc":{"Tempo estimado de leitura":"1 minuto"},"schema":{"@context":"https:\/\/schema.org","@graph":[{"@type":"WebPage","@id":"https:\/\/www.sinalarte.pt\/v1\/produtos\/mupi-serie-canino\/","url":"https:\/\/www.sinalarte.pt\/v1\/produtos\/mupi-serie-canino\/","name":"S\u00e9rie Totem Canino - Sinalarte","isPartOf":{"@id":"https:\/\/www.sinalarte.pt\/v1\/#website"},"primaryImageOfPage":{"@id":"https:\/\/www.sinalarte.pt\/v1\/produtos\/mupi-serie-canino\/#primaryimage"},"image":{"@id":"https:\/\/www.sinalarte.pt\/v1\/produtos\/mupi-serie-canino\/#primaryimage"},"thumbnailUrl":"https:\/\/i0.wp.com\/www.sinalarte.pt\/v1\/wp-content\/uploads\/2020\/05\/Serie_Canino.png?fit=626%2C626&ssl=1","datePublished":"2020-05-20T16:00:17+00:00","dateModified":"2024-02-19T12:10:51+00:00","description":"Mupi com identifica\u00e7\u00e3o, que alerta aos cuidados a ter com os dejetos caninos. Estrutura em alum\u00ednio com decora\u00e7\u00e3o em vinil ou em impress\u00e3o digital.","breadcrumb":{"@id":"https:\/\/www.sinalarte.pt\/v1\/produtos\/mupi-serie-canino\/#breadcrumb"},"inLanguage":"pt-PT","potentialAction":[{"@type":"ReadAction","target":["https:\/\/www.sinalarte.pt\/v1\/produtos\/mupi-serie-canino\/"]}]},{"@type":"ImageObject","inLanguage":"pt-PT","@id":"https:\/\/www.sinalarte.pt\/v1\/produtos\/mupi-serie-canino\/#primaryimage","url":"https:\/\/i0.wp.com\/www.sinalarte.pt\/v1\/wp-content\/uploads\/2020\/05\/Serie_Canino.png?fit=626%2C626&ssl=1","contentUrl":"https:\/\/i0.wp.com\/www.sinalarte.pt\/v1\/wp-content\/uploads\/2020\/05\/Serie_Canino.png?fit=626%2C626&ssl=1","width":626,"height":626,"caption":"S\u00e9rie Canino"},{"@type":"BreadcrumbList","@id":"https:\/\/www.sinalarte.pt\/v1\/produtos\/mupi-serie-canino\/#breadcrumb","itemListElement":[{"@type":"ListItem","position":1,"name":"Home","item":"https:\/\/www.sinalarte.pt\/v1\/"},{"@type":"ListItem","position":2,"name":"Produtos","item":"https:\/\/www.sinalarte.pt\/v1\/produtos\/"},{"@type":"ListItem","position":3,"name":"Mobili\u00e1rio Urbano","item":"https:\/\/www.sinalarte.pt\/v1\/categoria-produto\/urbanart\/"},{"@type":"ListItem","position":4,"name":"Mupis","item":"https:\/\/www.sinalarte.pt\/v1\/categoria-produto\/urbanart\/mupis\/"},{"@type":"ListItem","position":5,"name":"S\u00e9rie Totem Canino"}]},{"@type":"WebSite","@id":"https:\/\/www.sinalarte.pt\/v1\/#website","url":"https:\/\/www.sinalarte.pt\/v1\/","name":"Sinalarte","description":"Ind\u00fastria de Sinaliza\u00e7\u00e3o","publisher":{"@id":"https:\/\/www.sinalarte.pt\/v1\/#organization"},"potentialAction":[{"@type":"SearchAction","target":{"@type":"EntryPoint","urlTemplate":"https:\/\/www.sinalarte.pt\/v1\/?s={search_term_string}"},"query-input":{"@type":"PropertyValueSpecification","valueRequired":true,"valueName":"search_term_string"}}],"inLanguage":"pt-PT"},{"@type":"Organization","@id":"https:\/\/www.sinalarte.pt\/v1\/#organization","name":"Sinalarte","alternateName":"Ind\u00fastria de Sinaliza\u00e7\u00e3o","url":"https:\/\/www.sinalarte.pt\/v1\/","logo":{"@type":"ImageObject","inLanguage":"pt-PT","@id":"https:\/\/www.sinalarte.pt\/v1\/#\/schema\/logo\/image\/","url":"https:\/\/i0.wp.com\/www.sinalarte.pt\/v1\/wp-content\/uploads\/2020\/09\/logo_sinalarte.png?fit=180%2C100&ssl=1","contentUrl":"https:\/\/i0.wp.com\/www.sinalarte.pt\/v1\/wp-content\/uploads\/2020\/09\/logo_sinalarte.png?fit=180%2C100&ssl=1","width":180,"height":100,"caption":"Sinalarte"},"image":{"@id":"https:\/\/www.sinalarte.pt\/v1\/#\/schema\/logo\/image\/"},"sameAs":["https:\/\/www.facebook.com\/Sinalarte\/","https:\/\/www.instagram.com\/sinalarte\/","https:\/\/www.linkedin.com\/company\/sinalart","https:\/\/www.youtube.com\/user\/SinalArte"]}]}},"jetpack_sharing_enabled":true,"jetpack_likes_enabled":false,"_links":{"self":[{"href":"https:\/\/www.sinalarte.pt\/v1\/wp-json\/wp\/v2\/product\/4703","targetHints":{"allow":["GET"]}}],"collection":[{"href":"https:\/\/www.sinalarte.pt\/v1\/wp-json\/wp\/v2\/product"}],"about":[{"href":"https:\/\/www.sinalarte.pt\/v1\/wp-json\/wp\/v2\/types\/product"}],"version-history":[{"count":10,"href":"https:\/\/www.sinalarte.pt\/v1\/wp-json\/wp\/v2\/product\/4703\/revisions"}],"predecessor-version":[{"id":12716,"href":"https:\/\/www.sinalarte.pt\/v1\/wp-json\/wp\/v2\/product\/4703\/revisions\/12716"}],"wp:featuredmedia":[{"embeddable":true,"href":"https:\/\/www.sinalarte.pt\/v1\/wp-json\/wp\/v2\/media\/8528"}],"wp:attachment":[{"href":"https:\/\/www.sinalarte.pt\/v1\/wp-json\/wp\/v2\/media?parent=4703"}],"wp:term":[{"taxonomy":"product_brand","embeddable":true,"href":"https:\/\/www.sinalarte.pt\/v1\/wp-json\/wp\/v2\/product_brand?post=4703"},{"taxonomy":"product_cat","embeddable":true,"href":"https:\/\/www.sinalarte.pt\/v1\/wp-json\/wp\/v2\/product_cat?post=4703"},{"taxonomy":"product_tag","embeddable":true,"href":"https:\/\/www.sinalarte.pt\/v1\/wp-json\/wp\/v2\/product_tag?post=4703"}],"curies":[{"name":"wp","href":"https:\/\/api.w.org\/{rel}","templated":true}]}}