{"id":4027,"date":"2020-05-12T11:24:52","date_gmt":"2020-05-12T10:24:52","guid":{"rendered":"https:\/\/www.sinalarte.pt\/v1\/?post_type=product&#038;p=4027"},"modified":"2024-07-25T17:10:17","modified_gmt":"2024-07-25T16:10:17","slug":"abracadeira-redonda-normal-lisa","status":"publish","type":"product","link":"https:\/\/www.sinalarte.pt\/v1\/produtos\/abracadeira-redonda-normal-lisa\/","title":{"rendered":"Abra\u00e7adeira redonda normal aba direita"},"content":{"rendered":"","protected":false},"excerpt":{"rendered":"<p>Abra\u00e7adeira com sistema antirrota\u00e7\u00e3o<br \/>\nAplica\u00e7\u00e3o em sinais galvanizados triangulares sem corredi\u00e7a<\/p>\n<h6><\/h6>\n","protected":false},"featured_media":13171,"template":"","meta":[],"product_brand":[],"product_cat":[141],"product_tag":[],"class_list":{"0":"post-4027","1":"product","2":"type-product","3":"status-publish","4":"has-post-thumbnail","6":"product_cat-acessorios","8":"first","9":"instock","10":"shipping-taxable","11":"purchasable","12":"product-type-variable"},"yoast_head":"<!-- This site is optimized with the Yoast SEO plugin v26.6 - https:\/\/yoast.com\/wordpress\/plugins\/seo\/ -->\n<title>Abra\u00e7adeira redonda normal aba direita - Sinalarte<\/title>\n<meta name=\"description\" content=\"Abra\u00e7adeira com sistema antirrota\u00e7\u00e3o. Aplica\u00e7\u00e3o em sinais galvanizados triangulares sem corredi\u00e7a.\" \/>\n<meta name=\"robots\" content=\"index, follow, max-snippet:-1, max-image-preview:large, max-video-preview:-1\" \/>\n<link rel=\"canonical\" href=\"https:\/\/www.sinalarte.pt\/v1\/produtos\/abracadeira-redonda-normal-lisa\/\" \/>\n<meta property=\"og:locale\" content=\"pt_PT\" \/>\n<meta property=\"og:type\" content=\"article\" \/>\n<meta property=\"og:title\" content=\"Abra\u00e7adeira redonda normal aba direita - Sinalarte\" \/>\n<meta property=\"og:description\" content=\"Abra\u00e7adeira com sistema antirrota\u00e7\u00e3o. Aplica\u00e7\u00e3o em sinais galvanizados triangulares sem corredi\u00e7a.\" \/>\n<meta property=\"og:url\" content=\"https:\/\/www.sinalarte.pt\/v1\/produtos\/abracadeira-redonda-normal-lisa\/\" \/>\n<meta property=\"og:site_name\" content=\"Sinalarte\" \/>\n<meta property=\"article:publisher\" content=\"https:\/\/www.facebook.com\/Sinalarte\/\" \/>\n<meta property=\"article:modified_time\" content=\"2024-07-25T16:10:17+00:00\" \/>\n<meta property=\"og:image\" content=\"https:\/\/www.sinalarte.pt\/v1\/wp-content\/uploads\/2020\/05\/Abracadeira-redonda-normal-01.png\" \/>\n\t<meta property=\"og:image:width\" content=\"984\" \/>\n\t<meta property=\"og:image:height\" content=\"984\" \/>\n\t<meta property=\"og:image:type\" content=\"image\/png\" \/>\n<meta name=\"twitter:card\" content=\"summary_large_image\" \/>\n<meta name=\"twitter:label1\" content=\"Tempo estimado de leitura\" \/>\n\t<meta name=\"twitter:data1\" content=\"1 minuto\" \/>\n<script type=\"application\/ld+json\" class=\"yoast-schema-graph\">{\"@context\":\"https:\/\/schema.org\",\"@graph\":[{\"@type\":\"WebPage\",\"@id\":\"https:\/\/www.sinalarte.pt\/v1\/produtos\/abracadeira-redonda-normal-lisa\/\",\"url\":\"https:\/\/www.sinalarte.pt\/v1\/produtos\/abracadeira-redonda-normal-lisa\/\",\"name\":\"Abra\u00e7adeira redonda normal aba direita - Sinalarte\",\"isPartOf\":{\"@id\":\"https:\/\/www.sinalarte.pt\/v1\/#website\"},\"primaryImageOfPage\":{\"@id\":\"https:\/\/www.sinalarte.pt\/v1\/produtos\/abracadeira-redonda-normal-lisa\/#primaryimage\"},\"image\":{\"@id\":\"https:\/\/www.sinalarte.pt\/v1\/produtos\/abracadeira-redonda-normal-lisa\/#primaryimage\"},\"thumbnailUrl\":\"https:\/\/i0.wp.com\/www.sinalarte.pt\/v1\/wp-content\/uploads\/2020\/05\/Abracadeira-redonda-normal-01.png?fit=984%2C984&ssl=1\",\"datePublished\":\"2020-05-12T10:24:52+00:00\",\"dateModified\":\"2024-07-25T16:10:17+00:00\",\"description\":\"Abra\u00e7adeira com sistema antirrota\u00e7\u00e3o. Aplica\u00e7\u00e3o em sinais galvanizados triangulares sem corredi\u00e7a.\",\"breadcrumb\":{\"@id\":\"https:\/\/www.sinalarte.pt\/v1\/produtos\/abracadeira-redonda-normal-lisa\/#breadcrumb\"},\"inLanguage\":\"pt-PT\",\"potentialAction\":[{\"@type\":\"ReadAction\",\"target\":[\"https:\/\/www.sinalarte.pt\/v1\/produtos\/abracadeira-redonda-normal-lisa\/\"]}]},{\"@type\":\"ImageObject\",\"inLanguage\":\"pt-PT\",\"@id\":\"https:\/\/www.sinalarte.pt\/v1\/produtos\/abracadeira-redonda-normal-lisa\/#primaryimage\",\"url\":\"https:\/\/i0.wp.com\/www.sinalarte.pt\/v1\/wp-content\/uploads\/2020\/05\/Abracadeira-redonda-normal-01.png?fit=984%2C984&ssl=1\",\"contentUrl\":\"https:\/\/i0.wp.com\/www.sinalarte.pt\/v1\/wp-content\/uploads\/2020\/05\/Abracadeira-redonda-normal-01.png?fit=984%2C984&ssl=1\",\"width\":984,\"height\":984},{\"@type\":\"BreadcrumbList\",\"@id\":\"https:\/\/www.sinalarte.pt\/v1\/produtos\/abracadeira-redonda-normal-lisa\/#breadcrumb\",\"itemListElement\":[{\"@type\":\"ListItem\",\"position\":1,\"name\":\"Home\",\"item\":\"https:\/\/www.sinalarte.pt\/v1\/\"},{\"@type\":\"ListItem\",\"position\":2,\"name\":\"Produtos\",\"item\":\"https:\/\/www.sinalarte.pt\/v1\/produtos\/\"},{\"@type\":\"ListItem\",\"position\":3,\"name\":\"Sinaliza\u00e7\u00e3o Vertical\",\"item\":\"https:\/\/www.sinalarte.pt\/v1\/categoria-produto\/sinalizacao-vertical\/\"},{\"@type\":\"ListItem\",\"position\":4,\"name\":\"Acess\u00f3rios\",\"item\":\"https:\/\/www.sinalarte.pt\/v1\/categoria-produto\/sinalizacao-vertical\/acessorios\/\"},{\"@type\":\"ListItem\",\"position\":5,\"name\":\"Abra\u00e7adeira redonda normal aba direita\"}]},{\"@type\":\"WebSite\",\"@id\":\"https:\/\/www.sinalarte.pt\/v1\/#website\",\"url\":\"https:\/\/www.sinalarte.pt\/v1\/\",\"name\":\"Sinalarte\",\"description\":\"Ind\u00fastria de Sinaliza\u00e7\u00e3o\",\"publisher\":{\"@id\":\"https:\/\/www.sinalarte.pt\/v1\/#organization\"},\"potentialAction\":[{\"@type\":\"SearchAction\",\"target\":{\"@type\":\"EntryPoint\",\"urlTemplate\":\"https:\/\/www.sinalarte.pt\/v1\/?s={search_term_string}\"},\"query-input\":{\"@type\":\"PropertyValueSpecification\",\"valueRequired\":true,\"valueName\":\"search_term_string\"}}],\"inLanguage\":\"pt-PT\"},{\"@type\":\"Organization\",\"@id\":\"https:\/\/www.sinalarte.pt\/v1\/#organization\",\"name\":\"Sinalarte\",\"alternateName\":\"Ind\u00fastria de Sinaliza\u00e7\u00e3o\",\"url\":\"https:\/\/www.sinalarte.pt\/v1\/\",\"logo\":{\"@type\":\"ImageObject\",\"inLanguage\":\"pt-PT\",\"@id\":\"https:\/\/www.sinalarte.pt\/v1\/#\/schema\/logo\/image\/\",\"url\":\"https:\/\/i0.wp.com\/www.sinalarte.pt\/v1\/wp-content\/uploads\/2020\/09\/logo_sinalarte.png?fit=180%2C100&ssl=1\",\"contentUrl\":\"https:\/\/i0.wp.com\/www.sinalarte.pt\/v1\/wp-content\/uploads\/2020\/09\/logo_sinalarte.png?fit=180%2C100&ssl=1\",\"width\":180,\"height\":100,\"caption\":\"Sinalarte\"},\"image\":{\"@id\":\"https:\/\/www.sinalarte.pt\/v1\/#\/schema\/logo\/image\/\"},\"sameAs\":[\"https:\/\/www.facebook.com\/Sinalarte\/\",\"https:\/\/www.instagram.com\/sinalarte\/\",\"https:\/\/www.linkedin.com\/company\/sinalart\",\"https:\/\/www.youtube.com\/user\/SinalArte\"]}]}<\/script>\n<!-- \/ Yoast SEO plugin. -->","yoast_head_json":{"title":"Abra\u00e7adeira redonda normal aba direita - Sinalarte","description":"Abra\u00e7adeira com sistema antirrota\u00e7\u00e3o. Aplica\u00e7\u00e3o em sinais galvanizados triangulares sem corredi\u00e7a.","robots":{"index":"index","follow":"follow","max-snippet":"max-snippet:-1","max-image-preview":"max-image-preview:large","max-video-preview":"max-video-preview:-1"},"canonical":"https:\/\/www.sinalarte.pt\/v1\/produtos\/abracadeira-redonda-normal-lisa\/","og_locale":"pt_PT","og_type":"article","og_title":"Abra\u00e7adeira redonda normal aba direita - Sinalarte","og_description":"Abra\u00e7adeira com sistema antirrota\u00e7\u00e3o. Aplica\u00e7\u00e3o em sinais galvanizados triangulares sem corredi\u00e7a.","og_url":"https:\/\/www.sinalarte.pt\/v1\/produtos\/abracadeira-redonda-normal-lisa\/","og_site_name":"Sinalarte","article_publisher":"https:\/\/www.facebook.com\/Sinalarte\/","article_modified_time":"2024-07-25T16:10:17+00:00","og_image":[{"width":984,"height":984,"url":"https:\/\/www.sinalarte.pt\/v1\/wp-content\/uploads\/2020\/05\/Abracadeira-redonda-normal-01.png","type":"image\/png"}],"twitter_card":"summary_large_image","twitter_misc":{"Tempo estimado de leitura":"1 minuto"},"schema":{"@context":"https:\/\/schema.org","@graph":[{"@type":"WebPage","@id":"https:\/\/www.sinalarte.pt\/v1\/produtos\/abracadeira-redonda-normal-lisa\/","url":"https:\/\/www.sinalarte.pt\/v1\/produtos\/abracadeira-redonda-normal-lisa\/","name":"Abra\u00e7adeira redonda normal aba direita - Sinalarte","isPartOf":{"@id":"https:\/\/www.sinalarte.pt\/v1\/#website"},"primaryImageOfPage":{"@id":"https:\/\/www.sinalarte.pt\/v1\/produtos\/abracadeira-redonda-normal-lisa\/#primaryimage"},"image":{"@id":"https:\/\/www.sinalarte.pt\/v1\/produtos\/abracadeira-redonda-normal-lisa\/#primaryimage"},"thumbnailUrl":"https:\/\/i0.wp.com\/www.sinalarte.pt\/v1\/wp-content\/uploads\/2020\/05\/Abracadeira-redonda-normal-01.png?fit=984%2C984&ssl=1","datePublished":"2020-05-12T10:24:52+00:00","dateModified":"2024-07-25T16:10:17+00:00","description":"Abra\u00e7adeira com sistema antirrota\u00e7\u00e3o. Aplica\u00e7\u00e3o em sinais galvanizados triangulares sem corredi\u00e7a.","breadcrumb":{"@id":"https:\/\/www.sinalarte.pt\/v1\/produtos\/abracadeira-redonda-normal-lisa\/#breadcrumb"},"inLanguage":"pt-PT","potentialAction":[{"@type":"ReadAction","target":["https:\/\/www.sinalarte.pt\/v1\/produtos\/abracadeira-redonda-normal-lisa\/"]}]},{"@type":"ImageObject","inLanguage":"pt-PT","@id":"https:\/\/www.sinalarte.pt\/v1\/produtos\/abracadeira-redonda-normal-lisa\/#primaryimage","url":"https:\/\/i0.wp.com\/www.sinalarte.pt\/v1\/wp-content\/uploads\/2020\/05\/Abracadeira-redonda-normal-01.png?fit=984%2C984&ssl=1","contentUrl":"https:\/\/i0.wp.com\/www.sinalarte.pt\/v1\/wp-content\/uploads\/2020\/05\/Abracadeira-redonda-normal-01.png?fit=984%2C984&ssl=1","width":984,"height":984},{"@type":"BreadcrumbList","@id":"https:\/\/www.sinalarte.pt\/v1\/produtos\/abracadeira-redonda-normal-lisa\/#breadcrumb","itemListElement":[{"@type":"ListItem","position":1,"name":"Home","item":"https:\/\/www.sinalarte.pt\/v1\/"},{"@type":"ListItem","position":2,"name":"Produtos","item":"https:\/\/www.sinalarte.pt\/v1\/produtos\/"},{"@type":"ListItem","position":3,"name":"Sinaliza\u00e7\u00e3o Vertical","item":"https:\/\/www.sinalarte.pt\/v1\/categoria-produto\/sinalizacao-vertical\/"},{"@type":"ListItem","position":4,"name":"Acess\u00f3rios","item":"https:\/\/www.sinalarte.pt\/v1\/categoria-produto\/sinalizacao-vertical\/acessorios\/"},{"@type":"ListItem","position":5,"name":"Abra\u00e7adeira redonda normal aba direita"}]},{"@type":"WebSite","@id":"https:\/\/www.sinalarte.pt\/v1\/#website","url":"https:\/\/www.sinalarte.pt\/v1\/","name":"Sinalarte","description":"Ind\u00fastria de Sinaliza\u00e7\u00e3o","publisher":{"@id":"https:\/\/www.sinalarte.pt\/v1\/#organization"},"potentialAction":[{"@type":"SearchAction","target":{"@type":"EntryPoint","urlTemplate":"https:\/\/www.sinalarte.pt\/v1\/?s={search_term_string}"},"query-input":{"@type":"PropertyValueSpecification","valueRequired":true,"valueName":"search_term_string"}}],"inLanguage":"pt-PT"},{"@type":"Organization","@id":"https:\/\/www.sinalarte.pt\/v1\/#organization","name":"Sinalarte","alternateName":"Ind\u00fastria de Sinaliza\u00e7\u00e3o","url":"https:\/\/www.sinalarte.pt\/v1\/","logo":{"@type":"ImageObject","inLanguage":"pt-PT","@id":"https:\/\/www.sinalarte.pt\/v1\/#\/schema\/logo\/image\/","url":"https:\/\/i0.wp.com\/www.sinalarte.pt\/v1\/wp-content\/uploads\/2020\/09\/logo_sinalarte.png?fit=180%2C100&ssl=1","contentUrl":"https:\/\/i0.wp.com\/www.sinalarte.pt\/v1\/wp-content\/uploads\/2020\/09\/logo_sinalarte.png?fit=180%2C100&ssl=1","width":180,"height":100,"caption":"Sinalarte"},"image":{"@id":"https:\/\/www.sinalarte.pt\/v1\/#\/schema\/logo\/image\/"},"sameAs":["https:\/\/www.facebook.com\/Sinalarte\/","https:\/\/www.instagram.com\/sinalarte\/","https:\/\/www.linkedin.com\/company\/sinalart","https:\/\/www.youtube.com\/user\/SinalArte"]}]}},"jetpack_sharing_enabled":true,"jetpack_likes_enabled":false,"_links":{"self":[{"href":"https:\/\/www.sinalarte.pt\/v1\/wp-json\/wp\/v2\/product\/4027","targetHints":{"allow":["GET"]}}],"collection":[{"href":"https:\/\/www.sinalarte.pt\/v1\/wp-json\/wp\/v2\/product"}],"about":[{"href":"https:\/\/www.sinalarte.pt\/v1\/wp-json\/wp\/v2\/types\/product"}],"version-history":[{"count":7,"href":"https:\/\/www.sinalarte.pt\/v1\/wp-json\/wp\/v2\/product\/4027\/revisions"}],"predecessor-version":[{"id":13173,"href":"https:\/\/www.sinalarte.pt\/v1\/wp-json\/wp\/v2\/product\/4027\/revisions\/13173"}],"wp:featuredmedia":[{"embeddable":true,"href":"https:\/\/www.sinalarte.pt\/v1\/wp-json\/wp\/v2\/media\/13171"}],"wp:attachment":[{"href":"https:\/\/www.sinalarte.pt\/v1\/wp-json\/wp\/v2\/media?parent=4027"}],"wp:term":[{"taxonomy":"product_brand","embeddable":true,"href":"https:\/\/www.sinalarte.pt\/v1\/wp-json\/wp\/v2\/product_brand?post=4027"},{"taxonomy":"product_cat","embeddable":true,"href":"https:\/\/www.sinalarte.pt\/v1\/wp-json\/wp\/v2\/product_cat?post=4027"},{"taxonomy":"product_tag","embeddable":true,"href":"https:\/\/www.sinalarte.pt\/v1\/wp-json\/wp\/v2\/product_tag?post=4027"}],"curies":[{"name":"wp","href":"https:\/\/api.w.org\/{rel}","templated":true}]}}