{"id":3989,"date":"2020-05-11T17:11:32","date_gmt":"2020-05-11T16:11:32","guid":{"rendered":"https:\/\/www.sinalarte.pt\/v1\/?post_type=product&#038;p=3989"},"modified":"2023-10-25T10:17:10","modified_gmt":"2023-10-25T09:17:10","slug":"tv8-st10-circulacao-alternada-1300x1300","status":"publish","type":"product","link":"https:\/\/www.sinalarte.pt\/v1\/produtos\/tv8-st10-circulacao-alternada-1300x1300\/","title":{"rendered":"TV8 (ST10)"},"content":{"rendered":"","protected":false},"excerpt":{"rendered":"<p>Circula\u00e7\u00e3o alternada<\/p>\n<h6>A imagem \u00e9 meramente ilustrativa. Consulte a descri\u00e7\u00e3o do produto.<\/h6>\n","protected":false},"featured_media":8570,"template":"","meta":[],"product_brand":[],"product_cat":[208],"product_tag":[],"class_list":{"0":"post-3989","1":"product","2":"type-product","3":"status-publish","4":"has-post-thumbnail","6":"product_cat-paineis-temporarios-varios","8":"first","9":"instock","10":"shipping-taxable","11":"purchasable","12":"product-type-variable"},"yoast_head":"<!-- This site is optimized with the Yoast SEO plugin v26.6 - https:\/\/yoast.com\/wordpress\/plugins\/seo\/ -->\n<title>TV8 (ST10) - Sinalarte<\/title>\n<meta name=\"robots\" content=\"index, follow, max-snippet:-1, max-image-preview:large, max-video-preview:-1\" \/>\n<link rel=\"canonical\" href=\"https:\/\/www.sinalarte.pt\/v1\/produtos\/tv8-st10-circulacao-alternada-1300x1300\/\" \/>\n<meta property=\"og:locale\" content=\"pt_PT\" \/>\n<meta property=\"og:type\" content=\"article\" \/>\n<meta property=\"og:title\" content=\"TV8 (ST10) - Sinalarte\" \/>\n<meta property=\"og:description\" content=\"Circula\u00e7\u00e3o alternada A imagem \u00e9 meramente ilustrativa. Consulte a descri\u00e7\u00e3o do produto.\" \/>\n<meta property=\"og:url\" content=\"https:\/\/www.sinalarte.pt\/v1\/produtos\/tv8-st10-circulacao-alternada-1300x1300\/\" \/>\n<meta property=\"og:site_name\" content=\"Sinalarte\" \/>\n<meta property=\"article:publisher\" content=\"https:\/\/www.facebook.com\/Sinalarte\/\" \/>\n<meta property=\"article:modified_time\" content=\"2023-10-25T09:17:10+00:00\" \/>\n<meta property=\"og:image\" content=\"https:\/\/www.sinalarte.pt\/v1\/wp-content\/uploads\/2020\/05\/TV8ST10-Circulacao_alternada.png\" \/>\n\t<meta property=\"og:image:width\" content=\"626\" \/>\n\t<meta property=\"og:image:height\" content=\"626\" \/>\n\t<meta property=\"og:image:type\" content=\"image\/png\" \/>\n<meta name=\"twitter:card\" content=\"summary_large_image\" \/>\n<script type=\"application\/ld+json\" class=\"yoast-schema-graph\">{\"@context\":\"https:\/\/schema.org\",\"@graph\":[{\"@type\":\"WebPage\",\"@id\":\"https:\/\/www.sinalarte.pt\/v1\/produtos\/tv8-st10-circulacao-alternada-1300x1300\/\",\"url\":\"https:\/\/www.sinalarte.pt\/v1\/produtos\/tv8-st10-circulacao-alternada-1300x1300\/\",\"name\":\"TV8 (ST10) - Sinalarte\",\"isPartOf\":{\"@id\":\"https:\/\/www.sinalarte.pt\/v1\/#website\"},\"primaryImageOfPage\":{\"@id\":\"https:\/\/www.sinalarte.pt\/v1\/produtos\/tv8-st10-circulacao-alternada-1300x1300\/#primaryimage\"},\"image\":{\"@id\":\"https:\/\/www.sinalarte.pt\/v1\/produtos\/tv8-st10-circulacao-alternada-1300x1300\/#primaryimage\"},\"thumbnailUrl\":\"https:\/\/i0.wp.com\/www.sinalarte.pt\/v1\/wp-content\/uploads\/2020\/05\/TV8ST10-Circulacao_alternada.png?fit=626%2C626&ssl=1\",\"datePublished\":\"2020-05-11T16:11:32+00:00\",\"dateModified\":\"2023-10-25T09:17:10+00:00\",\"breadcrumb\":{\"@id\":\"https:\/\/www.sinalarte.pt\/v1\/produtos\/tv8-st10-circulacao-alternada-1300x1300\/#breadcrumb\"},\"inLanguage\":\"pt-PT\",\"potentialAction\":[{\"@type\":\"ReadAction\",\"target\":[\"https:\/\/www.sinalarte.pt\/v1\/produtos\/tv8-st10-circulacao-alternada-1300x1300\/\"]}]},{\"@type\":\"ImageObject\",\"inLanguage\":\"pt-PT\",\"@id\":\"https:\/\/www.sinalarte.pt\/v1\/produtos\/tv8-st10-circulacao-alternada-1300x1300\/#primaryimage\",\"url\":\"https:\/\/i0.wp.com\/www.sinalarte.pt\/v1\/wp-content\/uploads\/2020\/05\/TV8ST10-Circulacao_alternada.png?fit=626%2C626&ssl=1\",\"contentUrl\":\"https:\/\/i0.wp.com\/www.sinalarte.pt\/v1\/wp-content\/uploads\/2020\/05\/TV8ST10-Circulacao_alternada.png?fit=626%2C626&ssl=1\",\"width\":626,\"height\":626,\"caption\":\"TV8ST10 - Circula\u00e7\u00e3o alternada\"},{\"@type\":\"BreadcrumbList\",\"@id\":\"https:\/\/www.sinalarte.pt\/v1\/produtos\/tv8-st10-circulacao-alternada-1300x1300\/#breadcrumb\",\"itemListElement\":[{\"@type\":\"ListItem\",\"position\":1,\"name\":\"Home\",\"item\":\"https:\/\/www.sinalarte.pt\/v1\/\"},{\"@type\":\"ListItem\",\"position\":2,\"name\":\"Produtos\",\"item\":\"https:\/\/www.sinalarte.pt\/v1\/produtos\/\"},{\"@type\":\"ListItem\",\"position\":3,\"name\":\"Sinaliza\u00e7\u00e3o Vertical\",\"item\":\"https:\/\/www.sinalarte.pt\/v1\/categoria-produto\/sinalizacao-vertical\/\"},{\"@type\":\"ListItem\",\"position\":4,\"name\":\"Sinais Regulamentares\",\"item\":\"https:\/\/www.sinalarte.pt\/v1\/categoria-produto\/sinalizacao-vertical\/sinais-regulamentares\/\"},{\"@type\":\"ListItem\",\"position\":5,\"name\":\"Sinaliza\u00e7\u00e3o Tempor\u00e1ria\",\"item\":\"https:\/\/www.sinalarte.pt\/v1\/categoria-produto\/sinalizacao-vertical\/sinais-regulamentares\/sinalizacao-temporaria\/\"},{\"@type\":\"ListItem\",\"position\":6,\"name\":\"Pain\u00e9is Tempor\u00e1rios V\u00e1rios\",\"item\":\"https:\/\/www.sinalarte.pt\/v1\/categoria-produto\/sinalizacao-vertical\/sinais-regulamentares\/sinalizacao-temporaria\/paineis-temporarios-varios\/\"},{\"@type\":\"ListItem\",\"position\":7,\"name\":\"TV8 (ST10)\"}]},{\"@type\":\"WebSite\",\"@id\":\"https:\/\/www.sinalarte.pt\/v1\/#website\",\"url\":\"https:\/\/www.sinalarte.pt\/v1\/\",\"name\":\"Sinalarte\",\"description\":\"Ind\u00fastria de Sinaliza\u00e7\u00e3o\",\"publisher\":{\"@id\":\"https:\/\/www.sinalarte.pt\/v1\/#organization\"},\"potentialAction\":[{\"@type\":\"SearchAction\",\"target\":{\"@type\":\"EntryPoint\",\"urlTemplate\":\"https:\/\/www.sinalarte.pt\/v1\/?s={search_term_string}\"},\"query-input\":{\"@type\":\"PropertyValueSpecification\",\"valueRequired\":true,\"valueName\":\"search_term_string\"}}],\"inLanguage\":\"pt-PT\"},{\"@type\":\"Organization\",\"@id\":\"https:\/\/www.sinalarte.pt\/v1\/#organization\",\"name\":\"Sinalarte\",\"alternateName\":\"Ind\u00fastria de Sinaliza\u00e7\u00e3o\",\"url\":\"https:\/\/www.sinalarte.pt\/v1\/\",\"logo\":{\"@type\":\"ImageObject\",\"inLanguage\":\"pt-PT\",\"@id\":\"https:\/\/www.sinalarte.pt\/v1\/#\/schema\/logo\/image\/\",\"url\":\"https:\/\/i0.wp.com\/www.sinalarte.pt\/v1\/wp-content\/uploads\/2020\/09\/logo_sinalarte.png?fit=180%2C100&ssl=1\",\"contentUrl\":\"https:\/\/i0.wp.com\/www.sinalarte.pt\/v1\/wp-content\/uploads\/2020\/09\/logo_sinalarte.png?fit=180%2C100&ssl=1\",\"width\":180,\"height\":100,\"caption\":\"Sinalarte\"},\"image\":{\"@id\":\"https:\/\/www.sinalarte.pt\/v1\/#\/schema\/logo\/image\/\"},\"sameAs\":[\"https:\/\/www.facebook.com\/Sinalarte\/\",\"https:\/\/www.instagram.com\/sinalarte\/\",\"https:\/\/www.linkedin.com\/company\/sinalart\",\"https:\/\/www.youtube.com\/user\/SinalArte\"]}]}<\/script>\n<!-- \/ Yoast SEO plugin. -->","yoast_head_json":{"title":"TV8 (ST10) - Sinalarte","robots":{"index":"index","follow":"follow","max-snippet":"max-snippet:-1","max-image-preview":"max-image-preview:large","max-video-preview":"max-video-preview:-1"},"canonical":"https:\/\/www.sinalarte.pt\/v1\/produtos\/tv8-st10-circulacao-alternada-1300x1300\/","og_locale":"pt_PT","og_type":"article","og_title":"TV8 (ST10) - Sinalarte","og_description":"Circula\u00e7\u00e3o alternada A imagem \u00e9 meramente ilustrativa. Consulte a descri\u00e7\u00e3o do produto.","og_url":"https:\/\/www.sinalarte.pt\/v1\/produtos\/tv8-st10-circulacao-alternada-1300x1300\/","og_site_name":"Sinalarte","article_publisher":"https:\/\/www.facebook.com\/Sinalarte\/","article_modified_time":"2023-10-25T09:17:10+00:00","og_image":[{"width":626,"height":626,"url":"https:\/\/www.sinalarte.pt\/v1\/wp-content\/uploads\/2020\/05\/TV8ST10-Circulacao_alternada.png","type":"image\/png"}],"twitter_card":"summary_large_image","schema":{"@context":"https:\/\/schema.org","@graph":[{"@type":"WebPage","@id":"https:\/\/www.sinalarte.pt\/v1\/produtos\/tv8-st10-circulacao-alternada-1300x1300\/","url":"https:\/\/www.sinalarte.pt\/v1\/produtos\/tv8-st10-circulacao-alternada-1300x1300\/","name":"TV8 (ST10) - Sinalarte","isPartOf":{"@id":"https:\/\/www.sinalarte.pt\/v1\/#website"},"primaryImageOfPage":{"@id":"https:\/\/www.sinalarte.pt\/v1\/produtos\/tv8-st10-circulacao-alternada-1300x1300\/#primaryimage"},"image":{"@id":"https:\/\/www.sinalarte.pt\/v1\/produtos\/tv8-st10-circulacao-alternada-1300x1300\/#primaryimage"},"thumbnailUrl":"https:\/\/i0.wp.com\/www.sinalarte.pt\/v1\/wp-content\/uploads\/2020\/05\/TV8ST10-Circulacao_alternada.png?fit=626%2C626&ssl=1","datePublished":"2020-05-11T16:11:32+00:00","dateModified":"2023-10-25T09:17:10+00:00","breadcrumb":{"@id":"https:\/\/www.sinalarte.pt\/v1\/produtos\/tv8-st10-circulacao-alternada-1300x1300\/#breadcrumb"},"inLanguage":"pt-PT","potentialAction":[{"@type":"ReadAction","target":["https:\/\/www.sinalarte.pt\/v1\/produtos\/tv8-st10-circulacao-alternada-1300x1300\/"]}]},{"@type":"ImageObject","inLanguage":"pt-PT","@id":"https:\/\/www.sinalarte.pt\/v1\/produtos\/tv8-st10-circulacao-alternada-1300x1300\/#primaryimage","url":"https:\/\/i0.wp.com\/www.sinalarte.pt\/v1\/wp-content\/uploads\/2020\/05\/TV8ST10-Circulacao_alternada.png?fit=626%2C626&ssl=1","contentUrl":"https:\/\/i0.wp.com\/www.sinalarte.pt\/v1\/wp-content\/uploads\/2020\/05\/TV8ST10-Circulacao_alternada.png?fit=626%2C626&ssl=1","width":626,"height":626,"caption":"TV8ST10 - Circula\u00e7\u00e3o alternada"},{"@type":"BreadcrumbList","@id":"https:\/\/www.sinalarte.pt\/v1\/produtos\/tv8-st10-circulacao-alternada-1300x1300\/#breadcrumb","itemListElement":[{"@type":"ListItem","position":1,"name":"Home","item":"https:\/\/www.sinalarte.pt\/v1\/"},{"@type":"ListItem","position":2,"name":"Produtos","item":"https:\/\/www.sinalarte.pt\/v1\/produtos\/"},{"@type":"ListItem","position":3,"name":"Sinaliza\u00e7\u00e3o Vertical","item":"https:\/\/www.sinalarte.pt\/v1\/categoria-produto\/sinalizacao-vertical\/"},{"@type":"ListItem","position":4,"name":"Sinais Regulamentares","item":"https:\/\/www.sinalarte.pt\/v1\/categoria-produto\/sinalizacao-vertical\/sinais-regulamentares\/"},{"@type":"ListItem","position":5,"name":"Sinaliza\u00e7\u00e3o Tempor\u00e1ria","item":"https:\/\/www.sinalarte.pt\/v1\/categoria-produto\/sinalizacao-vertical\/sinais-regulamentares\/sinalizacao-temporaria\/"},{"@type":"ListItem","position":6,"name":"Pain\u00e9is Tempor\u00e1rios V\u00e1rios","item":"https:\/\/www.sinalarte.pt\/v1\/categoria-produto\/sinalizacao-vertical\/sinais-regulamentares\/sinalizacao-temporaria\/paineis-temporarios-varios\/"},{"@type":"ListItem","position":7,"name":"TV8 (ST10)"}]},{"@type":"WebSite","@id":"https:\/\/www.sinalarte.pt\/v1\/#website","url":"https:\/\/www.sinalarte.pt\/v1\/","name":"Sinalarte","description":"Ind\u00fastria de Sinaliza\u00e7\u00e3o","publisher":{"@id":"https:\/\/www.sinalarte.pt\/v1\/#organization"},"potentialAction":[{"@type":"SearchAction","target":{"@type":"EntryPoint","urlTemplate":"https:\/\/www.sinalarte.pt\/v1\/?s={search_term_string}"},"query-input":{"@type":"PropertyValueSpecification","valueRequired":true,"valueName":"search_term_string"}}],"inLanguage":"pt-PT"},{"@type":"Organization","@id":"https:\/\/www.sinalarte.pt\/v1\/#organization","name":"Sinalarte","alternateName":"Ind\u00fastria de Sinaliza\u00e7\u00e3o","url":"https:\/\/www.sinalarte.pt\/v1\/","logo":{"@type":"ImageObject","inLanguage":"pt-PT","@id":"https:\/\/www.sinalarte.pt\/v1\/#\/schema\/logo\/image\/","url":"https:\/\/i0.wp.com\/www.sinalarte.pt\/v1\/wp-content\/uploads\/2020\/09\/logo_sinalarte.png?fit=180%2C100&ssl=1","contentUrl":"https:\/\/i0.wp.com\/www.sinalarte.pt\/v1\/wp-content\/uploads\/2020\/09\/logo_sinalarte.png?fit=180%2C100&ssl=1","width":180,"height":100,"caption":"Sinalarte"},"image":{"@id":"https:\/\/www.sinalarte.pt\/v1\/#\/schema\/logo\/image\/"},"sameAs":["https:\/\/www.facebook.com\/Sinalarte\/","https:\/\/www.instagram.com\/sinalarte\/","https:\/\/www.linkedin.com\/company\/sinalart","https:\/\/www.youtube.com\/user\/SinalArte"]}]}},"jetpack_sharing_enabled":true,"jetpack_likes_enabled":false,"_links":{"self":[{"href":"https:\/\/www.sinalarte.pt\/v1\/wp-json\/wp\/v2\/product\/3989","targetHints":{"allow":["GET"]}}],"collection":[{"href":"https:\/\/www.sinalarte.pt\/v1\/wp-json\/wp\/v2\/product"}],"about":[{"href":"https:\/\/www.sinalarte.pt\/v1\/wp-json\/wp\/v2\/types\/product"}],"version-history":[{"count":6,"href":"https:\/\/www.sinalarte.pt\/v1\/wp-json\/wp\/v2\/product\/3989\/revisions"}],"predecessor-version":[{"id":12397,"href":"https:\/\/www.sinalarte.pt\/v1\/wp-json\/wp\/v2\/product\/3989\/revisions\/12397"}],"wp:featuredmedia":[{"embeddable":true,"href":"https:\/\/www.sinalarte.pt\/v1\/wp-json\/wp\/v2\/media\/8570"}],"wp:attachment":[{"href":"https:\/\/www.sinalarte.pt\/v1\/wp-json\/wp\/v2\/media?parent=3989"}],"wp:term":[{"taxonomy":"product_brand","embeddable":true,"href":"https:\/\/www.sinalarte.pt\/v1\/wp-json\/wp\/v2\/product_brand?post=3989"},{"taxonomy":"product_cat","embeddable":true,"href":"https:\/\/www.sinalarte.pt\/v1\/wp-json\/wp\/v2\/product_cat?post=3989"},{"taxonomy":"product_tag","embeddable":true,"href":"https:\/\/www.sinalarte.pt\/v1\/wp-json\/wp\/v2\/product_tag?post=3989"}],"curies":[{"name":"wp","href":"https:\/\/api.w.org\/{rel}","templated":true}]}}