{"id":3519,"date":"2020-05-06T16:54:26","date_gmt":"2020-05-06T15:54:26","guid":{"rendered":"https:\/\/www.sinalarte.pt\/v1\/?post_type=product&#038;p=3519"},"modified":"2023-01-17T09:30:29","modified_gmt":"2023-01-17T09:30:29","slug":"h7-leds-sinal-de-transito-h7-com-leds","status":"publish","type":"product","link":"https:\/\/www.sinalarte.pt\/v1\/produtos\/h7-leds-sinal-de-transito-h7-com-leds\/","title":{"rendered":"H7 LEDs"},"content":{"rendered":"","protected":false},"excerpt":{"rendered":"<p>Sinal de Tr\u00e2nsito H7 com LEDs<\/p>\n<h6>A imagem \u00e9 meramente ilustrativa. Consulte a descri\u00e7\u00e3o do produto.<\/h6>\n","protected":false},"featured_media":6743,"template":"","meta":[],"product_brand":[],"product_cat":[57],"product_tag":[],"class_list":{"0":"post-3519","1":"product","2":"type-product","3":"status-publish","4":"has-post-thumbnail","6":"product_cat-sinais-luminosos","8":"first","9":"instock","10":"shipping-taxable","11":"purchasable","12":"product-type-variable"},"yoast_head":"<!-- This site is optimized with the Yoast SEO plugin v27.4 - https:\/\/yoast.com\/product\/yoast-seo-wordpress\/ -->\n<title>H7 LEDs - Sinalarte<\/title>\n<meta name=\"robots\" content=\"index, follow, max-snippet:-1, max-image-preview:large, max-video-preview:-1\" \/>\n<link rel=\"canonical\" href=\"https:\/\/www.sinalarte.pt\/v1\/produtos\/h7-leds-sinal-de-transito-h7-com-leds\/\" \/>\n<meta property=\"og:locale\" content=\"pt_PT\" \/>\n<meta property=\"og:type\" content=\"article\" \/>\n<meta property=\"og:title\" content=\"H7 LEDs - Sinalarte\" \/>\n<meta property=\"og:description\" content=\"Sinal de Tr\u00e2nsito H7 com LEDs A imagem \u00e9 meramente ilustrativa. Consulte a descri\u00e7\u00e3o do produto.\" \/>\n<meta property=\"og:url\" content=\"https:\/\/www.sinalarte.pt\/v1\/produtos\/h7-leds-sinal-de-transito-h7-com-leds\/\" \/>\n<meta property=\"og:site_name\" content=\"Sinalarte\" \/>\n<meta property=\"article:publisher\" content=\"https:\/\/www.facebook.com\/Sinalarte\/\" \/>\n<meta property=\"article:modified_time\" content=\"2023-01-17T09:30:29+00:00\" \/>\n<meta property=\"og:image\" content=\"https:\/\/www.sinalarte.pt\/v1\/wp-content\/uploads\/2020\/05\/H_LEDS_CE.png\" \/>\n\t<meta property=\"og:image:width\" content=\"626\" \/>\n\t<meta property=\"og:image:height\" content=\"626\" \/>\n\t<meta property=\"og:image:type\" content=\"image\/png\" \/>\n<meta name=\"twitter:card\" content=\"summary_large_image\" \/>\n<script type=\"application\/ld+json\" class=\"yoast-schema-graph\">{\"@context\":\"https:\\\/\\\/schema.org\",\"@graph\":[{\"@type\":\"WebPage\",\"@id\":\"https:\\\/\\\/www.sinalarte.pt\\\/v1\\\/produtos\\\/h7-leds-sinal-de-transito-h7-com-leds\\\/\",\"url\":\"https:\\\/\\\/www.sinalarte.pt\\\/v1\\\/produtos\\\/h7-leds-sinal-de-transito-h7-com-leds\\\/\",\"name\":\"H7 LEDs - Sinalarte\",\"isPartOf\":{\"@id\":\"https:\\\/\\\/www.sinalarte.pt\\\/v1\\\/#website\"},\"primaryImageOfPage\":{\"@id\":\"https:\\\/\\\/www.sinalarte.pt\\\/v1\\\/produtos\\\/h7-leds-sinal-de-transito-h7-com-leds\\\/#primaryimage\"},\"image\":{\"@id\":\"https:\\\/\\\/www.sinalarte.pt\\\/v1\\\/produtos\\\/h7-leds-sinal-de-transito-h7-com-leds\\\/#primaryimage\"},\"thumbnailUrl\":\"https:\\\/\\\/i0.wp.com\\\/www.sinalarte.pt\\\/v1\\\/wp-content\\\/uploads\\\/2020\\\/05\\\/H_LEDS_CE.png?fit=626%2C626&ssl=1\",\"datePublished\":\"2020-05-06T15:54:26+00:00\",\"dateModified\":\"2023-01-17T09:30:29+00:00\",\"breadcrumb\":{\"@id\":\"https:\\\/\\\/www.sinalarte.pt\\\/v1\\\/produtos\\\/h7-leds-sinal-de-transito-h7-com-leds\\\/#breadcrumb\"},\"inLanguage\":\"pt-PT\",\"potentialAction\":[{\"@type\":\"ReadAction\",\"target\":[\"https:\\\/\\\/www.sinalarte.pt\\\/v1\\\/produtos\\\/h7-leds-sinal-de-transito-h7-com-leds\\\/\"]}]},{\"@type\":\"ImageObject\",\"inLanguage\":\"pt-PT\",\"@id\":\"https:\\\/\\\/www.sinalarte.pt\\\/v1\\\/produtos\\\/h7-leds-sinal-de-transito-h7-com-leds\\\/#primaryimage\",\"url\":\"https:\\\/\\\/i0.wp.com\\\/www.sinalarte.pt\\\/v1\\\/wp-content\\\/uploads\\\/2020\\\/05\\\/H_LEDS_CE.png?fit=626%2C626&ssl=1\",\"contentUrl\":\"https:\\\/\\\/i0.wp.com\\\/www.sinalarte.pt\\\/v1\\\/wp-content\\\/uploads\\\/2020\\\/05\\\/H_LEDS_CE.png?fit=626%2C626&ssl=1\",\"width\":626,\"height\":626},{\"@type\":\"BreadcrumbList\",\"@id\":\"https:\\\/\\\/www.sinalarte.pt\\\/v1\\\/produtos\\\/h7-leds-sinal-de-transito-h7-com-leds\\\/#breadcrumb\",\"itemListElement\":[{\"@type\":\"ListItem\",\"position\":1,\"name\":\"Home\",\"item\":\"https:\\\/\\\/www.sinalarte.pt\\\/v1\\\/\"},{\"@type\":\"ListItem\",\"position\":2,\"name\":\"Produtos\",\"item\":\"https:\\\/\\\/www.sinalarte.pt\\\/v1\\\/produtos\\\/\"},{\"@type\":\"ListItem\",\"position\":3,\"name\":\"Sinaliza\u00e7\u00e3o Vertical\",\"item\":\"https:\\\/\\\/www.sinalarte.pt\\\/v1\\\/categoria-produto\\\/sinalizacao-vertical\\\/\"},{\"@type\":\"ListItem\",\"position\":4,\"name\":\"Sinais Luminosos\",\"item\":\"https:\\\/\\\/www.sinalarte.pt\\\/v1\\\/categoria-produto\\\/sinalizacao-vertical\\\/sinais-luminosos\\\/\"},{\"@type\":\"ListItem\",\"position\":5,\"name\":\"H7 LEDs\"}]},{\"@type\":\"WebSite\",\"@id\":\"https:\\\/\\\/www.sinalarte.pt\\\/v1\\\/#website\",\"url\":\"https:\\\/\\\/www.sinalarte.pt\\\/v1\\\/\",\"name\":\"Sinalarte\",\"description\":\"Ind\u00fastria de Sinaliza\u00e7\u00e3o\",\"publisher\":{\"@id\":\"https:\\\/\\\/www.sinalarte.pt\\\/v1\\\/#organization\"},\"potentialAction\":[{\"@type\":\"SearchAction\",\"target\":{\"@type\":\"EntryPoint\",\"urlTemplate\":\"https:\\\/\\\/www.sinalarte.pt\\\/v1\\\/?s={search_term_string}\"},\"query-input\":{\"@type\":\"PropertyValueSpecification\",\"valueRequired\":true,\"valueName\":\"search_term_string\"}}],\"inLanguage\":\"pt-PT\"},{\"@type\":\"Organization\",\"@id\":\"https:\\\/\\\/www.sinalarte.pt\\\/v1\\\/#organization\",\"name\":\"Sinalarte\",\"alternateName\":\"Ind\u00fastria de Sinaliza\u00e7\u00e3o\",\"url\":\"https:\\\/\\\/www.sinalarte.pt\\\/v1\\\/\",\"logo\":{\"@type\":\"ImageObject\",\"inLanguage\":\"pt-PT\",\"@id\":\"https:\\\/\\\/www.sinalarte.pt\\\/v1\\\/#\\\/schema\\\/logo\\\/image\\\/\",\"url\":\"https:\\\/\\\/i0.wp.com\\\/www.sinalarte.pt\\\/v1\\\/wp-content\\\/uploads\\\/2020\\\/09\\\/logo_sinalarte.png?fit=180%2C100&ssl=1\",\"contentUrl\":\"https:\\\/\\\/i0.wp.com\\\/www.sinalarte.pt\\\/v1\\\/wp-content\\\/uploads\\\/2020\\\/09\\\/logo_sinalarte.png?fit=180%2C100&ssl=1\",\"width\":180,\"height\":100,\"caption\":\"Sinalarte\"},\"image\":{\"@id\":\"https:\\\/\\\/www.sinalarte.pt\\\/v1\\\/#\\\/schema\\\/logo\\\/image\\\/\"},\"sameAs\":[\"https:\\\/\\\/www.facebook.com\\\/Sinalarte\\\/\",\"https:\\\/\\\/www.instagram.com\\\/sinalarte\\\/\",\"https:\\\/\\\/www.linkedin.com\\\/company\\\/sinalart\",\"https:\\\/\\\/www.youtube.com\\\/user\\\/SinalArte\"]}]}<\/script>\n<!-- \/ Yoast SEO plugin. -->","yoast_head_json":{"title":"H7 LEDs - Sinalarte","robots":{"index":"index","follow":"follow","max-snippet":"max-snippet:-1","max-image-preview":"max-image-preview:large","max-video-preview":"max-video-preview:-1"},"canonical":"https:\/\/www.sinalarte.pt\/v1\/produtos\/h7-leds-sinal-de-transito-h7-com-leds\/","og_locale":"pt_PT","og_type":"article","og_title":"H7 LEDs - Sinalarte","og_description":"Sinal de Tr\u00e2nsito H7 com LEDs A imagem \u00e9 meramente ilustrativa. Consulte a descri\u00e7\u00e3o do produto.","og_url":"https:\/\/www.sinalarte.pt\/v1\/produtos\/h7-leds-sinal-de-transito-h7-com-leds\/","og_site_name":"Sinalarte","article_publisher":"https:\/\/www.facebook.com\/Sinalarte\/","article_modified_time":"2023-01-17T09:30:29+00:00","og_image":[{"width":626,"height":626,"url":"https:\/\/www.sinalarte.pt\/v1\/wp-content\/uploads\/2020\/05\/H_LEDS_CE.png","type":"image\/png"}],"twitter_card":"summary_large_image","schema":{"@context":"https:\/\/schema.org","@graph":[{"@type":"WebPage","@id":"https:\/\/www.sinalarte.pt\/v1\/produtos\/h7-leds-sinal-de-transito-h7-com-leds\/","url":"https:\/\/www.sinalarte.pt\/v1\/produtos\/h7-leds-sinal-de-transito-h7-com-leds\/","name":"H7 LEDs - Sinalarte","isPartOf":{"@id":"https:\/\/www.sinalarte.pt\/v1\/#website"},"primaryImageOfPage":{"@id":"https:\/\/www.sinalarte.pt\/v1\/produtos\/h7-leds-sinal-de-transito-h7-com-leds\/#primaryimage"},"image":{"@id":"https:\/\/www.sinalarte.pt\/v1\/produtos\/h7-leds-sinal-de-transito-h7-com-leds\/#primaryimage"},"thumbnailUrl":"https:\/\/i0.wp.com\/www.sinalarte.pt\/v1\/wp-content\/uploads\/2020\/05\/H_LEDS_CE.png?fit=626%2C626&ssl=1","datePublished":"2020-05-06T15:54:26+00:00","dateModified":"2023-01-17T09:30:29+00:00","breadcrumb":{"@id":"https:\/\/www.sinalarte.pt\/v1\/produtos\/h7-leds-sinal-de-transito-h7-com-leds\/#breadcrumb"},"inLanguage":"pt-PT","potentialAction":[{"@type":"ReadAction","target":["https:\/\/www.sinalarte.pt\/v1\/produtos\/h7-leds-sinal-de-transito-h7-com-leds\/"]}]},{"@type":"ImageObject","inLanguage":"pt-PT","@id":"https:\/\/www.sinalarte.pt\/v1\/produtos\/h7-leds-sinal-de-transito-h7-com-leds\/#primaryimage","url":"https:\/\/i0.wp.com\/www.sinalarte.pt\/v1\/wp-content\/uploads\/2020\/05\/H_LEDS_CE.png?fit=626%2C626&ssl=1","contentUrl":"https:\/\/i0.wp.com\/www.sinalarte.pt\/v1\/wp-content\/uploads\/2020\/05\/H_LEDS_CE.png?fit=626%2C626&ssl=1","width":626,"height":626},{"@type":"BreadcrumbList","@id":"https:\/\/www.sinalarte.pt\/v1\/produtos\/h7-leds-sinal-de-transito-h7-com-leds\/#breadcrumb","itemListElement":[{"@type":"ListItem","position":1,"name":"Home","item":"https:\/\/www.sinalarte.pt\/v1\/"},{"@type":"ListItem","position":2,"name":"Produtos","item":"https:\/\/www.sinalarte.pt\/v1\/produtos\/"},{"@type":"ListItem","position":3,"name":"Sinaliza\u00e7\u00e3o Vertical","item":"https:\/\/www.sinalarte.pt\/v1\/categoria-produto\/sinalizacao-vertical\/"},{"@type":"ListItem","position":4,"name":"Sinais Luminosos","item":"https:\/\/www.sinalarte.pt\/v1\/categoria-produto\/sinalizacao-vertical\/sinais-luminosos\/"},{"@type":"ListItem","position":5,"name":"H7 LEDs"}]},{"@type":"WebSite","@id":"https:\/\/www.sinalarte.pt\/v1\/#website","url":"https:\/\/www.sinalarte.pt\/v1\/","name":"Sinalarte","description":"Ind\u00fastria de Sinaliza\u00e7\u00e3o","publisher":{"@id":"https:\/\/www.sinalarte.pt\/v1\/#organization"},"potentialAction":[{"@type":"SearchAction","target":{"@type":"EntryPoint","urlTemplate":"https:\/\/www.sinalarte.pt\/v1\/?s={search_term_string}"},"query-input":{"@type":"PropertyValueSpecification","valueRequired":true,"valueName":"search_term_string"}}],"inLanguage":"pt-PT"},{"@type":"Organization","@id":"https:\/\/www.sinalarte.pt\/v1\/#organization","name":"Sinalarte","alternateName":"Ind\u00fastria de Sinaliza\u00e7\u00e3o","url":"https:\/\/www.sinalarte.pt\/v1\/","logo":{"@type":"ImageObject","inLanguage":"pt-PT","@id":"https:\/\/www.sinalarte.pt\/v1\/#\/schema\/logo\/image\/","url":"https:\/\/i0.wp.com\/www.sinalarte.pt\/v1\/wp-content\/uploads\/2020\/09\/logo_sinalarte.png?fit=180%2C100&ssl=1","contentUrl":"https:\/\/i0.wp.com\/www.sinalarte.pt\/v1\/wp-content\/uploads\/2020\/09\/logo_sinalarte.png?fit=180%2C100&ssl=1","width":180,"height":100,"caption":"Sinalarte"},"image":{"@id":"https:\/\/www.sinalarte.pt\/v1\/#\/schema\/logo\/image\/"},"sameAs":["https:\/\/www.facebook.com\/Sinalarte\/","https:\/\/www.instagram.com\/sinalarte\/","https:\/\/www.linkedin.com\/company\/sinalart","https:\/\/www.youtube.com\/user\/SinalArte"]}]}},"jetpack_sharing_enabled":true,"jetpack_likes_enabled":false,"_links":{"self":[{"href":"https:\/\/www.sinalarte.pt\/v1\/wp-json\/wp\/v2\/product\/3519","targetHints":{"allow":["GET"]}}],"collection":[{"href":"https:\/\/www.sinalarte.pt\/v1\/wp-json\/wp\/v2\/product"}],"about":[{"href":"https:\/\/www.sinalarte.pt\/v1\/wp-json\/wp\/v2\/types\/product"}],"version-history":[{"count":6,"href":"https:\/\/www.sinalarte.pt\/v1\/wp-json\/wp\/v2\/product\/3519\/revisions"}],"predecessor-version":[{"id":10038,"href":"https:\/\/www.sinalarte.pt\/v1\/wp-json\/wp\/v2\/product\/3519\/revisions\/10038"}],"wp:featuredmedia":[{"embeddable":true,"href":"https:\/\/www.sinalarte.pt\/v1\/wp-json\/wp\/v2\/media\/6743"}],"wp:attachment":[{"href":"https:\/\/www.sinalarte.pt\/v1\/wp-json\/wp\/v2\/media?parent=3519"}],"wp:term":[{"taxonomy":"product_brand","embeddable":true,"href":"https:\/\/www.sinalarte.pt\/v1\/wp-json\/wp\/v2\/product_brand?post=3519"},{"taxonomy":"product_cat","embeddable":true,"href":"https:\/\/www.sinalarte.pt\/v1\/wp-json\/wp\/v2\/product_cat?post=3519"},{"taxonomy":"product_tag","embeddable":true,"href":"https:\/\/www.sinalarte.pt\/v1\/wp-json\/wp\/v2\/product_tag?post=3519"}],"curies":[{"name":"wp","href":"https:\/\/api.w.org\/{rel}","templated":true}]}}