{"id":3217,"date":"2020-04-24T16:16:42","date_gmt":"2020-04-24T15:16:42","guid":{"rendered":"https:\/\/www.sinalarte.pt\/v1\/?post_type=product&#038;p=3217"},"modified":"2024-01-09T11:55:54","modified_gmt":"2024-01-09T11:55:54","slug":"e2-destinos-de-saida","status":"publish","type":"product","link":"https:\/\/www.sinalarte.pt\/v1\/produtos\/e2-destinos-de-saida\/","title":{"rendered":"E2"},"content":{"rendered":"","protected":false},"excerpt":{"rendered":"<p>Destinos de sa\u00edda<br \/>\nProduzido em perfil de alum\u00ednio<br \/>\nDimens\u00e3o vari\u00e1vel (sob consulta)<\/p>\n<h6>A imagem \u00e9 meramente ilustrativa. Consulte a descri\u00e7\u00e3o do produto.<\/h6>\n","protected":false},"featured_media":8739,"template":"","meta":[],"product_brand":[],"product_cat":[138],"product_tag":[],"class_list":{"0":"post-3217","1":"product","2":"type-product","3":"status-publish","4":"has-post-thumbnail","6":"product_cat-sinais-de-prescricao-especifica","8":"first","9":"instock","10":"shipping-taxable","11":"purchasable","12":"product-type-variable"},"yoast_head":"<!-- This site is optimized with the Yoast SEO plugin v26.6 - https:\/\/yoast.com\/wordpress\/plugins\/seo\/ -->\n<title>E2 - Sinalarte<\/title>\n<meta name=\"description\" content=\"Destinos de sa\u00edda: indica\u00e7\u00e3o do in\u00edcio de uma via de tr\u00e2nsito destinada aos ve\u00edculos que v\u00e3o utilizar uma sa\u00edda, com seta indicativa.\" \/>\n<meta name=\"robots\" content=\"index, follow, max-snippet:-1, max-image-preview:large, max-video-preview:-1\" \/>\n<link rel=\"canonical\" href=\"https:\/\/www.sinalarte.pt\/v1\/produtos\/e2-destinos-de-saida\/\" \/>\n<meta property=\"og:locale\" content=\"pt_PT\" \/>\n<meta property=\"og:type\" content=\"article\" \/>\n<meta property=\"og:title\" content=\"E2 - Sinalarte\" \/>\n<meta property=\"og:description\" content=\"Destinos de sa\u00edda: indica\u00e7\u00e3o do in\u00edcio de uma via de tr\u00e2nsito destinada aos ve\u00edculos que v\u00e3o utilizar uma sa\u00edda, com seta indicativa.\" \/>\n<meta property=\"og:url\" content=\"https:\/\/www.sinalarte.pt\/v1\/produtos\/e2-destinos-de-saida\/\" \/>\n<meta property=\"og:site_name\" content=\"Sinalarte\" \/>\n<meta property=\"article:publisher\" content=\"https:\/\/www.facebook.com\/Sinalarte\/\" \/>\n<meta property=\"article:modified_time\" content=\"2024-01-09T11:55:54+00:00\" \/>\n<meta property=\"og:image\" content=\"https:\/\/www.sinalarte.pt\/v1\/wp-content\/uploads\/2020\/04\/E2-Destinos_de_saida.png\" \/>\n\t<meta property=\"og:image:width\" content=\"632\" \/>\n\t<meta property=\"og:image:height\" content=\"626\" \/>\n\t<meta property=\"og:image:type\" content=\"image\/png\" \/>\n<meta name=\"twitter:card\" content=\"summary_large_image\" \/>\n<meta name=\"twitter:label1\" content=\"Tempo estimado de leitura\" \/>\n\t<meta name=\"twitter:data1\" content=\"1 minuto\" \/>\n<script type=\"application\/ld+json\" class=\"yoast-schema-graph\">{\"@context\":\"https:\/\/schema.org\",\"@graph\":[{\"@type\":\"WebPage\",\"@id\":\"https:\/\/www.sinalarte.pt\/v1\/produtos\/e2-destinos-de-saida\/\",\"url\":\"https:\/\/www.sinalarte.pt\/v1\/produtos\/e2-destinos-de-saida\/\",\"name\":\"E2 - Sinalarte\",\"isPartOf\":{\"@id\":\"https:\/\/www.sinalarte.pt\/v1\/#website\"},\"primaryImageOfPage\":{\"@id\":\"https:\/\/www.sinalarte.pt\/v1\/produtos\/e2-destinos-de-saida\/#primaryimage\"},\"image\":{\"@id\":\"https:\/\/www.sinalarte.pt\/v1\/produtos\/e2-destinos-de-saida\/#primaryimage\"},\"thumbnailUrl\":\"https:\/\/i0.wp.com\/www.sinalarte.pt\/v1\/wp-content\/uploads\/2020\/04\/E2-Destinos_de_saida.png?fit=632%2C626&ssl=1\",\"datePublished\":\"2020-04-24T15:16:42+00:00\",\"dateModified\":\"2024-01-09T11:55:54+00:00\",\"description\":\"Destinos de sa\u00edda: indica\u00e7\u00e3o do in\u00edcio de uma via de tr\u00e2nsito destinada aos ve\u00edculos que v\u00e3o utilizar uma sa\u00edda, com seta indicativa.\",\"breadcrumb\":{\"@id\":\"https:\/\/www.sinalarte.pt\/v1\/produtos\/e2-destinos-de-saida\/#breadcrumb\"},\"inLanguage\":\"pt-PT\",\"potentialAction\":[{\"@type\":\"ReadAction\",\"target\":[\"https:\/\/www.sinalarte.pt\/v1\/produtos\/e2-destinos-de-saida\/\"]}]},{\"@type\":\"ImageObject\",\"inLanguage\":\"pt-PT\",\"@id\":\"https:\/\/www.sinalarte.pt\/v1\/produtos\/e2-destinos-de-saida\/#primaryimage\",\"url\":\"https:\/\/i0.wp.com\/www.sinalarte.pt\/v1\/wp-content\/uploads\/2020\/04\/E2-Destinos_de_saida.png?fit=632%2C626&ssl=1\",\"contentUrl\":\"https:\/\/i0.wp.com\/www.sinalarte.pt\/v1\/wp-content\/uploads\/2020\/04\/E2-Destinos_de_saida.png?fit=632%2C626&ssl=1\",\"width\":632,\"height\":626,\"caption\":\"E2 - Destinos de sa\u00edda\"},{\"@type\":\"BreadcrumbList\",\"@id\":\"https:\/\/www.sinalarte.pt\/v1\/produtos\/e2-destinos-de-saida\/#breadcrumb\",\"itemListElement\":[{\"@type\":\"ListItem\",\"position\":1,\"name\":\"Home\",\"item\":\"https:\/\/www.sinalarte.pt\/v1\/\"},{\"@type\":\"ListItem\",\"position\":2,\"name\":\"Produtos\",\"item\":\"https:\/\/www.sinalarte.pt\/v1\/produtos\/\"},{\"@type\":\"ListItem\",\"position\":3,\"name\":\"Sinaliza\u00e7\u00e3o Vertical\",\"item\":\"https:\/\/www.sinalarte.pt\/v1\/categoria-produto\/sinalizacao-vertical\/\"},{\"@type\":\"ListItem\",\"position\":4,\"name\":\"Sinais Regulamentares\",\"item\":\"https:\/\/www.sinalarte.pt\/v1\/categoria-produto\/sinalizacao-vertical\/sinais-regulamentares\/\"},{\"@type\":\"ListItem\",\"position\":5,\"name\":\"Sinais de Prescri\u00e7\u00e3o Espec\u00edfica\",\"item\":\"https:\/\/www.sinalarte.pt\/v1\/categoria-produto\/sinalizacao-vertical\/sinais-regulamentares\/sinais-de-prescricao-especifica\/\"},{\"@type\":\"ListItem\",\"position\":6,\"name\":\"E2\"}]},{\"@type\":\"WebSite\",\"@id\":\"https:\/\/www.sinalarte.pt\/v1\/#website\",\"url\":\"https:\/\/www.sinalarte.pt\/v1\/\",\"name\":\"Sinalarte\",\"description\":\"Ind\u00fastria de Sinaliza\u00e7\u00e3o\",\"publisher\":{\"@id\":\"https:\/\/www.sinalarte.pt\/v1\/#organization\"},\"potentialAction\":[{\"@type\":\"SearchAction\",\"target\":{\"@type\":\"EntryPoint\",\"urlTemplate\":\"https:\/\/www.sinalarte.pt\/v1\/?s={search_term_string}\"},\"query-input\":{\"@type\":\"PropertyValueSpecification\",\"valueRequired\":true,\"valueName\":\"search_term_string\"}}],\"inLanguage\":\"pt-PT\"},{\"@type\":\"Organization\",\"@id\":\"https:\/\/www.sinalarte.pt\/v1\/#organization\",\"name\":\"Sinalarte\",\"alternateName\":\"Ind\u00fastria de Sinaliza\u00e7\u00e3o\",\"url\":\"https:\/\/www.sinalarte.pt\/v1\/\",\"logo\":{\"@type\":\"ImageObject\",\"inLanguage\":\"pt-PT\",\"@id\":\"https:\/\/www.sinalarte.pt\/v1\/#\/schema\/logo\/image\/\",\"url\":\"https:\/\/i0.wp.com\/www.sinalarte.pt\/v1\/wp-content\/uploads\/2020\/09\/logo_sinalarte.png?fit=180%2C100&ssl=1\",\"contentUrl\":\"https:\/\/i0.wp.com\/www.sinalarte.pt\/v1\/wp-content\/uploads\/2020\/09\/logo_sinalarte.png?fit=180%2C100&ssl=1\",\"width\":180,\"height\":100,\"caption\":\"Sinalarte\"},\"image\":{\"@id\":\"https:\/\/www.sinalarte.pt\/v1\/#\/schema\/logo\/image\/\"},\"sameAs\":[\"https:\/\/www.facebook.com\/Sinalarte\/\",\"https:\/\/www.instagram.com\/sinalarte\/\",\"https:\/\/www.linkedin.com\/company\/sinalart\",\"https:\/\/www.youtube.com\/user\/SinalArte\"]}]}<\/script>\n<!-- \/ Yoast SEO plugin. -->","yoast_head_json":{"title":"E2 - Sinalarte","description":"Destinos de sa\u00edda: indica\u00e7\u00e3o do in\u00edcio de uma via de tr\u00e2nsito destinada aos ve\u00edculos que v\u00e3o utilizar uma sa\u00edda, com seta indicativa.","robots":{"index":"index","follow":"follow","max-snippet":"max-snippet:-1","max-image-preview":"max-image-preview:large","max-video-preview":"max-video-preview:-1"},"canonical":"https:\/\/www.sinalarte.pt\/v1\/produtos\/e2-destinos-de-saida\/","og_locale":"pt_PT","og_type":"article","og_title":"E2 - Sinalarte","og_description":"Destinos de sa\u00edda: indica\u00e7\u00e3o do in\u00edcio de uma via de tr\u00e2nsito destinada aos ve\u00edculos que v\u00e3o utilizar uma sa\u00edda, com seta indicativa.","og_url":"https:\/\/www.sinalarte.pt\/v1\/produtos\/e2-destinos-de-saida\/","og_site_name":"Sinalarte","article_publisher":"https:\/\/www.facebook.com\/Sinalarte\/","article_modified_time":"2024-01-09T11:55:54+00:00","og_image":[{"width":632,"height":626,"url":"https:\/\/www.sinalarte.pt\/v1\/wp-content\/uploads\/2020\/04\/E2-Destinos_de_saida.png","type":"image\/png"}],"twitter_card":"summary_large_image","twitter_misc":{"Tempo estimado de leitura":"1 minuto"},"schema":{"@context":"https:\/\/schema.org","@graph":[{"@type":"WebPage","@id":"https:\/\/www.sinalarte.pt\/v1\/produtos\/e2-destinos-de-saida\/","url":"https:\/\/www.sinalarte.pt\/v1\/produtos\/e2-destinos-de-saida\/","name":"E2 - Sinalarte","isPartOf":{"@id":"https:\/\/www.sinalarte.pt\/v1\/#website"},"primaryImageOfPage":{"@id":"https:\/\/www.sinalarte.pt\/v1\/produtos\/e2-destinos-de-saida\/#primaryimage"},"image":{"@id":"https:\/\/www.sinalarte.pt\/v1\/produtos\/e2-destinos-de-saida\/#primaryimage"},"thumbnailUrl":"https:\/\/i0.wp.com\/www.sinalarte.pt\/v1\/wp-content\/uploads\/2020\/04\/E2-Destinos_de_saida.png?fit=632%2C626&ssl=1","datePublished":"2020-04-24T15:16:42+00:00","dateModified":"2024-01-09T11:55:54+00:00","description":"Destinos de sa\u00edda: indica\u00e7\u00e3o do in\u00edcio de uma via de tr\u00e2nsito destinada aos ve\u00edculos que v\u00e3o utilizar uma sa\u00edda, com seta indicativa.","breadcrumb":{"@id":"https:\/\/www.sinalarte.pt\/v1\/produtos\/e2-destinos-de-saida\/#breadcrumb"},"inLanguage":"pt-PT","potentialAction":[{"@type":"ReadAction","target":["https:\/\/www.sinalarte.pt\/v1\/produtos\/e2-destinos-de-saida\/"]}]},{"@type":"ImageObject","inLanguage":"pt-PT","@id":"https:\/\/www.sinalarte.pt\/v1\/produtos\/e2-destinos-de-saida\/#primaryimage","url":"https:\/\/i0.wp.com\/www.sinalarte.pt\/v1\/wp-content\/uploads\/2020\/04\/E2-Destinos_de_saida.png?fit=632%2C626&ssl=1","contentUrl":"https:\/\/i0.wp.com\/www.sinalarte.pt\/v1\/wp-content\/uploads\/2020\/04\/E2-Destinos_de_saida.png?fit=632%2C626&ssl=1","width":632,"height":626,"caption":"E2 - Destinos de sa\u00edda"},{"@type":"BreadcrumbList","@id":"https:\/\/www.sinalarte.pt\/v1\/produtos\/e2-destinos-de-saida\/#breadcrumb","itemListElement":[{"@type":"ListItem","position":1,"name":"Home","item":"https:\/\/www.sinalarte.pt\/v1\/"},{"@type":"ListItem","position":2,"name":"Produtos","item":"https:\/\/www.sinalarte.pt\/v1\/produtos\/"},{"@type":"ListItem","position":3,"name":"Sinaliza\u00e7\u00e3o Vertical","item":"https:\/\/www.sinalarte.pt\/v1\/categoria-produto\/sinalizacao-vertical\/"},{"@type":"ListItem","position":4,"name":"Sinais Regulamentares","item":"https:\/\/www.sinalarte.pt\/v1\/categoria-produto\/sinalizacao-vertical\/sinais-regulamentares\/"},{"@type":"ListItem","position":5,"name":"Sinais de Prescri\u00e7\u00e3o Espec\u00edfica","item":"https:\/\/www.sinalarte.pt\/v1\/categoria-produto\/sinalizacao-vertical\/sinais-regulamentares\/sinais-de-prescricao-especifica\/"},{"@type":"ListItem","position":6,"name":"E2"}]},{"@type":"WebSite","@id":"https:\/\/www.sinalarte.pt\/v1\/#website","url":"https:\/\/www.sinalarte.pt\/v1\/","name":"Sinalarte","description":"Ind\u00fastria de Sinaliza\u00e7\u00e3o","publisher":{"@id":"https:\/\/www.sinalarte.pt\/v1\/#organization"},"potentialAction":[{"@type":"SearchAction","target":{"@type":"EntryPoint","urlTemplate":"https:\/\/www.sinalarte.pt\/v1\/?s={search_term_string}"},"query-input":{"@type":"PropertyValueSpecification","valueRequired":true,"valueName":"search_term_string"}}],"inLanguage":"pt-PT"},{"@type":"Organization","@id":"https:\/\/www.sinalarte.pt\/v1\/#organization","name":"Sinalarte","alternateName":"Ind\u00fastria de Sinaliza\u00e7\u00e3o","url":"https:\/\/www.sinalarte.pt\/v1\/","logo":{"@type":"ImageObject","inLanguage":"pt-PT","@id":"https:\/\/www.sinalarte.pt\/v1\/#\/schema\/logo\/image\/","url":"https:\/\/i0.wp.com\/www.sinalarte.pt\/v1\/wp-content\/uploads\/2020\/09\/logo_sinalarte.png?fit=180%2C100&ssl=1","contentUrl":"https:\/\/i0.wp.com\/www.sinalarte.pt\/v1\/wp-content\/uploads\/2020\/09\/logo_sinalarte.png?fit=180%2C100&ssl=1","width":180,"height":100,"caption":"Sinalarte"},"image":{"@id":"https:\/\/www.sinalarte.pt\/v1\/#\/schema\/logo\/image\/"},"sameAs":["https:\/\/www.facebook.com\/Sinalarte\/","https:\/\/www.instagram.com\/sinalarte\/","https:\/\/www.linkedin.com\/company\/sinalart","https:\/\/www.youtube.com\/user\/SinalArte"]}]}},"jetpack_sharing_enabled":true,"jetpack_likes_enabled":false,"_links":{"self":[{"href":"https:\/\/www.sinalarte.pt\/v1\/wp-json\/wp\/v2\/product\/3217","targetHints":{"allow":["GET"]}}],"collection":[{"href":"https:\/\/www.sinalarte.pt\/v1\/wp-json\/wp\/v2\/product"}],"about":[{"href":"https:\/\/www.sinalarte.pt\/v1\/wp-json\/wp\/v2\/types\/product"}],"version-history":[{"count":5,"href":"https:\/\/www.sinalarte.pt\/v1\/wp-json\/wp\/v2\/product\/3217\/revisions"}],"predecessor-version":[{"id":10888,"href":"https:\/\/www.sinalarte.pt\/v1\/wp-json\/wp\/v2\/product\/3217\/revisions\/10888"}],"wp:featuredmedia":[{"embeddable":true,"href":"https:\/\/www.sinalarte.pt\/v1\/wp-json\/wp\/v2\/media\/8739"}],"wp:attachment":[{"href":"https:\/\/www.sinalarte.pt\/v1\/wp-json\/wp\/v2\/media?parent=3217"}],"wp:term":[{"taxonomy":"product_brand","embeddable":true,"href":"https:\/\/www.sinalarte.pt\/v1\/wp-json\/wp\/v2\/product_brand?post=3217"},{"taxonomy":"product_cat","embeddable":true,"href":"https:\/\/www.sinalarte.pt\/v1\/wp-json\/wp\/v2\/product_cat?post=3217"},{"taxonomy":"product_tag","embeddable":true,"href":"https:\/\/www.sinalarte.pt\/v1\/wp-json\/wp\/v2\/product_tag?post=3217"}],"curies":[{"name":"wp","href":"https:\/\/api.w.org\/{rel}","templated":true}]}}