{"id":3113,"date":"2020-04-23T16:56:53","date_gmt":"2020-04-23T15:56:53","guid":{"rendered":"https:\/\/www.sinalarte.pt\/v1\/?post_type=product&#038;p=3113"},"modified":"2024-01-09T15:32:05","modified_gmt":"2024-01-09T15:32:05","slug":"mod-11q-indicadores-de-veiculos-a-que-se-aplica-a-regulamentacao","status":"publish","type":"product","link":"https:\/\/www.sinalarte.pt\/v1\/produtos\/mod-11q-indicadores-de-veiculos-a-que-se-aplica-a-regulamentacao\/","title":{"rendered":"Mod 11q"},"content":{"rendered":"","protected":false},"excerpt":{"rendered":"<p>Indicadores de ve\u00edculos a que se aplica a regulamenta\u00e7\u00e3o<\/p>\n<h6>A imagem \u00e9 meramente ilustrativa. Consulte a descri\u00e7\u00e3o do produto.<\/h6>\n","protected":false},"featured_media":8761,"template":"","meta":[],"product_brand":[],"product_cat":[93],"product_tag":[],"class_list":{"0":"post-3113","1":"product","2":"type-product","3":"status-publish","4":"has-post-thumbnail","6":"product_cat-paineis-adicionais","8":"first","9":"instock","10":"shipping-taxable","11":"purchasable","12":"product-type-variable"},"yoast_head":"<!-- This site is optimized with the Yoast SEO plugin v27.4 - https:\/\/yoast.com\/product\/yoast-seo-wordpress\/ -->\n<title>Mod 11q - Sinalarte<\/title>\n<meta name=\"description\" content=\"Painel para ve\u00edculos que exibam cart\u00e3o de estacionamento para pessoas com defici\u00eancia ou que transportem gr\u00e1vidas ou acompanhantes de crian\u00e7as de colo.\" \/>\n<meta name=\"robots\" content=\"index, follow, max-snippet:-1, max-image-preview:large, max-video-preview:-1\" \/>\n<link rel=\"canonical\" href=\"https:\/\/www.sinalarte.pt\/v1\/produtos\/mod-11q-indicadores-de-veiculos-a-que-se-aplica-a-regulamentacao\/\" \/>\n<meta property=\"og:locale\" content=\"pt_PT\" \/>\n<meta property=\"og:type\" content=\"article\" \/>\n<meta property=\"og:title\" content=\"Mod 11q - Sinalarte\" \/>\n<meta property=\"og:description\" content=\"Painel para ve\u00edculos que exibam cart\u00e3o de estacionamento para pessoas com defici\u00eancia ou que transportem gr\u00e1vidas ou acompanhantes de crian\u00e7as de colo.\" \/>\n<meta property=\"og:url\" content=\"https:\/\/www.sinalarte.pt\/v1\/produtos\/mod-11q-indicadores-de-veiculos-a-que-se-aplica-a-regulamentacao\/\" \/>\n<meta property=\"og:site_name\" content=\"Sinalarte\" \/>\n<meta property=\"article:publisher\" content=\"https:\/\/www.facebook.com\/Sinalarte\/\" \/>\n<meta property=\"article:modified_time\" content=\"2024-01-09T15:32:05+00:00\" \/>\n<meta property=\"og:image\" content=\"https:\/\/www.sinalarte.pt\/v1\/wp-content\/uploads\/2020\/04\/Mod11q-Indicadores_de_veiculos_a_que_se_aplica_a_regulamentacao.png\" \/>\n\t<meta property=\"og:image:width\" content=\"629\" \/>\n\t<meta property=\"og:image:height\" content=\"626\" \/>\n\t<meta property=\"og:image:type\" content=\"image\/png\" \/>\n<meta name=\"twitter:card\" content=\"summary_large_image\" \/>\n<meta name=\"twitter:label1\" content=\"Tempo estimado de leitura\" \/>\n\t<meta name=\"twitter:data1\" content=\"1 minuto\" \/>\n<script type=\"application\/ld+json\" class=\"yoast-schema-graph\">{\"@context\":\"https:\\\/\\\/schema.org\",\"@graph\":[{\"@type\":\"WebPage\",\"@id\":\"https:\\\/\\\/www.sinalarte.pt\\\/v1\\\/produtos\\\/mod-11q-indicadores-de-veiculos-a-que-se-aplica-a-regulamentacao\\\/\",\"url\":\"https:\\\/\\\/www.sinalarte.pt\\\/v1\\\/produtos\\\/mod-11q-indicadores-de-veiculos-a-que-se-aplica-a-regulamentacao\\\/\",\"name\":\"Mod 11q - Sinalarte\",\"isPartOf\":{\"@id\":\"https:\\\/\\\/www.sinalarte.pt\\\/v1\\\/#website\"},\"primaryImageOfPage\":{\"@id\":\"https:\\\/\\\/www.sinalarte.pt\\\/v1\\\/produtos\\\/mod-11q-indicadores-de-veiculos-a-que-se-aplica-a-regulamentacao\\\/#primaryimage\"},\"image\":{\"@id\":\"https:\\\/\\\/www.sinalarte.pt\\\/v1\\\/produtos\\\/mod-11q-indicadores-de-veiculos-a-que-se-aplica-a-regulamentacao\\\/#primaryimage\"},\"thumbnailUrl\":\"https:\\\/\\\/i0.wp.com\\\/www.sinalarte.pt\\\/v1\\\/wp-content\\\/uploads\\\/2020\\\/04\\\/Mod11q-Indicadores_de_veiculos_a_que_se_aplica_a_regulamentacao.png?fit=629%2C626&ssl=1\",\"datePublished\":\"2020-04-23T15:56:53+00:00\",\"dateModified\":\"2024-01-09T15:32:05+00:00\",\"description\":\"Painel para ve\u00edculos que exibam cart\u00e3o de estacionamento para pessoas com defici\u00eancia ou que transportem gr\u00e1vidas ou acompanhantes de crian\u00e7as de colo.\",\"breadcrumb\":{\"@id\":\"https:\\\/\\\/www.sinalarte.pt\\\/v1\\\/produtos\\\/mod-11q-indicadores-de-veiculos-a-que-se-aplica-a-regulamentacao\\\/#breadcrumb\"},\"inLanguage\":\"pt-PT\",\"potentialAction\":[{\"@type\":\"ReadAction\",\"target\":[\"https:\\\/\\\/www.sinalarte.pt\\\/v1\\\/produtos\\\/mod-11q-indicadores-de-veiculos-a-que-se-aplica-a-regulamentacao\\\/\"]}]},{\"@type\":\"ImageObject\",\"inLanguage\":\"pt-PT\",\"@id\":\"https:\\\/\\\/www.sinalarte.pt\\\/v1\\\/produtos\\\/mod-11q-indicadores-de-veiculos-a-que-se-aplica-a-regulamentacao\\\/#primaryimage\",\"url\":\"https:\\\/\\\/i0.wp.com\\\/www.sinalarte.pt\\\/v1\\\/wp-content\\\/uploads\\\/2020\\\/04\\\/Mod11q-Indicadores_de_veiculos_a_que_se_aplica_a_regulamentacao.png?fit=629%2C626&ssl=1\",\"contentUrl\":\"https:\\\/\\\/i0.wp.com\\\/www.sinalarte.pt\\\/v1\\\/wp-content\\\/uploads\\\/2020\\\/04\\\/Mod11q-Indicadores_de_veiculos_a_que_se_aplica_a_regulamentacao.png?fit=629%2C626&ssl=1\",\"width\":629,\"height\":626,\"caption\":\"Mod11q - Indicadores de ve\u00edculos a que se aplica a regulamenta\u00e7\u00e3o\"},{\"@type\":\"BreadcrumbList\",\"@id\":\"https:\\\/\\\/www.sinalarte.pt\\\/v1\\\/produtos\\\/mod-11q-indicadores-de-veiculos-a-que-se-aplica-a-regulamentacao\\\/#breadcrumb\",\"itemListElement\":[{\"@type\":\"ListItem\",\"position\":1,\"name\":\"Home\",\"item\":\"https:\\\/\\\/www.sinalarte.pt\\\/v1\\\/\"},{\"@type\":\"ListItem\",\"position\":2,\"name\":\"Produtos\",\"item\":\"https:\\\/\\\/www.sinalarte.pt\\\/v1\\\/produtos\\\/\"},{\"@type\":\"ListItem\",\"position\":3,\"name\":\"Sinaliza\u00e7\u00e3o Vertical\",\"item\":\"https:\\\/\\\/www.sinalarte.pt\\\/v1\\\/categoria-produto\\\/sinalizacao-vertical\\\/\"},{\"@type\":\"ListItem\",\"position\":4,\"name\":\"Sinais Regulamentares\",\"item\":\"https:\\\/\\\/www.sinalarte.pt\\\/v1\\\/categoria-produto\\\/sinalizacao-vertical\\\/sinais-regulamentares\\\/\"},{\"@type\":\"ListItem\",\"position\":5,\"name\":\"Pain\u00e9is Adicionais\",\"item\":\"https:\\\/\\\/www.sinalarte.pt\\\/v1\\\/categoria-produto\\\/sinalizacao-vertical\\\/sinais-regulamentares\\\/paineis-adicionais\\\/\"},{\"@type\":\"ListItem\",\"position\":6,\"name\":\"Mod 11q\"}]},{\"@type\":\"WebSite\",\"@id\":\"https:\\\/\\\/www.sinalarte.pt\\\/v1\\\/#website\",\"url\":\"https:\\\/\\\/www.sinalarte.pt\\\/v1\\\/\",\"name\":\"Sinalarte\",\"description\":\"Ind\u00fastria de Sinaliza\u00e7\u00e3o\",\"publisher\":{\"@id\":\"https:\\\/\\\/www.sinalarte.pt\\\/v1\\\/#organization\"},\"potentialAction\":[{\"@type\":\"SearchAction\",\"target\":{\"@type\":\"EntryPoint\",\"urlTemplate\":\"https:\\\/\\\/www.sinalarte.pt\\\/v1\\\/?s={search_term_string}\"},\"query-input\":{\"@type\":\"PropertyValueSpecification\",\"valueRequired\":true,\"valueName\":\"search_term_string\"}}],\"inLanguage\":\"pt-PT\"},{\"@type\":\"Organization\",\"@id\":\"https:\\\/\\\/www.sinalarte.pt\\\/v1\\\/#organization\",\"name\":\"Sinalarte\",\"alternateName\":\"Ind\u00fastria de Sinaliza\u00e7\u00e3o\",\"url\":\"https:\\\/\\\/www.sinalarte.pt\\\/v1\\\/\",\"logo\":{\"@type\":\"ImageObject\",\"inLanguage\":\"pt-PT\",\"@id\":\"https:\\\/\\\/www.sinalarte.pt\\\/v1\\\/#\\\/schema\\\/logo\\\/image\\\/\",\"url\":\"https:\\\/\\\/i0.wp.com\\\/www.sinalarte.pt\\\/v1\\\/wp-content\\\/uploads\\\/2020\\\/09\\\/logo_sinalarte.png?fit=180%2C100&ssl=1\",\"contentUrl\":\"https:\\\/\\\/i0.wp.com\\\/www.sinalarte.pt\\\/v1\\\/wp-content\\\/uploads\\\/2020\\\/09\\\/logo_sinalarte.png?fit=180%2C100&ssl=1\",\"width\":180,\"height\":100,\"caption\":\"Sinalarte\"},\"image\":{\"@id\":\"https:\\\/\\\/www.sinalarte.pt\\\/v1\\\/#\\\/schema\\\/logo\\\/image\\\/\"},\"sameAs\":[\"https:\\\/\\\/www.facebook.com\\\/Sinalarte\\\/\",\"https:\\\/\\\/www.instagram.com\\\/sinalarte\\\/\",\"https:\\\/\\\/www.linkedin.com\\\/company\\\/sinalart\",\"https:\\\/\\\/www.youtube.com\\\/user\\\/SinalArte\"]}]}<\/script>\n<!-- \/ Yoast SEO plugin. -->","yoast_head_json":{"title":"Mod 11q - Sinalarte","description":"Painel para ve\u00edculos que exibam cart\u00e3o de estacionamento para pessoas com defici\u00eancia ou que transportem gr\u00e1vidas ou acompanhantes de crian\u00e7as de colo.","robots":{"index":"index","follow":"follow","max-snippet":"max-snippet:-1","max-image-preview":"max-image-preview:large","max-video-preview":"max-video-preview:-1"},"canonical":"https:\/\/www.sinalarte.pt\/v1\/produtos\/mod-11q-indicadores-de-veiculos-a-que-se-aplica-a-regulamentacao\/","og_locale":"pt_PT","og_type":"article","og_title":"Mod 11q - Sinalarte","og_description":"Painel para ve\u00edculos que exibam cart\u00e3o de estacionamento para pessoas com defici\u00eancia ou que transportem gr\u00e1vidas ou acompanhantes de crian\u00e7as de colo.","og_url":"https:\/\/www.sinalarte.pt\/v1\/produtos\/mod-11q-indicadores-de-veiculos-a-que-se-aplica-a-regulamentacao\/","og_site_name":"Sinalarte","article_publisher":"https:\/\/www.facebook.com\/Sinalarte\/","article_modified_time":"2024-01-09T15:32:05+00:00","og_image":[{"width":629,"height":626,"url":"https:\/\/www.sinalarte.pt\/v1\/wp-content\/uploads\/2020\/04\/Mod11q-Indicadores_de_veiculos_a_que_se_aplica_a_regulamentacao.png","type":"image\/png"}],"twitter_card":"summary_large_image","twitter_misc":{"Tempo estimado de leitura":"1 minuto"},"schema":{"@context":"https:\/\/schema.org","@graph":[{"@type":"WebPage","@id":"https:\/\/www.sinalarte.pt\/v1\/produtos\/mod-11q-indicadores-de-veiculos-a-que-se-aplica-a-regulamentacao\/","url":"https:\/\/www.sinalarte.pt\/v1\/produtos\/mod-11q-indicadores-de-veiculos-a-que-se-aplica-a-regulamentacao\/","name":"Mod 11q - Sinalarte","isPartOf":{"@id":"https:\/\/www.sinalarte.pt\/v1\/#website"},"primaryImageOfPage":{"@id":"https:\/\/www.sinalarte.pt\/v1\/produtos\/mod-11q-indicadores-de-veiculos-a-que-se-aplica-a-regulamentacao\/#primaryimage"},"image":{"@id":"https:\/\/www.sinalarte.pt\/v1\/produtos\/mod-11q-indicadores-de-veiculos-a-que-se-aplica-a-regulamentacao\/#primaryimage"},"thumbnailUrl":"https:\/\/i0.wp.com\/www.sinalarte.pt\/v1\/wp-content\/uploads\/2020\/04\/Mod11q-Indicadores_de_veiculos_a_que_se_aplica_a_regulamentacao.png?fit=629%2C626&ssl=1","datePublished":"2020-04-23T15:56:53+00:00","dateModified":"2024-01-09T15:32:05+00:00","description":"Painel para ve\u00edculos que exibam cart\u00e3o de estacionamento para pessoas com defici\u00eancia ou que transportem gr\u00e1vidas ou acompanhantes de crian\u00e7as de colo.","breadcrumb":{"@id":"https:\/\/www.sinalarte.pt\/v1\/produtos\/mod-11q-indicadores-de-veiculos-a-que-se-aplica-a-regulamentacao\/#breadcrumb"},"inLanguage":"pt-PT","potentialAction":[{"@type":"ReadAction","target":["https:\/\/www.sinalarte.pt\/v1\/produtos\/mod-11q-indicadores-de-veiculos-a-que-se-aplica-a-regulamentacao\/"]}]},{"@type":"ImageObject","inLanguage":"pt-PT","@id":"https:\/\/www.sinalarte.pt\/v1\/produtos\/mod-11q-indicadores-de-veiculos-a-que-se-aplica-a-regulamentacao\/#primaryimage","url":"https:\/\/i0.wp.com\/www.sinalarte.pt\/v1\/wp-content\/uploads\/2020\/04\/Mod11q-Indicadores_de_veiculos_a_que_se_aplica_a_regulamentacao.png?fit=629%2C626&ssl=1","contentUrl":"https:\/\/i0.wp.com\/www.sinalarte.pt\/v1\/wp-content\/uploads\/2020\/04\/Mod11q-Indicadores_de_veiculos_a_que_se_aplica_a_regulamentacao.png?fit=629%2C626&ssl=1","width":629,"height":626,"caption":"Mod11q - Indicadores de ve\u00edculos a que se aplica a regulamenta\u00e7\u00e3o"},{"@type":"BreadcrumbList","@id":"https:\/\/www.sinalarte.pt\/v1\/produtos\/mod-11q-indicadores-de-veiculos-a-que-se-aplica-a-regulamentacao\/#breadcrumb","itemListElement":[{"@type":"ListItem","position":1,"name":"Home","item":"https:\/\/www.sinalarte.pt\/v1\/"},{"@type":"ListItem","position":2,"name":"Produtos","item":"https:\/\/www.sinalarte.pt\/v1\/produtos\/"},{"@type":"ListItem","position":3,"name":"Sinaliza\u00e7\u00e3o Vertical","item":"https:\/\/www.sinalarte.pt\/v1\/categoria-produto\/sinalizacao-vertical\/"},{"@type":"ListItem","position":4,"name":"Sinais Regulamentares","item":"https:\/\/www.sinalarte.pt\/v1\/categoria-produto\/sinalizacao-vertical\/sinais-regulamentares\/"},{"@type":"ListItem","position":5,"name":"Pain\u00e9is Adicionais","item":"https:\/\/www.sinalarte.pt\/v1\/categoria-produto\/sinalizacao-vertical\/sinais-regulamentares\/paineis-adicionais\/"},{"@type":"ListItem","position":6,"name":"Mod 11q"}]},{"@type":"WebSite","@id":"https:\/\/www.sinalarte.pt\/v1\/#website","url":"https:\/\/www.sinalarte.pt\/v1\/","name":"Sinalarte","description":"Ind\u00fastria de Sinaliza\u00e7\u00e3o","publisher":{"@id":"https:\/\/www.sinalarte.pt\/v1\/#organization"},"potentialAction":[{"@type":"SearchAction","target":{"@type":"EntryPoint","urlTemplate":"https:\/\/www.sinalarte.pt\/v1\/?s={search_term_string}"},"query-input":{"@type":"PropertyValueSpecification","valueRequired":true,"valueName":"search_term_string"}}],"inLanguage":"pt-PT"},{"@type":"Organization","@id":"https:\/\/www.sinalarte.pt\/v1\/#organization","name":"Sinalarte","alternateName":"Ind\u00fastria de Sinaliza\u00e7\u00e3o","url":"https:\/\/www.sinalarte.pt\/v1\/","logo":{"@type":"ImageObject","inLanguage":"pt-PT","@id":"https:\/\/www.sinalarte.pt\/v1\/#\/schema\/logo\/image\/","url":"https:\/\/i0.wp.com\/www.sinalarte.pt\/v1\/wp-content\/uploads\/2020\/09\/logo_sinalarte.png?fit=180%2C100&ssl=1","contentUrl":"https:\/\/i0.wp.com\/www.sinalarte.pt\/v1\/wp-content\/uploads\/2020\/09\/logo_sinalarte.png?fit=180%2C100&ssl=1","width":180,"height":100,"caption":"Sinalarte"},"image":{"@id":"https:\/\/www.sinalarte.pt\/v1\/#\/schema\/logo\/image\/"},"sameAs":["https:\/\/www.facebook.com\/Sinalarte\/","https:\/\/www.instagram.com\/sinalarte\/","https:\/\/www.linkedin.com\/company\/sinalart","https:\/\/www.youtube.com\/user\/SinalArte"]}]}},"jetpack_sharing_enabled":true,"jetpack_likes_enabled":false,"_links":{"self":[{"href":"https:\/\/www.sinalarte.pt\/v1\/wp-json\/wp\/v2\/product\/3113","targetHints":{"allow":["GET"]}}],"collection":[{"href":"https:\/\/www.sinalarte.pt\/v1\/wp-json\/wp\/v2\/product"}],"about":[{"href":"https:\/\/www.sinalarte.pt\/v1\/wp-json\/wp\/v2\/types\/product"}],"version-history":[{"count":2,"href":"https:\/\/www.sinalarte.pt\/v1\/wp-json\/wp\/v2\/product\/3113\/revisions"}],"predecessor-version":[{"id":10135,"href":"https:\/\/www.sinalarte.pt\/v1\/wp-json\/wp\/v2\/product\/3113\/revisions\/10135"}],"wp:featuredmedia":[{"embeddable":true,"href":"https:\/\/www.sinalarte.pt\/v1\/wp-json\/wp\/v2\/media\/8761"}],"wp:attachment":[{"href":"https:\/\/www.sinalarte.pt\/v1\/wp-json\/wp\/v2\/media?parent=3113"}],"wp:term":[{"taxonomy":"product_brand","embeddable":true,"href":"https:\/\/www.sinalarte.pt\/v1\/wp-json\/wp\/v2\/product_brand?post=3113"},{"taxonomy":"product_cat","embeddable":true,"href":"https:\/\/www.sinalarte.pt\/v1\/wp-json\/wp\/v2\/product_cat?post=3113"},{"taxonomy":"product_tag","embeddable":true,"href":"https:\/\/www.sinalarte.pt\/v1\/wp-json\/wp\/v2\/product_tag?post=3113"}],"curies":[{"name":"wp","href":"https:\/\/api.w.org\/{rel}","templated":true}]}}