{"id":2752,"date":"2020-04-06T16:44:58","date_gmt":"2020-04-06T15:44:58","guid":{"rendered":"https:\/\/www.sinalarte.pt\/v1\/?post_type=product&#038;p=2752"},"modified":"2024-01-22T16:46:56","modified_gmt":"2024-01-22T16:46:56","slug":"g2a-zona-de-estacionamento-proibido","status":"publish","type":"product","link":"https:\/\/www.sinalarte.pt\/v1\/produtos\/g2a-zona-de-estacionamento-proibido\/","title":{"rendered":"G2a"},"content":{"rendered":"","protected":false},"excerpt":{"rendered":"<p>Zona de estacionamento proibido<br \/>\nProduzido em chapa de alum\u00ednio com aro em perfil de alum\u00ednio<\/p>\n<h6>A imagem \u00e9 meramente ilustrativa. Consulte a descri\u00e7\u00e3o do produto.<\/h6>\n","protected":false},"featured_media":8894,"template":"","meta":[],"product_brand":[],"product_cat":[78],"product_tag":[81],"class_list":{"0":"post-2752","1":"product","2":"type-product","3":"status-publish","4":"has-post-thumbnail","6":"product_cat-sinais-de-zona-sinais-regulamentares","7":"product_tag-sinais-de-zona","9":"first","10":"instock","11":"shipping-taxable","12":"purchasable","13":"product-type-variable"},"yoast_head":"<!-- This site is optimized with the Yoast SEO plugin v26.6 - https:\/\/yoast.com\/wordpress\/plugins\/seo\/ -->\n<title>G2a - Sinalarte<\/title>\n<meta name=\"description\" content=\"Sinal de zona. Zona de estacionamento proibido: o sinal d\u00e1 a indica\u00e7\u00e3o de entrada numa zona em que o estacionamento \u00e9 proibido.\" \/>\n<meta name=\"robots\" content=\"index, follow, max-snippet:-1, max-image-preview:large, max-video-preview:-1\" \/>\n<link rel=\"canonical\" href=\"https:\/\/www.sinalarte.pt\/v1\/produtos\/g2a-zona-de-estacionamento-proibido\/\" \/>\n<meta property=\"og:locale\" content=\"pt_PT\" \/>\n<meta property=\"og:type\" content=\"article\" \/>\n<meta property=\"og:title\" content=\"G2a - Sinalarte\" \/>\n<meta property=\"og:description\" content=\"Sinal de zona. Zona de estacionamento proibido: o sinal d\u00e1 a indica\u00e7\u00e3o de entrada numa zona em que o estacionamento \u00e9 proibido.\" \/>\n<meta property=\"og:url\" content=\"https:\/\/www.sinalarte.pt\/v1\/produtos\/g2a-zona-de-estacionamento-proibido\/\" \/>\n<meta property=\"og:site_name\" content=\"Sinalarte\" \/>\n<meta property=\"article:publisher\" content=\"https:\/\/www.facebook.com\/Sinalarte\/\" \/>\n<meta property=\"article:modified_time\" content=\"2024-01-22T16:46:56+00:00\" \/>\n<meta property=\"og:image\" content=\"https:\/\/www.sinalarte.pt\/v1\/wp-content\/uploads\/2020\/04\/G2a-Zona_de_estacionamento_proibido.png\" \/>\n\t<meta property=\"og:image:width\" content=\"518\" \/>\n\t<meta property=\"og:image:height\" content=\"626\" \/>\n\t<meta property=\"og:image:type\" content=\"image\/png\" \/>\n<meta name=\"twitter:card\" content=\"summary_large_image\" \/>\n<meta name=\"twitter:label1\" content=\"Tempo estimado de leitura\" \/>\n\t<meta name=\"twitter:data1\" content=\"1 minuto\" \/>\n<script type=\"application\/ld+json\" class=\"yoast-schema-graph\">{\"@context\":\"https:\/\/schema.org\",\"@graph\":[{\"@type\":\"WebPage\",\"@id\":\"https:\/\/www.sinalarte.pt\/v1\/produtos\/g2a-zona-de-estacionamento-proibido\/\",\"url\":\"https:\/\/www.sinalarte.pt\/v1\/produtos\/g2a-zona-de-estacionamento-proibido\/\",\"name\":\"G2a - Sinalarte\",\"isPartOf\":{\"@id\":\"https:\/\/www.sinalarte.pt\/v1\/#website\"},\"primaryImageOfPage\":{\"@id\":\"https:\/\/www.sinalarte.pt\/v1\/produtos\/g2a-zona-de-estacionamento-proibido\/#primaryimage\"},\"image\":{\"@id\":\"https:\/\/www.sinalarte.pt\/v1\/produtos\/g2a-zona-de-estacionamento-proibido\/#primaryimage\"},\"thumbnailUrl\":\"https:\/\/i0.wp.com\/www.sinalarte.pt\/v1\/wp-content\/uploads\/2020\/04\/G2a-Zona_de_estacionamento_proibido.png?fit=518%2C626&ssl=1\",\"datePublished\":\"2020-04-06T15:44:58+00:00\",\"dateModified\":\"2024-01-22T16:46:56+00:00\",\"description\":\"Sinal de zona. Zona de estacionamento proibido: o sinal d\u00e1 a indica\u00e7\u00e3o de entrada numa zona em que o estacionamento \u00e9 proibido.\",\"breadcrumb\":{\"@id\":\"https:\/\/www.sinalarte.pt\/v1\/produtos\/g2a-zona-de-estacionamento-proibido\/#breadcrumb\"},\"inLanguage\":\"pt-PT\",\"potentialAction\":[{\"@type\":\"ReadAction\",\"target\":[\"https:\/\/www.sinalarte.pt\/v1\/produtos\/g2a-zona-de-estacionamento-proibido\/\"]}]},{\"@type\":\"ImageObject\",\"inLanguage\":\"pt-PT\",\"@id\":\"https:\/\/www.sinalarte.pt\/v1\/produtos\/g2a-zona-de-estacionamento-proibido\/#primaryimage\",\"url\":\"https:\/\/i0.wp.com\/www.sinalarte.pt\/v1\/wp-content\/uploads\/2020\/04\/G2a-Zona_de_estacionamento_proibido.png?fit=518%2C626&ssl=1\",\"contentUrl\":\"https:\/\/i0.wp.com\/www.sinalarte.pt\/v1\/wp-content\/uploads\/2020\/04\/G2a-Zona_de_estacionamento_proibido.png?fit=518%2C626&ssl=1\",\"width\":518,\"height\":626,\"caption\":\"G2a - Zona de estacionamento proibido\"},{\"@type\":\"BreadcrumbList\",\"@id\":\"https:\/\/www.sinalarte.pt\/v1\/produtos\/g2a-zona-de-estacionamento-proibido\/#breadcrumb\",\"itemListElement\":[{\"@type\":\"ListItem\",\"position\":1,\"name\":\"Home\",\"item\":\"https:\/\/www.sinalarte.pt\/v1\/\"},{\"@type\":\"ListItem\",\"position\":2,\"name\":\"Produtos\",\"item\":\"https:\/\/www.sinalarte.pt\/v1\/produtos\/\"},{\"@type\":\"ListItem\",\"position\":3,\"name\":\"Sinaliza\u00e7\u00e3o Vertical\",\"item\":\"https:\/\/www.sinalarte.pt\/v1\/categoria-produto\/sinalizacao-vertical\/\"},{\"@type\":\"ListItem\",\"position\":4,\"name\":\"Sinais Regulamentares\",\"item\":\"https:\/\/www.sinalarte.pt\/v1\/categoria-produto\/sinalizacao-vertical\/sinais-regulamentares\/\"},{\"@type\":\"ListItem\",\"position\":5,\"name\":\"Sinais de Zona\",\"item\":\"https:\/\/www.sinalarte.pt\/v1\/categoria-produto\/sinalizacao-vertical\/sinais-regulamentares\/sinais-de-zona-sinais-regulamentares\/\"},{\"@type\":\"ListItem\",\"position\":6,\"name\":\"G2a\"}]},{\"@type\":\"WebSite\",\"@id\":\"https:\/\/www.sinalarte.pt\/v1\/#website\",\"url\":\"https:\/\/www.sinalarte.pt\/v1\/\",\"name\":\"Sinalarte\",\"description\":\"Ind\u00fastria de Sinaliza\u00e7\u00e3o\",\"publisher\":{\"@id\":\"https:\/\/www.sinalarte.pt\/v1\/#organization\"},\"potentialAction\":[{\"@type\":\"SearchAction\",\"target\":{\"@type\":\"EntryPoint\",\"urlTemplate\":\"https:\/\/www.sinalarte.pt\/v1\/?s={search_term_string}\"},\"query-input\":{\"@type\":\"PropertyValueSpecification\",\"valueRequired\":true,\"valueName\":\"search_term_string\"}}],\"inLanguage\":\"pt-PT\"},{\"@type\":\"Organization\",\"@id\":\"https:\/\/www.sinalarte.pt\/v1\/#organization\",\"name\":\"Sinalarte\",\"alternateName\":\"Ind\u00fastria de Sinaliza\u00e7\u00e3o\",\"url\":\"https:\/\/www.sinalarte.pt\/v1\/\",\"logo\":{\"@type\":\"ImageObject\",\"inLanguage\":\"pt-PT\",\"@id\":\"https:\/\/www.sinalarte.pt\/v1\/#\/schema\/logo\/image\/\",\"url\":\"https:\/\/i0.wp.com\/www.sinalarte.pt\/v1\/wp-content\/uploads\/2020\/09\/logo_sinalarte.png?fit=180%2C100&ssl=1\",\"contentUrl\":\"https:\/\/i0.wp.com\/www.sinalarte.pt\/v1\/wp-content\/uploads\/2020\/09\/logo_sinalarte.png?fit=180%2C100&ssl=1\",\"width\":180,\"height\":100,\"caption\":\"Sinalarte\"},\"image\":{\"@id\":\"https:\/\/www.sinalarte.pt\/v1\/#\/schema\/logo\/image\/\"},\"sameAs\":[\"https:\/\/www.facebook.com\/Sinalarte\/\",\"https:\/\/www.instagram.com\/sinalarte\/\",\"https:\/\/www.linkedin.com\/company\/sinalart\",\"https:\/\/www.youtube.com\/user\/SinalArte\"]}]}<\/script>\n<!-- \/ Yoast SEO plugin. -->","yoast_head_json":{"title":"G2a - Sinalarte","description":"Sinal de zona. Zona de estacionamento proibido: o sinal d\u00e1 a indica\u00e7\u00e3o de entrada numa zona em que o estacionamento \u00e9 proibido.","robots":{"index":"index","follow":"follow","max-snippet":"max-snippet:-1","max-image-preview":"max-image-preview:large","max-video-preview":"max-video-preview:-1"},"canonical":"https:\/\/www.sinalarte.pt\/v1\/produtos\/g2a-zona-de-estacionamento-proibido\/","og_locale":"pt_PT","og_type":"article","og_title":"G2a - Sinalarte","og_description":"Sinal de zona. Zona de estacionamento proibido: o sinal d\u00e1 a indica\u00e7\u00e3o de entrada numa zona em que o estacionamento \u00e9 proibido.","og_url":"https:\/\/www.sinalarte.pt\/v1\/produtos\/g2a-zona-de-estacionamento-proibido\/","og_site_name":"Sinalarte","article_publisher":"https:\/\/www.facebook.com\/Sinalarte\/","article_modified_time":"2024-01-22T16:46:56+00:00","og_image":[{"width":518,"height":626,"url":"https:\/\/www.sinalarte.pt\/v1\/wp-content\/uploads\/2020\/04\/G2a-Zona_de_estacionamento_proibido.png","type":"image\/png"}],"twitter_card":"summary_large_image","twitter_misc":{"Tempo estimado de leitura":"1 minuto"},"schema":{"@context":"https:\/\/schema.org","@graph":[{"@type":"WebPage","@id":"https:\/\/www.sinalarte.pt\/v1\/produtos\/g2a-zona-de-estacionamento-proibido\/","url":"https:\/\/www.sinalarte.pt\/v1\/produtos\/g2a-zona-de-estacionamento-proibido\/","name":"G2a - Sinalarte","isPartOf":{"@id":"https:\/\/www.sinalarte.pt\/v1\/#website"},"primaryImageOfPage":{"@id":"https:\/\/www.sinalarte.pt\/v1\/produtos\/g2a-zona-de-estacionamento-proibido\/#primaryimage"},"image":{"@id":"https:\/\/www.sinalarte.pt\/v1\/produtos\/g2a-zona-de-estacionamento-proibido\/#primaryimage"},"thumbnailUrl":"https:\/\/i0.wp.com\/www.sinalarte.pt\/v1\/wp-content\/uploads\/2020\/04\/G2a-Zona_de_estacionamento_proibido.png?fit=518%2C626&ssl=1","datePublished":"2020-04-06T15:44:58+00:00","dateModified":"2024-01-22T16:46:56+00:00","description":"Sinal de zona. Zona de estacionamento proibido: o sinal d\u00e1 a indica\u00e7\u00e3o de entrada numa zona em que o estacionamento \u00e9 proibido.","breadcrumb":{"@id":"https:\/\/www.sinalarte.pt\/v1\/produtos\/g2a-zona-de-estacionamento-proibido\/#breadcrumb"},"inLanguage":"pt-PT","potentialAction":[{"@type":"ReadAction","target":["https:\/\/www.sinalarte.pt\/v1\/produtos\/g2a-zona-de-estacionamento-proibido\/"]}]},{"@type":"ImageObject","inLanguage":"pt-PT","@id":"https:\/\/www.sinalarte.pt\/v1\/produtos\/g2a-zona-de-estacionamento-proibido\/#primaryimage","url":"https:\/\/i0.wp.com\/www.sinalarte.pt\/v1\/wp-content\/uploads\/2020\/04\/G2a-Zona_de_estacionamento_proibido.png?fit=518%2C626&ssl=1","contentUrl":"https:\/\/i0.wp.com\/www.sinalarte.pt\/v1\/wp-content\/uploads\/2020\/04\/G2a-Zona_de_estacionamento_proibido.png?fit=518%2C626&ssl=1","width":518,"height":626,"caption":"G2a - Zona de estacionamento proibido"},{"@type":"BreadcrumbList","@id":"https:\/\/www.sinalarte.pt\/v1\/produtos\/g2a-zona-de-estacionamento-proibido\/#breadcrumb","itemListElement":[{"@type":"ListItem","position":1,"name":"Home","item":"https:\/\/www.sinalarte.pt\/v1\/"},{"@type":"ListItem","position":2,"name":"Produtos","item":"https:\/\/www.sinalarte.pt\/v1\/produtos\/"},{"@type":"ListItem","position":3,"name":"Sinaliza\u00e7\u00e3o Vertical","item":"https:\/\/www.sinalarte.pt\/v1\/categoria-produto\/sinalizacao-vertical\/"},{"@type":"ListItem","position":4,"name":"Sinais Regulamentares","item":"https:\/\/www.sinalarte.pt\/v1\/categoria-produto\/sinalizacao-vertical\/sinais-regulamentares\/"},{"@type":"ListItem","position":5,"name":"Sinais de Zona","item":"https:\/\/www.sinalarte.pt\/v1\/categoria-produto\/sinalizacao-vertical\/sinais-regulamentares\/sinais-de-zona-sinais-regulamentares\/"},{"@type":"ListItem","position":6,"name":"G2a"}]},{"@type":"WebSite","@id":"https:\/\/www.sinalarte.pt\/v1\/#website","url":"https:\/\/www.sinalarte.pt\/v1\/","name":"Sinalarte","description":"Ind\u00fastria de Sinaliza\u00e7\u00e3o","publisher":{"@id":"https:\/\/www.sinalarte.pt\/v1\/#organization"},"potentialAction":[{"@type":"SearchAction","target":{"@type":"EntryPoint","urlTemplate":"https:\/\/www.sinalarte.pt\/v1\/?s={search_term_string}"},"query-input":{"@type":"PropertyValueSpecification","valueRequired":true,"valueName":"search_term_string"}}],"inLanguage":"pt-PT"},{"@type":"Organization","@id":"https:\/\/www.sinalarte.pt\/v1\/#organization","name":"Sinalarte","alternateName":"Ind\u00fastria de Sinaliza\u00e7\u00e3o","url":"https:\/\/www.sinalarte.pt\/v1\/","logo":{"@type":"ImageObject","inLanguage":"pt-PT","@id":"https:\/\/www.sinalarte.pt\/v1\/#\/schema\/logo\/image\/","url":"https:\/\/i0.wp.com\/www.sinalarte.pt\/v1\/wp-content\/uploads\/2020\/09\/logo_sinalarte.png?fit=180%2C100&ssl=1","contentUrl":"https:\/\/i0.wp.com\/www.sinalarte.pt\/v1\/wp-content\/uploads\/2020\/09\/logo_sinalarte.png?fit=180%2C100&ssl=1","width":180,"height":100,"caption":"Sinalarte"},"image":{"@id":"https:\/\/www.sinalarte.pt\/v1\/#\/schema\/logo\/image\/"},"sameAs":["https:\/\/www.facebook.com\/Sinalarte\/","https:\/\/www.instagram.com\/sinalarte\/","https:\/\/www.linkedin.com\/company\/sinalart","https:\/\/www.youtube.com\/user\/SinalArte"]}]}},"jetpack_sharing_enabled":true,"jetpack_likes_enabled":false,"_links":{"self":[{"href":"https:\/\/www.sinalarte.pt\/v1\/wp-json\/wp\/v2\/product\/2752","targetHints":{"allow":["GET"]}}],"collection":[{"href":"https:\/\/www.sinalarte.pt\/v1\/wp-json\/wp\/v2\/product"}],"about":[{"href":"https:\/\/www.sinalarte.pt\/v1\/wp-json\/wp\/v2\/types\/product"}],"version-history":[{"count":6,"href":"https:\/\/www.sinalarte.pt\/v1\/wp-json\/wp\/v2\/product\/2752\/revisions"}],"predecessor-version":[{"id":10946,"href":"https:\/\/www.sinalarte.pt\/v1\/wp-json\/wp\/v2\/product\/2752\/revisions\/10946"}],"wp:featuredmedia":[{"embeddable":true,"href":"https:\/\/www.sinalarte.pt\/v1\/wp-json\/wp\/v2\/media\/8894"}],"wp:attachment":[{"href":"https:\/\/www.sinalarte.pt\/v1\/wp-json\/wp\/v2\/media?parent=2752"}],"wp:term":[{"taxonomy":"product_brand","embeddable":true,"href":"https:\/\/www.sinalarte.pt\/v1\/wp-json\/wp\/v2\/product_brand?post=2752"},{"taxonomy":"product_cat","embeddable":true,"href":"https:\/\/www.sinalarte.pt\/v1\/wp-json\/wp\/v2\/product_cat?post=2752"},{"taxonomy":"product_tag","embeddable":true,"href":"https:\/\/www.sinalarte.pt\/v1\/wp-json\/wp\/v2\/product_tag?post=2752"}],"curies":[{"name":"wp","href":"https:\/\/api.w.org\/{rel}","templated":true}]}}