{"id":11419,"date":"2023-06-12T14:41:26","date_gmt":"2023-06-12T13:41:26","guid":{"rendered":"https:\/\/www.sinalarte.pt\/v1\/?post_type=product&#038;p=11419"},"modified":"2024-09-27T16:29:09","modified_gmt":"2024-09-27T15:29:09","slug":"sistema-de-detecao-ultrarrapida-de-incendios-florestais","status":"publish","type":"product","link":"https:\/\/www.sinalarte.pt\/v1\/produtos\/sistema-de-detecao-ultrarrapida-de-incendios-florestais\/","title":{"rendered":"Dete\u00e7\u00e3o Ultrarr\u00e1pida de Inc\u00eandios Florestais"},"content":{"rendered":"<p style=\"text-align: left;\"><span class=\"WdYUQQ text-decoration-none text-strikethrough-none\"><img data-recalc-dims=\"1\" fetchpriority=\"high\" decoding=\"async\" class=\"wp-image-12994 aligncenter\" src=\"https:\/\/i0.wp.com\/www.sinalarte.pt\/v1\/wp-content\/uploads\/2024\/07\/Dryad-Tempo.png?resize=711%2C334&#038;ssl=1\" alt=\"\" width=\"711\" height=\"334\" srcset=\"https:\/\/i0.wp.com\/www.sinalarte.pt\/v1\/wp-content\/uploads\/2024\/07\/Dryad-Tempo.png?resize=100%2C47&amp;ssl=1 100w, https:\/\/i0.wp.com\/www.sinalarte.pt\/v1\/wp-content\/uploads\/2024\/07\/Dryad-Tempo.png?resize=200%2C95&amp;ssl=1 200w, https:\/\/i0.wp.com\/www.sinalarte.pt\/v1\/wp-content\/uploads\/2024\/07\/Dryad-Tempo.png?zoom=2&amp;resize=711%2C334&amp;ssl=1 1422w, https:\/\/i0.wp.com\/www.sinalarte.pt\/v1\/wp-content\/uploads\/2024\/07\/Dryad-Tempo.png?zoom=3&amp;resize=711%2C334&amp;ssl=1 2133w\" sizes=\"(max-width: 711px) 100vw, 711px\" \/><\/span><\/p>\n<p style=\"text-align: left;\"><span class=\"WdYUQQ text-decoration-none text-strikethrough-none\">A solu\u00e7\u00e3o <\/span><span class=\"WdYUQQ text-decoration-none text-strikethrough-none\">\u00e9 um complemento \u00e0s abordagens j\u00e1 existentes de dete\u00e7\u00e3o de inc\u00eandios como c\u00e2maras, sat\u00e9lites e torres de observa\u00e7\u00e3o.\u00a0<\/span>\u00c9 constitu\u00edda por:<\/p>\n<p><strong>Sensor Silvanet:<\/strong> sensor alimentado a energia solar, projetado para detetar inc\u00eandios florestais durante os est\u00e1gios iniciais (mesmo durante a fase de combust\u00e3o lenta, nos primeiros minutos) e monitorizar o microclima, medindo temperatura, humidade e press\u00e3o do ar<\/p>\n<p><strong>Gateway Mesh Silvanet:<\/strong> gateway alimentada a energia solar e colocada na pr\u00f3pria floresta, formando uma rede mesh com uma dist\u00e2ncia t\u00edpica de 2 a 6 km, dependendo da topologia e localiza\u00e7\u00e3o f\u00edsica das Gateways Mesh. Utiliza apenas a rede LoRa para comunicar com outras Gateways Mesh ou com uma Gateway Border<\/p>\n<p><strong>Gateway Border Silvanet:<\/strong> gateway colocada na fronteira da \u00e1rea de floresta alvo. A Gateway Border comunica com a plataforma Cloud Silvanet, retransmitindo mensagens dos sensores (direta ou indiretamente atrav\u00e9s das Gateways Mesh)<\/p>\n<p><strong>Plataforma Cloud Silvanet:<\/strong> plataforma de gest\u00e3o de dispositivos, monitoriza\u00e7\u00e3o e alarm\u00edstica que captura os dados recebidos dos Sensores Silvanet. Fornece uma interface Web para utilizadores finais do sistema, permitindo a gest\u00e3o e visualiza\u00e7\u00e3o dos sensores, bem como os dados que os mesmos fornecem.<\/p>\n<p><iframe title=\"Dryad Intro\" width=\"900\" height=\"506\" src=\"https:\/\/www.youtube.com\/embed\/YKHcrDAgZxg?feature=oembed\" frameborder=\"0\" allow=\"accelerometer; autoplay; clipboard-write; encrypted-media; gyroscope; picture-in-picture; web-share\" referrerpolicy=\"strict-origin-when-cross-origin\" allowfullscreen><\/iframe><\/p>\n","protected":false},"excerpt":{"rendered":"<p>Esta solu\u00e7\u00e3o permite detetar um inc\u00eandio florestal ainda na sua fase latente (sem chama), permitindo reduzir drasticamente o tempo de resposta dos agentes de combate a inc\u00eandios, diminuindo o risco a que est\u00e3o expostos e protegendo a vida humana, animal e ambiental.<\/p>\n<p>Um sistema com v\u00e1rios benef\u00edcios econ\u00f3micos, sociais e ambientais associados.<\/p>\n<ul>\n<li>Dete\u00e7\u00e3o de inc\u00eandios florestais logo nos primeiros minutos<\/li>\n<li>Rea\u00e7\u00e3o e mobiliza\u00e7\u00e3o mais precoce dos meios de combate a inc\u00eandios<\/li>\n<li>Sistema de monitoriza\u00e7\u00e3o e alerta 24\/7, em tempo-real, de grandes \u00e1reas florestais<\/li>\n<li>Redu\u00e7\u00e3o dos custos operacionais de combate a inc\u00eandios<\/li>\n<li>Acompanhamento e recolha dos dados atualizados e de forma cont\u00ednua<\/li>\n<li>Planeamento florestal mais eficaz.<\/li>\n<\/ul>\n<p><strong>Obs.:<\/strong> Para pedido de cota\u00e7\u00e3o contactar atrav\u00e9s do e-mail <a href=\"mailto:comercial@sinalarte.pt\"><strong>comercial@sinalarte.pt<\/strong><\/a><\/p>\n","protected":false},"featured_media":13323,"template":"","meta":[],"product_brand":[],"product_cat":[356],"product_tag":[],"class_list":{"0":"post-11419","1":"product","2":"type-product","3":"status-publish","4":"has-post-thumbnail","6":"product_cat-sistema-de-estacionamento","8":"first","9":"instock","10":"shipping-taxable","11":"product-type-simple"},"yoast_head":"<!-- This site is optimized with the Yoast SEO plugin v27.4 - https:\/\/yoast.com\/product\/yoast-seo-wordpress\/ -->\n<title>Dete\u00e7\u00e3o Ultrarr\u00e1pida de Inc\u00eandios Florestais - Sinalarte<\/title>\n<meta name=\"description\" content=\"Solu\u00e7\u00e3o que permite detetar um inc\u00eandio florestal ainda na sua fase inicial, permitindo reduzir drasticamente o tempo de resposta a este fen\u00f3meno.\" \/>\n<meta name=\"robots\" content=\"index, follow, max-snippet:-1, max-image-preview:large, max-video-preview:-1\" \/>\n<link rel=\"canonical\" href=\"https:\/\/www.sinalarte.pt\/v1\/produtos\/sistema-de-detecao-ultrarrapida-de-incendios-florestais\/\" \/>\n<meta property=\"og:locale\" content=\"pt_PT\" \/>\n<meta property=\"og:type\" content=\"article\" \/>\n<meta property=\"og:title\" content=\"Dete\u00e7\u00e3o Ultrarr\u00e1pida de Inc\u00eandios Florestais - Sinalarte\" \/>\n<meta property=\"og:description\" content=\"Solu\u00e7\u00e3o que permite detetar um inc\u00eandio florestal ainda na sua fase inicial, permitindo reduzir drasticamente o tempo de resposta a este fen\u00f3meno.\" \/>\n<meta property=\"og:url\" content=\"https:\/\/www.sinalarte.pt\/v1\/produtos\/sistema-de-detecao-ultrarrapida-de-incendios-florestais\/\" \/>\n<meta property=\"og:site_name\" content=\"Sinalarte\" \/>\n<meta property=\"article:publisher\" content=\"https:\/\/www.facebook.com\/Sinalarte\/\" \/>\n<meta property=\"article:modified_time\" content=\"2024-09-27T15:29:09+00:00\" \/>\n<meta property=\"og:image\" content=\"https:\/\/www.sinalarte.pt\/v1\/wp-content\/uploads\/2023\/06\/Detecao-Ultrarrapida-de-Incendios-Florestais.png\" \/>\n\t<meta property=\"og:image:width\" content=\"2500\" \/>\n\t<meta property=\"og:image:height\" content=\"2500\" \/>\n\t<meta property=\"og:image:type\" content=\"image\/png\" \/>\n<meta name=\"twitter:card\" content=\"summary_large_image\" \/>\n<meta name=\"twitter:label1\" content=\"Tempo estimado de leitura\" \/>\n\t<meta name=\"twitter:data1\" content=\"2 minutos\" \/>\n<script type=\"application\/ld+json\" class=\"yoast-schema-graph\">{\"@context\":\"https:\\\/\\\/schema.org\",\"@graph\":[{\"@type\":\"WebPage\",\"@id\":\"https:\\\/\\\/www.sinalarte.pt\\\/v1\\\/produtos\\\/sistema-de-detecao-ultrarrapida-de-incendios-florestais\\\/\",\"url\":\"https:\\\/\\\/www.sinalarte.pt\\\/v1\\\/produtos\\\/sistema-de-detecao-ultrarrapida-de-incendios-florestais\\\/\",\"name\":\"Dete\u00e7\u00e3o Ultrarr\u00e1pida de Inc\u00eandios Florestais - Sinalarte\",\"isPartOf\":{\"@id\":\"https:\\\/\\\/www.sinalarte.pt\\\/v1\\\/#website\"},\"primaryImageOfPage\":{\"@id\":\"https:\\\/\\\/www.sinalarte.pt\\\/v1\\\/produtos\\\/sistema-de-detecao-ultrarrapida-de-incendios-florestais\\\/#primaryimage\"},\"image\":{\"@id\":\"https:\\\/\\\/www.sinalarte.pt\\\/v1\\\/produtos\\\/sistema-de-detecao-ultrarrapida-de-incendios-florestais\\\/#primaryimage\"},\"thumbnailUrl\":\"https:\\\/\\\/i0.wp.com\\\/www.sinalarte.pt\\\/v1\\\/wp-content\\\/uploads\\\/2023\\\/06\\\/Detecao-Ultrarrapida-de-Incendios-Florestais.png?fit=2500%2C2500&ssl=1\",\"datePublished\":\"2023-06-12T13:41:26+00:00\",\"dateModified\":\"2024-09-27T15:29:09+00:00\",\"description\":\"Solu\u00e7\u00e3o que permite detetar um inc\u00eandio florestal ainda na sua fase inicial, permitindo reduzir drasticamente o tempo de resposta a este fen\u00f3meno.\",\"breadcrumb\":{\"@id\":\"https:\\\/\\\/www.sinalarte.pt\\\/v1\\\/produtos\\\/sistema-de-detecao-ultrarrapida-de-incendios-florestais\\\/#breadcrumb\"},\"inLanguage\":\"pt-PT\",\"potentialAction\":[{\"@type\":\"ReadAction\",\"target\":[\"https:\\\/\\\/www.sinalarte.pt\\\/v1\\\/produtos\\\/sistema-de-detecao-ultrarrapida-de-incendios-florestais\\\/\"]}]},{\"@type\":\"ImageObject\",\"inLanguage\":\"pt-PT\",\"@id\":\"https:\\\/\\\/www.sinalarte.pt\\\/v1\\\/produtos\\\/sistema-de-detecao-ultrarrapida-de-incendios-florestais\\\/#primaryimage\",\"url\":\"https:\\\/\\\/i0.wp.com\\\/www.sinalarte.pt\\\/v1\\\/wp-content\\\/uploads\\\/2023\\\/06\\\/Detecao-Ultrarrapida-de-Incendios-Florestais.png?fit=2500%2C2500&ssl=1\",\"contentUrl\":\"https:\\\/\\\/i0.wp.com\\\/www.sinalarte.pt\\\/v1\\\/wp-content\\\/uploads\\\/2023\\\/06\\\/Detecao-Ultrarrapida-de-Incendios-Florestais.png?fit=2500%2C2500&ssl=1\",\"width\":2500,\"height\":2500},{\"@type\":\"BreadcrumbList\",\"@id\":\"https:\\\/\\\/www.sinalarte.pt\\\/v1\\\/produtos\\\/sistema-de-detecao-ultrarrapida-de-incendios-florestais\\\/#breadcrumb\",\"itemListElement\":[{\"@type\":\"ListItem\",\"position\":1,\"name\":\"Home\",\"item\":\"https:\\\/\\\/www.sinalarte.pt\\\/v1\\\/\"},{\"@type\":\"ListItem\",\"position\":2,\"name\":\"Produtos\",\"item\":\"https:\\\/\\\/www.sinalarte.pt\\\/v1\\\/produtos\\\/\"},{\"@type\":\"ListItem\",\"position\":3,\"name\":\"Sistemas e Redes de Sensoriza\u00e7\u00e3o\",\"item\":\"https:\\\/\\\/www.sinalarte.pt\\\/v1\\\/categoria-produto\\\/sistema-de-estacionamento\\\/\"},{\"@type\":\"ListItem\",\"position\":4,\"name\":\"Dete\u00e7\u00e3o Ultrarr\u00e1pida de Inc\u00eandios Florestais\"}]},{\"@type\":\"WebSite\",\"@id\":\"https:\\\/\\\/www.sinalarte.pt\\\/v1\\\/#website\",\"url\":\"https:\\\/\\\/www.sinalarte.pt\\\/v1\\\/\",\"name\":\"Sinalarte\",\"description\":\"Ind\u00fastria de Sinaliza\u00e7\u00e3o\",\"publisher\":{\"@id\":\"https:\\\/\\\/www.sinalarte.pt\\\/v1\\\/#organization\"},\"potentialAction\":[{\"@type\":\"SearchAction\",\"target\":{\"@type\":\"EntryPoint\",\"urlTemplate\":\"https:\\\/\\\/www.sinalarte.pt\\\/v1\\\/?s={search_term_string}\"},\"query-input\":{\"@type\":\"PropertyValueSpecification\",\"valueRequired\":true,\"valueName\":\"search_term_string\"}}],\"inLanguage\":\"pt-PT\"},{\"@type\":\"Organization\",\"@id\":\"https:\\\/\\\/www.sinalarte.pt\\\/v1\\\/#organization\",\"name\":\"Sinalarte\",\"alternateName\":\"Ind\u00fastria de Sinaliza\u00e7\u00e3o\",\"url\":\"https:\\\/\\\/www.sinalarte.pt\\\/v1\\\/\",\"logo\":{\"@type\":\"ImageObject\",\"inLanguage\":\"pt-PT\",\"@id\":\"https:\\\/\\\/www.sinalarte.pt\\\/v1\\\/#\\\/schema\\\/logo\\\/image\\\/\",\"url\":\"https:\\\/\\\/i0.wp.com\\\/www.sinalarte.pt\\\/v1\\\/wp-content\\\/uploads\\\/2020\\\/09\\\/logo_sinalarte.png?fit=180%2C100&ssl=1\",\"contentUrl\":\"https:\\\/\\\/i0.wp.com\\\/www.sinalarte.pt\\\/v1\\\/wp-content\\\/uploads\\\/2020\\\/09\\\/logo_sinalarte.png?fit=180%2C100&ssl=1\",\"width\":180,\"height\":100,\"caption\":\"Sinalarte\"},\"image\":{\"@id\":\"https:\\\/\\\/www.sinalarte.pt\\\/v1\\\/#\\\/schema\\\/logo\\\/image\\\/\"},\"sameAs\":[\"https:\\\/\\\/www.facebook.com\\\/Sinalarte\\\/\",\"https:\\\/\\\/www.instagram.com\\\/sinalarte\\\/\",\"https:\\\/\\\/www.linkedin.com\\\/company\\\/sinalart\",\"https:\\\/\\\/www.youtube.com\\\/user\\\/SinalArte\"]}]}<\/script>\n<!-- \/ Yoast SEO plugin. -->","yoast_head_json":{"title":"Dete\u00e7\u00e3o Ultrarr\u00e1pida de Inc\u00eandios Florestais - Sinalarte","description":"Solu\u00e7\u00e3o que permite detetar um inc\u00eandio florestal ainda na sua fase inicial, permitindo reduzir drasticamente o tempo de resposta a este fen\u00f3meno.","robots":{"index":"index","follow":"follow","max-snippet":"max-snippet:-1","max-image-preview":"max-image-preview:large","max-video-preview":"max-video-preview:-1"},"canonical":"https:\/\/www.sinalarte.pt\/v1\/produtos\/sistema-de-detecao-ultrarrapida-de-incendios-florestais\/","og_locale":"pt_PT","og_type":"article","og_title":"Dete\u00e7\u00e3o Ultrarr\u00e1pida de Inc\u00eandios Florestais - Sinalarte","og_description":"Solu\u00e7\u00e3o que permite detetar um inc\u00eandio florestal ainda na sua fase inicial, permitindo reduzir drasticamente o tempo de resposta a este fen\u00f3meno.","og_url":"https:\/\/www.sinalarte.pt\/v1\/produtos\/sistema-de-detecao-ultrarrapida-de-incendios-florestais\/","og_site_name":"Sinalarte","article_publisher":"https:\/\/www.facebook.com\/Sinalarte\/","article_modified_time":"2024-09-27T15:29:09+00:00","og_image":[{"width":2500,"height":2500,"url":"https:\/\/www.sinalarte.pt\/v1\/wp-content\/uploads\/2023\/06\/Detecao-Ultrarrapida-de-Incendios-Florestais.png","type":"image\/png"}],"twitter_card":"summary_large_image","twitter_misc":{"Tempo estimado de leitura":"2 minutos"},"schema":{"@context":"https:\/\/schema.org","@graph":[{"@type":"WebPage","@id":"https:\/\/www.sinalarte.pt\/v1\/produtos\/sistema-de-detecao-ultrarrapida-de-incendios-florestais\/","url":"https:\/\/www.sinalarte.pt\/v1\/produtos\/sistema-de-detecao-ultrarrapida-de-incendios-florestais\/","name":"Dete\u00e7\u00e3o Ultrarr\u00e1pida de Inc\u00eandios Florestais - Sinalarte","isPartOf":{"@id":"https:\/\/www.sinalarte.pt\/v1\/#website"},"primaryImageOfPage":{"@id":"https:\/\/www.sinalarte.pt\/v1\/produtos\/sistema-de-detecao-ultrarrapida-de-incendios-florestais\/#primaryimage"},"image":{"@id":"https:\/\/www.sinalarte.pt\/v1\/produtos\/sistema-de-detecao-ultrarrapida-de-incendios-florestais\/#primaryimage"},"thumbnailUrl":"https:\/\/i0.wp.com\/www.sinalarte.pt\/v1\/wp-content\/uploads\/2023\/06\/Detecao-Ultrarrapida-de-Incendios-Florestais.png?fit=2500%2C2500&ssl=1","datePublished":"2023-06-12T13:41:26+00:00","dateModified":"2024-09-27T15:29:09+00:00","description":"Solu\u00e7\u00e3o que permite detetar um inc\u00eandio florestal ainda na sua fase inicial, permitindo reduzir drasticamente o tempo de resposta a este fen\u00f3meno.","breadcrumb":{"@id":"https:\/\/www.sinalarte.pt\/v1\/produtos\/sistema-de-detecao-ultrarrapida-de-incendios-florestais\/#breadcrumb"},"inLanguage":"pt-PT","potentialAction":[{"@type":"ReadAction","target":["https:\/\/www.sinalarte.pt\/v1\/produtos\/sistema-de-detecao-ultrarrapida-de-incendios-florestais\/"]}]},{"@type":"ImageObject","inLanguage":"pt-PT","@id":"https:\/\/www.sinalarte.pt\/v1\/produtos\/sistema-de-detecao-ultrarrapida-de-incendios-florestais\/#primaryimage","url":"https:\/\/i0.wp.com\/www.sinalarte.pt\/v1\/wp-content\/uploads\/2023\/06\/Detecao-Ultrarrapida-de-Incendios-Florestais.png?fit=2500%2C2500&ssl=1","contentUrl":"https:\/\/i0.wp.com\/www.sinalarte.pt\/v1\/wp-content\/uploads\/2023\/06\/Detecao-Ultrarrapida-de-Incendios-Florestais.png?fit=2500%2C2500&ssl=1","width":2500,"height":2500},{"@type":"BreadcrumbList","@id":"https:\/\/www.sinalarte.pt\/v1\/produtos\/sistema-de-detecao-ultrarrapida-de-incendios-florestais\/#breadcrumb","itemListElement":[{"@type":"ListItem","position":1,"name":"Home","item":"https:\/\/www.sinalarte.pt\/v1\/"},{"@type":"ListItem","position":2,"name":"Produtos","item":"https:\/\/www.sinalarte.pt\/v1\/produtos\/"},{"@type":"ListItem","position":3,"name":"Sistemas e Redes de Sensoriza\u00e7\u00e3o","item":"https:\/\/www.sinalarte.pt\/v1\/categoria-produto\/sistema-de-estacionamento\/"},{"@type":"ListItem","position":4,"name":"Dete\u00e7\u00e3o Ultrarr\u00e1pida de Inc\u00eandios Florestais"}]},{"@type":"WebSite","@id":"https:\/\/www.sinalarte.pt\/v1\/#website","url":"https:\/\/www.sinalarte.pt\/v1\/","name":"Sinalarte","description":"Ind\u00fastria de Sinaliza\u00e7\u00e3o","publisher":{"@id":"https:\/\/www.sinalarte.pt\/v1\/#organization"},"potentialAction":[{"@type":"SearchAction","target":{"@type":"EntryPoint","urlTemplate":"https:\/\/www.sinalarte.pt\/v1\/?s={search_term_string}"},"query-input":{"@type":"PropertyValueSpecification","valueRequired":true,"valueName":"search_term_string"}}],"inLanguage":"pt-PT"},{"@type":"Organization","@id":"https:\/\/www.sinalarte.pt\/v1\/#organization","name":"Sinalarte","alternateName":"Ind\u00fastria de Sinaliza\u00e7\u00e3o","url":"https:\/\/www.sinalarte.pt\/v1\/","logo":{"@type":"ImageObject","inLanguage":"pt-PT","@id":"https:\/\/www.sinalarte.pt\/v1\/#\/schema\/logo\/image\/","url":"https:\/\/i0.wp.com\/www.sinalarte.pt\/v1\/wp-content\/uploads\/2020\/09\/logo_sinalarte.png?fit=180%2C100&ssl=1","contentUrl":"https:\/\/i0.wp.com\/www.sinalarte.pt\/v1\/wp-content\/uploads\/2020\/09\/logo_sinalarte.png?fit=180%2C100&ssl=1","width":180,"height":100,"caption":"Sinalarte"},"image":{"@id":"https:\/\/www.sinalarte.pt\/v1\/#\/schema\/logo\/image\/"},"sameAs":["https:\/\/www.facebook.com\/Sinalarte\/","https:\/\/www.instagram.com\/sinalarte\/","https:\/\/www.linkedin.com\/company\/sinalart","https:\/\/www.youtube.com\/user\/SinalArte"]}]}},"jetpack_sharing_enabled":true,"jetpack_likes_enabled":false,"_links":{"self":[{"href":"https:\/\/www.sinalarte.pt\/v1\/wp-json\/wp\/v2\/product\/11419","targetHints":{"allow":["GET"]}}],"collection":[{"href":"https:\/\/www.sinalarte.pt\/v1\/wp-json\/wp\/v2\/product"}],"about":[{"href":"https:\/\/www.sinalarte.pt\/v1\/wp-json\/wp\/v2\/types\/product"}],"version-history":[{"count":68,"href":"https:\/\/www.sinalarte.pt\/v1\/wp-json\/wp\/v2\/product\/11419\/revisions"}],"predecessor-version":[{"id":13119,"href":"https:\/\/www.sinalarte.pt\/v1\/wp-json\/wp\/v2\/product\/11419\/revisions\/13119"}],"wp:featuredmedia":[{"embeddable":true,"href":"https:\/\/www.sinalarte.pt\/v1\/wp-json\/wp\/v2\/media\/13323"}],"wp:attachment":[{"href":"https:\/\/www.sinalarte.pt\/v1\/wp-json\/wp\/v2\/media?parent=11419"}],"wp:term":[{"taxonomy":"product_brand","embeddable":true,"href":"https:\/\/www.sinalarte.pt\/v1\/wp-json\/wp\/v2\/product_brand?post=11419"},{"taxonomy":"product_cat","embeddable":true,"href":"https:\/\/www.sinalarte.pt\/v1\/wp-json\/wp\/v2\/product_cat?post=11419"},{"taxonomy":"product_tag","embeddable":true,"href":"https:\/\/www.sinalarte.pt\/v1\/wp-json\/wp\/v2\/product_tag?post=11419"}],"curies":[{"name":"wp","href":"https:\/\/api.w.org\/{rel}","templated":true}]}}