{"id":901,"date":"2020-01-07T15:26:06","date_gmt":"2020-01-07T15:26:06","guid":{"rendered":"http:\/\/localhost\/wordpress\/wordpress-5.2.2\/wordpress\/?page_id=901"},"modified":"2023-06-16T10:32:36","modified_gmt":"2023-06-16T09:32:36","slug":"contactos","status":"publish","type":"page","link":"https:\/\/www.sinalarte.pt\/v1\/contactos\/","title":{"rendered":"Contactos"},"content":{"rendered":"\t\t<div data-elementor-type=\"wp-page\" data-elementor-id=\"901\" class=\"elementor elementor-901\">\n\t\t\t\t\t\t<section class=\"elementor-section elementor-top-section elementor-element elementor-element-752748c elementor-section-boxed elementor-section-height-default elementor-section-height-default\" data-id=\"752748c\" data-element_type=\"section\">\n\t\t\t\t\t\t<div class=\"elementor-container elementor-column-gap-default\">\n\t\t\t\t\t<div class=\"elementor-column elementor-col-100 elementor-top-column elementor-element elementor-element-a63b7d7\" data-id=\"a63b7d7\" data-element_type=\"column\">\n\t\t\t<div class=\"elementor-widget-wrap elementor-element-populated\">\n\t\t\t\t\t\t<div class=\"elementor-element elementor-element-d560c90 elementor-widget__width-inherit elementor-widget elementor-widget-google_maps\" data-id=\"d560c90\" data-element_type=\"widget\" data-widget_type=\"google_maps.default\">\n\t\t\t\t<div class=\"elementor-widget-container\">\n\t\t\t\t\t\t\t<div class=\"elementor-custom-embed\">\n\t\t\t<iframe loading=\"lazy\"\n\t\t\t\t\tsrc=\"https:\/\/maps.google.com\/maps?q=Sinalarte%20-%20Ind%C3%BAstria%20de%20Sinaliza%C3%A7%C3%A3o%2C%20Lda&#038;t=m&#038;z=15&#038;output=embed&#038;iwloc=near\"\n\t\t\t\t\ttitle=\"Sinalarte - Ind\u00fastria de Sinaliza\u00e7\u00e3o, Lda\"\n\t\t\t\t\taria-label=\"Sinalarte - Ind\u00fastria de Sinaliza\u00e7\u00e3o, Lda\"\n\t\t\t><\/iframe>\n\t\t<\/div>\n\t\t\t\t\t\t<\/div>\n\t\t\t\t<\/div>\n\t\t\t\t\t<\/div>\n\t\t<\/div>\n\t\t\t\t\t<\/div>\n\t\t<\/section>\n\t\t\t\t<section class=\"elementor-section elementor-top-section elementor-element elementor-element-64d47148 elementor-section-boxed elementor-section-height-default elementor-section-height-default\" data-id=\"64d47148\" data-element_type=\"section\">\n\t\t\t\t\t\t<div class=\"elementor-container elementor-column-gap-default\">\n\t\t\t\t\t<div class=\"elementor-column elementor-col-100 elementor-top-column elementor-element elementor-element-40c9c58f\" data-id=\"40c9c58f\" data-element_type=\"column\">\n\t\t\t<div class=\"elementor-widget-wrap elementor-element-populated\">\n\t\t\t\t\t\t<div class=\"elementor-element elementor-element-a06432f elementor-widget__width-initial elementor-widget elementor-widget-shortcode\" data-id=\"a06432f\" data-element_type=\"widget\" data-widget_type=\"shortcode.default\">\n\t\t\t\t<div class=\"elementor-widget-container\">\n\t\t\t\t\t\t\t<div class=\"elementor-shortcode\">\n<div class=\"wpcf7 no-js\" id=\"wpcf7-f895-o1\" lang=\"pt-PT\" dir=\"ltr\" data-wpcf7-id=\"895\">\n<div class=\"screen-reader-response\"><p role=\"status\" aria-live=\"polite\" aria-atomic=\"true\"><\/p> <ul><\/ul><\/div>\n<form action=\"\/v1\/wp-json\/wp\/v2\/pages\/901#wpcf7-f895-o1\" method=\"post\" class=\"wpcf7-form init\" aria-label=\"Formul\u00e1rio de contacto\" novalidate=\"novalidate\" data-status=\"init\">\n<fieldset class=\"hidden-fields-container\"><input type=\"hidden\" name=\"_wpcf7\" value=\"895\" \/><input type=\"hidden\" name=\"_wpcf7_version\" value=\"6.1.5\" \/><input type=\"hidden\" name=\"_wpcf7_locale\" value=\"pt_PT\" \/><input type=\"hidden\" name=\"_wpcf7_unit_tag\" value=\"wpcf7-f895-o1\" \/><input type=\"hidden\" name=\"_wpcf7_container_post\" value=\"0\" \/><input type=\"hidden\" name=\"_wpcf7_posted_data_hash\" value=\"\" \/><input type=\"hidden\" name=\"_wpcf7_recaptcha_response\" value=\"\" \/>\n<\/fieldset>\n<p><label> <span class=\"wpcf7-form-control-wrap\" data-name=\"your-name\"><input size=\"40\" maxlength=\"400\" class=\"wpcf7-form-control wpcf7-text wpcf7-validates-as-required\" aria-required=\"true\" aria-invalid=\"false\" placeholder=\"Nome\" value=\"\" type=\"text\" name=\"your-name\" \/><\/span> <\/label><br \/>\n<label> <span class=\"wpcf7-form-control-wrap\" data-name=\"your-email\"><input size=\"40\" maxlength=\"400\" class=\"wpcf7-form-control wpcf7-email wpcf7-validates-as-required wpcf7-text wpcf7-validates-as-email\" aria-required=\"true\" aria-invalid=\"false\" placeholder=\"E-mail\" value=\"\" type=\"email\" name=\"your-email\" \/><\/span><\/label><br \/>\n<label> <span class=\"wpcf7-form-control-wrap\" data-name=\"Telemvel\"><input size=\"40\" maxlength=\"400\" class=\"wpcf7-form-control wpcf7-tel wpcf7-validates-as-required wpcf7-text wpcf7-validates-as-tel\" aria-required=\"true\" aria-invalid=\"false\" placeholder=\"Contacto\" value=\"\" type=\"tel\" name=\"Telemvel\" \/><\/span><\/label><br \/>\n<label> <span class=\"wpcf7-form-control-wrap\" data-name=\"your-subject\"><input size=\"40\" maxlength=\"400\" class=\"wpcf7-form-control wpcf7-text wpcf7-validates-as-required\" aria-required=\"true\" aria-invalid=\"false\" placeholder=\"Assunto:\" value=\"\" type=\"text\" name=\"your-subject\" \/><\/span> <\/label><br \/>\n<label> <i>A sua mensagem:<\/i> <span class=\"wpcf7-form-control-wrap\" data-name=\"your-message\"><textarea cols=\"40\" rows=\"10\" maxlength=\"2000\" class=\"wpcf7-form-control wpcf7-textarea\" aria-invalid=\"false\" name=\"your-message\"><\/textarea><\/span> <\/label><br \/>\n<span class=\"wpcf7-form-control-wrap\" data-name=\"PolticadePrivacidade\"><span class=\"wpcf7-form-control wpcf7-acceptance\"><span class=\"wpcf7-list-item\"><label><input type=\"checkbox\" name=\"PolticadePrivacidade\" value=\"1\" aria-invalid=\"false\" \/><span class=\"wpcf7-list-item-label\"><small> Li e aceito a <a href=\"https:\/\/www.sinalarte.pt\/v1\/politica-privacidade\/\">Pol\u00edtica de Privacidade <\/a> da Sinalarte <\/small><\/span><\/label><\/span><\/span><\/span><br \/>\n<span class=\"wpcf7-form-control-wrap\" data-name=\"Newsletter\"><span class=\"wpcf7-form-control wpcf7-acceptance optional\"><span class=\"wpcf7-list-item\"><label><input type=\"checkbox\" name=\"Newsletter\" value=\"1\" aria-invalid=\"false\" \/><span class=\"wpcf7-list-item-label\"><small>Quero subscrever a newsletter da Sinalarte!<\/small><\/span><\/label><\/span><\/span><\/span><br \/>\n<input class=\"wpcf7-form-control wpcf7-submit has-spinner\" type=\"submit\" value=\"Enviar Mensagem\" \/>\n<\/p><p style=\"display: none !important;\" class=\"akismet-fields-container\" data-prefix=\"_wpcf7_ak_\"><label>&#916;<textarea name=\"_wpcf7_ak_hp_textarea\" cols=\"45\" rows=\"8\" maxlength=\"100\"><\/textarea><\/label><input type=\"hidden\" id=\"ak_js_1\" name=\"_wpcf7_ak_js\" value=\"215\"\/><script>document.getElementById( \"ak_js_1\" ).setAttribute( \"value\", ( new Date() ).getTime() );<\/script><\/p><div class=\"wpcf7-response-output\" aria-hidden=\"true\"><\/div>\n<\/form>\n<\/div>\n<\/div>\n\t\t\t\t\t\t<\/div>\n\t\t\t\t<\/div>\n\t\t\t\t\t<\/div>\n\t\t<\/div>\n\t\t\t\t<div class=\"elementor-column elementor-col-100 elementor-top-column elementor-element elementor-element-6c566d3\" data-id=\"6c566d3\" data-element_type=\"column\">\n\t\t\t<div class=\"elementor-widget-wrap elementor-element-populated\">\n\t\t\t\t\t\t<div class=\"elementor-element elementor-element-3dea829 elementor-widget__width-initial elementor-widget elementor-widget-text-editor\" data-id=\"3dea829\" data-element_type=\"widget\" data-widget_type=\"text-editor.default\">\n\t\t\t\t<div class=\"elementor-widget-container\">\n\t\t\t\t\t\t\t\t\t<h4 style=\"line-height: 25px; margin-bottom: 14px; color: #369b19 !important; margin-top: 15px !important;\">Contacte-nos<\/h4><div style=\"color: #777777; font-size: 14px; margin-bottom: 30px !important;\"><div style=\"margin-bottom: 0px;\"><p style=\"line-height: inherit;\">Tem alguma quest\u00e3o que nos queira colocar?<\/p><p style=\"line-height: inherit;\">Envie-nos uma mensagem atrav\u00e9s do formul\u00e1rio de contacto nesta p\u00e1gina ou utilize os meios alternativos:<\/p><p style=\"line-height: inherit;\"><strong> Tel:<\/strong> (+351) 234 729 130 (Chamada para a rede fixa nacional)<br \/><strong>Fax:<\/strong> (+351) 234 729 131<br \/><strong>Email:<\/strong>\u00a0 <a href=\"mailto:comercial@sinalarte.pt\">comercial@sinalarte.pt<\/a><\/p><\/div><div style=\"margin-bottom: 30px !important;\"><hr style=\"box-sizing: content-box; height: 1px; margin-right: auto; margin-left: auto; border-top: 0px; background-image: linear-gradient(to right, transparent, rgba(0, 0, 0, 0.15), transparent);\" \/><\/div><h4 style=\"line-height: 25px; margin-bottom: 14px; color: #ff6511 !important;\"><span style=\"color: #369b19;\">Morada de <\/span><strong style=\"color: #369b19;\">correspond\u00eancia\u00a0<\/strong><\/h4><h3 style=\"font-size: 14px; line-height: 1.2em; color: #777777; margin-bottom: 0px; letter-spacing: normal;\" data-ultimate-target=\"#Info-box-wrap-5661 .aio-icon-title\" data-responsive-json-new=\"{\"><strong>Sinalarte &#8211; Ind\u00fastria de Sinaliza\u00e7\u00e3o Lda.<\/strong><\/h3><p>Zona Industrial de Oi\u00e3, Lote C25, Apartado 50<br \/>3770-908 Oi\u00e3<br \/>PORTUGAL<\/p><h4 style=\"line-height: 25px; margin-bottom: 14px; color: #ff6511 !important;\"><span style=\"color: #369b19;\">Morada da <\/span><strong style=\"color: #369b19;\">Sede\u00a0<\/strong><\/h4><h3 style=\"font-size: 14px; line-height: 1.2em; color: #777777; margin-bottom: 0px; letter-spacing: normal;\" data-ultimate-target=\"#Info-box-wrap-5661 .aio-icon-title\" data-responsive-json-new=\"{\"><strong>Sinalarte &#8211; Ind\u00fastria de Sinaliza\u00e7\u00e3o Lda.<\/strong><\/h3><p>Zona Industrial de Oi\u00e3, Lote C25, Rua do Kart\u00f3dromo<br \/>3770-068 Oi\u00e3<br \/>PORTUGAL<\/p><\/div><div style=\"color: #777777; font-size: 14px; margin-bottom: 30px !important;\"><hr style=\"box-sizing: content-box; height: 1px; margin-right: auto; margin-left: auto; border-top: 0px; background-image: linear-gradient(to right, transparent, rgba(0, 0, 0, 0.15), transparent);\" \/><\/div><h4 style=\"line-height: 25px; margin-bottom: 14px; color: #ff6511 !important;\"><span style=\"color: #369b19;\">Hor\u00e1rio de\u00a0<\/span><strong style=\"color: #369b19;\">Funcionamento\u00a0<\/strong><\/h4><h3 style=\"line-height: 1.2em; color: #777777; margin-bottom: 0px; font-size: 14px; letter-spacing: normal;\" data-ultimate-target=\"#Info-box-wrap-5661 .aio-icon-title\" data-responsive-json-new=\"{\"><strong>Segunda &#8211; Sexta<\/strong>: 09h00 \u00e0s 18h00<\/h3><div style=\"margin-bottom: 0px; color: #777777; font-size: 14px;\"><div style=\"margin-bottom: 30px; transition: all 0.3s ease 0s; opacity: 1;\"><div style=\"display: table-cell; vertical-align: middle;\"><strong>S\u00e1bado e Domingo<\/strong>: Encerrado<\/div><\/div><\/div><div style=\"display: table-cell; vertical-align: middle;\">\u00a0<\/div>\t\t\t\t\t\t\t\t<\/div>\n\t\t\t\t<\/div>\n\t\t\t\t\t<\/div>\n\t\t<\/div>\n\t\t\t\t\t<\/div>\n\t\t<\/section>\n\t\t\t\t<\/div>\n\t\t","protected":false},"excerpt":{"rendered":"<p>Contacte-nos Tem alguma quest\u00e3o que nos queira colocar? Envie-nos uma mensagem atrav\u00e9s do formul\u00e1rio de contacto nesta p\u00e1gina ou utilize os meios alternativos: Tel: (+351) 234 729 130 (Chamada para a rede fixa nacional) Fax: (+351) 234 729 131 Email:&nbsp; comercial@sinalarte.pt Morada de correspond\u00eancia&nbsp; Sinalarte &#8211; Ind\u00fastria de Sinaliza\u00e7\u00e3o Lda. Zona Industrial de Oi\u00e3, Lote [&hellip;]<\/p>\n","protected":false},"author":7,"featured_media":0,"parent":0,"menu_order":0,"comment_status":"closed","ping_status":"closed","template":"fullwidth.php","meta":{"footnotes":""},"class_list":["post-901","page","type-page","status-publish","hentry"],"yoast_head":"<!-- This site is optimized with the Yoast SEO plugin v27.4 - https:\/\/yoast.com\/product\/yoast-seo-wordpress\/ -->\n<title>Contactos - Sinalarte<\/title>\n<meta name=\"description\" content=\"Contacte-nos de segunda a sexta-feira, atrav\u00e9s do formul\u00e1rio dispon\u00edvel na nossa p\u00e1gina ou pelos meios alternativos.\" \/>\n<meta name=\"robots\" content=\"index, follow, max-snippet:-1, max-image-preview:large, max-video-preview:-1\" \/>\n<link rel=\"canonical\" href=\"https:\/\/www.sinalarte.pt\/v1\/contactos\/\" \/>\n<meta property=\"og:locale\" content=\"pt_PT\" \/>\n<meta property=\"og:type\" content=\"article\" \/>\n<meta property=\"og:title\" content=\"Contactos - Sinalarte\" \/>\n<meta property=\"og:description\" content=\"Contacte-nos de segunda a sexta-feira, atrav\u00e9s do formul\u00e1rio dispon\u00edvel na nossa p\u00e1gina ou pelos meios alternativos.\" \/>\n<meta property=\"og:url\" content=\"https:\/\/www.sinalarte.pt\/v1\/contactos\/\" \/>\n<meta property=\"og:site_name\" content=\"Sinalarte\" \/>\n<meta property=\"article:publisher\" content=\"https:\/\/www.facebook.com\/Sinalarte\/\" \/>\n<meta property=\"article:modified_time\" content=\"2023-06-16T09:32:36+00:00\" \/>\n<meta name=\"twitter:card\" content=\"summary_large_image\" \/>\n<meta name=\"twitter:label1\" content=\"Tempo estimado de leitura\" \/>\n\t<meta name=\"twitter:data1\" content=\"1 minuto\" \/>\n<script type=\"application\/ld+json\" class=\"yoast-schema-graph\">{\"@context\":\"https:\\\/\\\/schema.org\",\"@graph\":[{\"@type\":\"WebPage\",\"@id\":\"https:\\\/\\\/www.sinalarte.pt\\\/v1\\\/contactos\\\/\",\"url\":\"https:\\\/\\\/www.sinalarte.pt\\\/v1\\\/contactos\\\/\",\"name\":\"Contactos - Sinalarte\",\"isPartOf\":{\"@id\":\"https:\\\/\\\/www.sinalarte.pt\\\/v1\\\/#website\"},\"datePublished\":\"2020-01-07T15:26:06+00:00\",\"dateModified\":\"2023-06-16T09:32:36+00:00\",\"description\":\"Contacte-nos de segunda a sexta-feira, atrav\u00e9s do formul\u00e1rio dispon\u00edvel na nossa p\u00e1gina ou pelos meios alternativos.\",\"breadcrumb\":{\"@id\":\"https:\\\/\\\/www.sinalarte.pt\\\/v1\\\/contactos\\\/#breadcrumb\"},\"inLanguage\":\"pt-PT\",\"potentialAction\":[{\"@type\":\"ReadAction\",\"target\":[\"https:\\\/\\\/www.sinalarte.pt\\\/v1\\\/contactos\\\/\"]}]},{\"@type\":\"BreadcrumbList\",\"@id\":\"https:\\\/\\\/www.sinalarte.pt\\\/v1\\\/contactos\\\/#breadcrumb\",\"itemListElement\":[{\"@type\":\"ListItem\",\"position\":1,\"name\":\"Home\",\"item\":\"https:\\\/\\\/www.sinalarte.pt\\\/v1\\\/\"},{\"@type\":\"ListItem\",\"position\":2,\"name\":\"Contactos\"}]},{\"@type\":\"WebSite\",\"@id\":\"https:\\\/\\\/www.sinalarte.pt\\\/v1\\\/#website\",\"url\":\"https:\\\/\\\/www.sinalarte.pt\\\/v1\\\/\",\"name\":\"Sinalarte\",\"description\":\"Ind\u00fastria de Sinaliza\u00e7\u00e3o\",\"publisher\":{\"@id\":\"https:\\\/\\\/www.sinalarte.pt\\\/v1\\\/#organization\"},\"potentialAction\":[{\"@type\":\"SearchAction\",\"target\":{\"@type\":\"EntryPoint\",\"urlTemplate\":\"https:\\\/\\\/www.sinalarte.pt\\\/v1\\\/?s={search_term_string}\"},\"query-input\":{\"@type\":\"PropertyValueSpecification\",\"valueRequired\":true,\"valueName\":\"search_term_string\"}}],\"inLanguage\":\"pt-PT\"},{\"@type\":\"Organization\",\"@id\":\"https:\\\/\\\/www.sinalarte.pt\\\/v1\\\/#organization\",\"name\":\"Sinalarte\",\"alternateName\":\"Ind\u00fastria de Sinaliza\u00e7\u00e3o\",\"url\":\"https:\\\/\\\/www.sinalarte.pt\\\/v1\\\/\",\"logo\":{\"@type\":\"ImageObject\",\"inLanguage\":\"pt-PT\",\"@id\":\"https:\\\/\\\/www.sinalarte.pt\\\/v1\\\/#\\\/schema\\\/logo\\\/image\\\/\",\"url\":\"https:\\\/\\\/i0.wp.com\\\/www.sinalarte.pt\\\/v1\\\/wp-content\\\/uploads\\\/2020\\\/09\\\/logo_sinalarte.png?fit=180%2C100&ssl=1\",\"contentUrl\":\"https:\\\/\\\/i0.wp.com\\\/www.sinalarte.pt\\\/v1\\\/wp-content\\\/uploads\\\/2020\\\/09\\\/logo_sinalarte.png?fit=180%2C100&ssl=1\",\"width\":180,\"height\":100,\"caption\":\"Sinalarte\"},\"image\":{\"@id\":\"https:\\\/\\\/www.sinalarte.pt\\\/v1\\\/#\\\/schema\\\/logo\\\/image\\\/\"},\"sameAs\":[\"https:\\\/\\\/www.facebook.com\\\/Sinalarte\\\/\",\"https:\\\/\\\/www.instagram.com\\\/sinalarte\\\/\",\"https:\\\/\\\/www.linkedin.com\\\/company\\\/sinalart\",\"https:\\\/\\\/www.youtube.com\\\/user\\\/SinalArte\"]}]}<\/script>\n<!-- \/ Yoast SEO plugin. -->","yoast_head_json":{"title":"Contactos - Sinalarte","description":"Contacte-nos de segunda a sexta-feira, atrav\u00e9s do formul\u00e1rio dispon\u00edvel na nossa p\u00e1gina ou pelos meios alternativos.","robots":{"index":"index","follow":"follow","max-snippet":"max-snippet:-1","max-image-preview":"max-image-preview:large","max-video-preview":"max-video-preview:-1"},"canonical":"https:\/\/www.sinalarte.pt\/v1\/contactos\/","og_locale":"pt_PT","og_type":"article","og_title":"Contactos - Sinalarte","og_description":"Contacte-nos de segunda a sexta-feira, atrav\u00e9s do formul\u00e1rio dispon\u00edvel na nossa p\u00e1gina ou pelos meios alternativos.","og_url":"https:\/\/www.sinalarte.pt\/v1\/contactos\/","og_site_name":"Sinalarte","article_publisher":"https:\/\/www.facebook.com\/Sinalarte\/","article_modified_time":"2023-06-16T09:32:36+00:00","twitter_card":"summary_large_image","twitter_misc":{"Tempo estimado de leitura":"1 minuto"},"schema":{"@context":"https:\/\/schema.org","@graph":[{"@type":"WebPage","@id":"https:\/\/www.sinalarte.pt\/v1\/contactos\/","url":"https:\/\/www.sinalarte.pt\/v1\/contactos\/","name":"Contactos - Sinalarte","isPartOf":{"@id":"https:\/\/www.sinalarte.pt\/v1\/#website"},"datePublished":"2020-01-07T15:26:06+00:00","dateModified":"2023-06-16T09:32:36+00:00","description":"Contacte-nos de segunda a sexta-feira, atrav\u00e9s do formul\u00e1rio dispon\u00edvel na nossa p\u00e1gina ou pelos meios alternativos.","breadcrumb":{"@id":"https:\/\/www.sinalarte.pt\/v1\/contactos\/#breadcrumb"},"inLanguage":"pt-PT","potentialAction":[{"@type":"ReadAction","target":["https:\/\/www.sinalarte.pt\/v1\/contactos\/"]}]},{"@type":"BreadcrumbList","@id":"https:\/\/www.sinalarte.pt\/v1\/contactos\/#breadcrumb","itemListElement":[{"@type":"ListItem","position":1,"name":"Home","item":"https:\/\/www.sinalarte.pt\/v1\/"},{"@type":"ListItem","position":2,"name":"Contactos"}]},{"@type":"WebSite","@id":"https:\/\/www.sinalarte.pt\/v1\/#website","url":"https:\/\/www.sinalarte.pt\/v1\/","name":"Sinalarte","description":"Ind\u00fastria de Sinaliza\u00e7\u00e3o","publisher":{"@id":"https:\/\/www.sinalarte.pt\/v1\/#organization"},"potentialAction":[{"@type":"SearchAction","target":{"@type":"EntryPoint","urlTemplate":"https:\/\/www.sinalarte.pt\/v1\/?s={search_term_string}"},"query-input":{"@type":"PropertyValueSpecification","valueRequired":true,"valueName":"search_term_string"}}],"inLanguage":"pt-PT"},{"@type":"Organization","@id":"https:\/\/www.sinalarte.pt\/v1\/#organization","name":"Sinalarte","alternateName":"Ind\u00fastria de Sinaliza\u00e7\u00e3o","url":"https:\/\/www.sinalarte.pt\/v1\/","logo":{"@type":"ImageObject","inLanguage":"pt-PT","@id":"https:\/\/www.sinalarte.pt\/v1\/#\/schema\/logo\/image\/","url":"https:\/\/i0.wp.com\/www.sinalarte.pt\/v1\/wp-content\/uploads\/2020\/09\/logo_sinalarte.png?fit=180%2C100&ssl=1","contentUrl":"https:\/\/i0.wp.com\/www.sinalarte.pt\/v1\/wp-content\/uploads\/2020\/09\/logo_sinalarte.png?fit=180%2C100&ssl=1","width":180,"height":100,"caption":"Sinalarte"},"image":{"@id":"https:\/\/www.sinalarte.pt\/v1\/#\/schema\/logo\/image\/"},"sameAs":["https:\/\/www.facebook.com\/Sinalarte\/","https:\/\/www.instagram.com\/sinalarte\/","https:\/\/www.linkedin.com\/company\/sinalart","https:\/\/www.youtube.com\/user\/SinalArte"]}]}},"jetpack_sharing_enabled":true,"jetpack_likes_enabled":false,"_links":{"self":[{"href":"https:\/\/www.sinalarte.pt\/v1\/wp-json\/wp\/v2\/pages\/901","targetHints":{"allow":["GET"]}}],"collection":[{"href":"https:\/\/www.sinalarte.pt\/v1\/wp-json\/wp\/v2\/pages"}],"about":[{"href":"https:\/\/www.sinalarte.pt\/v1\/wp-json\/wp\/v2\/types\/page"}],"author":[{"embeddable":true,"href":"https:\/\/www.sinalarte.pt\/v1\/wp-json\/wp\/v2\/users\/7"}],"replies":[{"embeddable":true,"href":"https:\/\/www.sinalarte.pt\/v1\/wp-json\/wp\/v2\/comments?post=901"}],"version-history":[{"count":35,"href":"https:\/\/www.sinalarte.pt\/v1\/wp-json\/wp\/v2\/pages\/901\/revisions"}],"predecessor-version":[{"id":11508,"href":"https:\/\/www.sinalarte.pt\/v1\/wp-json\/wp\/v2\/pages\/901\/revisions\/11508"}],"wp:attachment":[{"href":"https:\/\/www.sinalarte.pt\/v1\/wp-json\/wp\/v2\/media?parent=901"}],"curies":[{"name":"wp","href":"https:\/\/api.w.org\/{rel}","templated":true}]}}