{"id":86,"date":"2019-07-29T16:40:03","date_gmt":"2019-07-29T16:40:03","guid":{"rendered":"http:\/\/localhost\/wordpress\/wordpress-5.2.2\/wordpress\/?page_id=86"},"modified":"2025-12-17T16:03:28","modified_gmt":"2025-12-17T16:03:28","slug":"catalogos","status":"publish","type":"page","link":"https:\/\/www.sinalarte.pt\/v1\/catalogos\/","title":{"rendered":"Cat\u00e1logos"},"content":{"rendered":"\t\t<div data-elementor-type=\"wp-page\" data-elementor-id=\"86\" class=\"elementor elementor-86\">\n\t\t\t\t\t\t<section class=\"elementor-section elementor-top-section elementor-element elementor-element-402c99f5 elementor-section-boxed elementor-section-height-default elementor-section-height-default\" data-id=\"402c99f5\" data-element_type=\"section\">\n\t\t\t\t\t\t<div class=\"elementor-container elementor-column-gap-default\">\n\t\t\t\t\t<div class=\"elementor-column elementor-col-100 elementor-top-column elementor-element elementor-element-00dbcc8\" data-id=\"00dbcc8\" data-element_type=\"column\">\n\t\t\t<div class=\"elementor-widget-wrap\">\n\t\t\t\t\t\t\t<\/div>\n\t\t<\/div>\n\t\t\t\t\t<\/div>\n\t\t<\/section>\n\t\t\t\t<section class=\"elementor-section elementor-top-section elementor-element elementor-element-ab93bec elementor-section-content-middle elementor-section-boxed elementor-section-height-default elementor-section-height-default\" data-id=\"ab93bec\" data-element_type=\"section\">\n\t\t\t\t\t\t<div class=\"elementor-container elementor-column-gap-default\">\n\t\t\t\t\t<div class=\"elementor-column elementor-col-25 elementor-top-column elementor-element elementor-element-d62e114\" data-id=\"d62e114\" data-element_type=\"column\">\n\t\t\t<div class=\"elementor-widget-wrap\">\n\t\t\t\t\t\t\t<\/div>\n\t\t<\/div>\n\t\t\t\t<div class=\"elementor-column elementor-col-25 elementor-top-column elementor-element elementor-element-6ffce1b\" data-id=\"6ffce1b\" data-element_type=\"column\">\n\t\t\t<div class=\"elementor-widget-wrap elementor-element-populated\">\n\t\t\t\t\t\t<div class=\"elementor-element elementor-element-01045cf elementor-widget elementor-widget-image\" data-id=\"01045cf\" data-element_type=\"widget\" data-widget_type=\"image.default\">\n\t\t\t\t<div class=\"elementor-widget-container\">\n\t\t\t\t\t\t\t\t\t\t\t\t<figure class=\"wp-caption\">\n\t\t\t\t\t\t\t\t\t\t\t<a href=\"https:\/\/www.sinalarte.pt\/v1\/wp-content\/uploads\/2023\/11\/Signart-2023-Web.pdf\" target=\"_blank\">\n\t\t\t\t\t\t\t<img fetchpriority=\"high\" decoding=\"async\" width=\"1055\" height=\"1488\" src=\"https:\/\/i0.wp.com\/www.sinalarte.pt\/v1\/wp-content\/uploads\/2023\/04\/CAPAS-01.png?fit=1055%2C1488&amp;ssl=1\" class=\"attachment-full size-full wp-image-11183\" alt=\"\" srcset=\"https:\/\/i0.wp.com\/www.sinalarte.pt\/v1\/wp-content\/uploads\/2023\/04\/CAPAS-01.png?w=1055&amp;ssl=1 1055w, https:\/\/i0.wp.com\/www.sinalarte.pt\/v1\/wp-content\/uploads\/2023\/04\/CAPAS-01.png?resize=71%2C100&amp;ssl=1 71w, https:\/\/i0.wp.com\/www.sinalarte.pt\/v1\/wp-content\/uploads\/2023\/04\/CAPAS-01.png?resize=142%2C200&amp;ssl=1 142w, https:\/\/i0.wp.com\/www.sinalarte.pt\/v1\/wp-content\/uploads\/2023\/04\/CAPAS-01.png?resize=768%2C1083&amp;ssl=1 768w, https:\/\/i0.wp.com\/www.sinalarte.pt\/v1\/wp-content\/uploads\/2023\/04\/CAPAS-01.png?resize=200%2C282&amp;ssl=1 200w, https:\/\/i0.wp.com\/www.sinalarte.pt\/v1\/wp-content\/uploads\/2023\/04\/CAPAS-01.png?resize=800%2C1128&amp;ssl=1 800w\" sizes=\"(max-width: 900px) 100vw, 900px\" \/>\t\t\t\t\t\t\t\t<\/a>\n\t\t\t\t\t\t\t\t\t\t\t<figcaption class=\"widget-image-caption wp-caption-text\"><\/figcaption>\n\t\t\t\t\t\t\t\t\t\t<\/figure>\n\t\t\t\t\t\t\t\t\t<\/div>\n\t\t\t\t<\/div>\n\t\t\t\t\t<\/div>\n\t\t<\/div>\n\t\t\t\t<div class=\"elementor-column elementor-col-25 elementor-top-column elementor-element elementor-element-1e0cf19\" data-id=\"1e0cf19\" data-element_type=\"column\">\n\t\t\t<div class=\"elementor-widget-wrap elementor-element-populated\">\n\t\t\t\t\t\t<div class=\"elementor-element elementor-element-b97fed2 elementor-widget elementor-widget-image\" data-id=\"b97fed2\" data-element_type=\"widget\" data-widget_type=\"image.default\">\n\t\t\t\t<div class=\"elementor-widget-container\">\n\t\t\t\t\t\t\t\t\t\t\t\t<figure class=\"wp-caption\">\n\t\t\t\t\t\t\t\t\t\t\t<a href=\"https:\/\/www.sinalarte.pt\/v1\/wp-content\/uploads\/2024\/04\/Urbanart-2023-Web.pdf\" target=\"_blank\">\n\t\t\t\t\t\t\t<img decoding=\"async\" width=\"1055\" height=\"1488\" src=\"https:\/\/i0.wp.com\/www.sinalarte.pt\/v1\/wp-content\/uploads\/2023\/04\/CAPAS-03.png?fit=1055%2C1488&amp;ssl=1\" class=\"attachment-full size-full wp-image-11184\" alt=\"\" srcset=\"https:\/\/i0.wp.com\/www.sinalarte.pt\/v1\/wp-content\/uploads\/2023\/04\/CAPAS-03.png?w=1055&amp;ssl=1 1055w, https:\/\/i0.wp.com\/www.sinalarte.pt\/v1\/wp-content\/uploads\/2023\/04\/CAPAS-03.png?resize=71%2C100&amp;ssl=1 71w, https:\/\/i0.wp.com\/www.sinalarte.pt\/v1\/wp-content\/uploads\/2023\/04\/CAPAS-03.png?resize=142%2C200&amp;ssl=1 142w, https:\/\/i0.wp.com\/www.sinalarte.pt\/v1\/wp-content\/uploads\/2023\/04\/CAPAS-03.png?resize=768%2C1083&amp;ssl=1 768w, https:\/\/i0.wp.com\/www.sinalarte.pt\/v1\/wp-content\/uploads\/2023\/04\/CAPAS-03.png?resize=200%2C282&amp;ssl=1 200w, https:\/\/i0.wp.com\/www.sinalarte.pt\/v1\/wp-content\/uploads\/2023\/04\/CAPAS-03.png?resize=800%2C1128&amp;ssl=1 800w\" sizes=\"(max-width: 900px) 100vw, 900px\" \/>\t\t\t\t\t\t\t\t<\/a>\n\t\t\t\t\t\t\t\t\t\t\t<figcaption class=\"widget-image-caption wp-caption-text\"><\/figcaption>\n\t\t\t\t\t\t\t\t\t\t<\/figure>\n\t\t\t\t\t\t\t\t\t<\/div>\n\t\t\t\t<\/div>\n\t\t\t\t\t<\/div>\n\t\t<\/div>\n\t\t\t\t<div class=\"elementor-column elementor-col-25 elementor-top-column elementor-element elementor-element-9c6baa4\" data-id=\"9c6baa4\" data-element_type=\"column\">\n\t\t\t<div class=\"elementor-widget-wrap\">\n\t\t\t\t\t\t\t<\/div>\n\t\t<\/div>\n\t\t\t\t\t<\/div>\n\t\t<\/section>\n\t\t\t\t<\/div>\n\t\t","protected":false},"excerpt":{"rendered":"","protected":false},"author":7,"featured_media":0,"parent":0,"menu_order":0,"comment_status":"closed","ping_status":"closed","template":"fullwidth.php","meta":{"footnotes":""},"class_list":["post-86","page","type-page","status-publish","hentry"],"yoast_head":"<!-- This site is optimized with the Yoast SEO plugin v27.4 - https:\/\/yoast.com\/product\/yoast-seo-wordpress\/ -->\n<title>Cat\u00e1logos - Sinalarte<\/title>\n<meta name=\"description\" content=\"Consulte os Cat\u00e1logos Sinalarte em formato digital. Conhe\u00e7a todos as nossos servi\u00e7os, produtos e \u00e1reas de atua\u00e7\u00e3o.\" \/>\n<meta name=\"robots\" content=\"index, follow, max-snippet:-1, max-image-preview:large, max-video-preview:-1\" \/>\n<link rel=\"canonical\" href=\"https:\/\/www.sinalarte.pt\/v1\/catalogos\/\" \/>\n<meta property=\"og:locale\" content=\"pt_PT\" \/>\n<meta property=\"og:type\" content=\"article\" \/>\n<meta property=\"og:title\" content=\"Cat\u00e1logos - Sinalarte\" \/>\n<meta property=\"og:description\" content=\"Consulte os Cat\u00e1logos Sinalarte em formato digital. Conhe\u00e7a todos as nossos servi\u00e7os, produtos e \u00e1reas de atua\u00e7\u00e3o.\" \/>\n<meta property=\"og:url\" content=\"https:\/\/www.sinalarte.pt\/v1\/catalogos\/\" \/>\n<meta property=\"og:site_name\" content=\"Sinalarte\" \/>\n<meta property=\"article:publisher\" content=\"https:\/\/www.facebook.com\/Sinalarte\/\" \/>\n<meta property=\"article:modified_time\" content=\"2025-12-17T16:03:28+00:00\" \/>\n<meta property=\"og:image\" content=\"https:\/\/www.sinalarte.pt\/v1\/wp-content\/uploads\/2023\/04\/CAPAS-01.png\" \/>\n<meta name=\"twitter:card\" content=\"summary_large_image\" \/>\n<meta name=\"twitter:label1\" content=\"Tempo estimado de leitura\" \/>\n\t<meta name=\"twitter:data1\" content=\"1 minuto\" \/>\n<script type=\"application\/ld+json\" class=\"yoast-schema-graph\">{\"@context\":\"https:\\\/\\\/schema.org\",\"@graph\":[{\"@type\":\"WebPage\",\"@id\":\"https:\\\/\\\/www.sinalarte.pt\\\/v1\\\/catalogos\\\/\",\"url\":\"https:\\\/\\\/www.sinalarte.pt\\\/v1\\\/catalogos\\\/\",\"name\":\"Cat\u00e1logos - Sinalarte\",\"isPartOf\":{\"@id\":\"https:\\\/\\\/www.sinalarte.pt\\\/v1\\\/#website\"},\"primaryImageOfPage\":{\"@id\":\"https:\\\/\\\/www.sinalarte.pt\\\/v1\\\/catalogos\\\/#primaryimage\"},\"image\":{\"@id\":\"https:\\\/\\\/www.sinalarte.pt\\\/v1\\\/catalogos\\\/#primaryimage\"},\"thumbnailUrl\":\"https:\\\/\\\/www.sinalarte.pt\\\/v1\\\/wp-content\\\/uploads\\\/2023\\\/04\\\/CAPAS-01.png\",\"datePublished\":\"2019-07-29T16:40:03+00:00\",\"dateModified\":\"2025-12-17T16:03:28+00:00\",\"description\":\"Consulte os Cat\u00e1logos Sinalarte em formato digital. Conhe\u00e7a todos as nossos servi\u00e7os, produtos e \u00e1reas de atua\u00e7\u00e3o.\",\"breadcrumb\":{\"@id\":\"https:\\\/\\\/www.sinalarte.pt\\\/v1\\\/catalogos\\\/#breadcrumb\"},\"inLanguage\":\"pt-PT\",\"potentialAction\":[{\"@type\":\"ReadAction\",\"target\":[\"https:\\\/\\\/www.sinalarte.pt\\\/v1\\\/catalogos\\\/\"]}]},{\"@type\":\"ImageObject\",\"inLanguage\":\"pt-PT\",\"@id\":\"https:\\\/\\\/www.sinalarte.pt\\\/v1\\\/catalogos\\\/#primaryimage\",\"url\":\"https:\\\/\\\/i0.wp.com\\\/www.sinalarte.pt\\\/v1\\\/wp-content\\\/uploads\\\/2023\\\/04\\\/CAPAS-01.png?fit=1055%2C1488&ssl=1\",\"contentUrl\":\"https:\\\/\\\/i0.wp.com\\\/www.sinalarte.pt\\\/v1\\\/wp-content\\\/uploads\\\/2023\\\/04\\\/CAPAS-01.png?fit=1055%2C1488&ssl=1\",\"width\":1055,\"height\":1488},{\"@type\":\"BreadcrumbList\",\"@id\":\"https:\\\/\\\/www.sinalarte.pt\\\/v1\\\/catalogos\\\/#breadcrumb\",\"itemListElement\":[{\"@type\":\"ListItem\",\"position\":1,\"name\":\"Home\",\"item\":\"https:\\\/\\\/www.sinalarte.pt\\\/v1\\\/\"},{\"@type\":\"ListItem\",\"position\":2,\"name\":\"Cat\u00e1logos\"}]},{\"@type\":\"WebSite\",\"@id\":\"https:\\\/\\\/www.sinalarte.pt\\\/v1\\\/#website\",\"url\":\"https:\\\/\\\/www.sinalarte.pt\\\/v1\\\/\",\"name\":\"Sinalarte\",\"description\":\"Ind\u00fastria de Sinaliza\u00e7\u00e3o\",\"publisher\":{\"@id\":\"https:\\\/\\\/www.sinalarte.pt\\\/v1\\\/#organization\"},\"potentialAction\":[{\"@type\":\"SearchAction\",\"target\":{\"@type\":\"EntryPoint\",\"urlTemplate\":\"https:\\\/\\\/www.sinalarte.pt\\\/v1\\\/?s={search_term_string}\"},\"query-input\":{\"@type\":\"PropertyValueSpecification\",\"valueRequired\":true,\"valueName\":\"search_term_string\"}}],\"inLanguage\":\"pt-PT\"},{\"@type\":\"Organization\",\"@id\":\"https:\\\/\\\/www.sinalarte.pt\\\/v1\\\/#organization\",\"name\":\"Sinalarte\",\"alternateName\":\"Ind\u00fastria de Sinaliza\u00e7\u00e3o\",\"url\":\"https:\\\/\\\/www.sinalarte.pt\\\/v1\\\/\",\"logo\":{\"@type\":\"ImageObject\",\"inLanguage\":\"pt-PT\",\"@id\":\"https:\\\/\\\/www.sinalarte.pt\\\/v1\\\/#\\\/schema\\\/logo\\\/image\\\/\",\"url\":\"https:\\\/\\\/i0.wp.com\\\/www.sinalarte.pt\\\/v1\\\/wp-content\\\/uploads\\\/2020\\\/09\\\/logo_sinalarte.png?fit=180%2C100&ssl=1\",\"contentUrl\":\"https:\\\/\\\/i0.wp.com\\\/www.sinalarte.pt\\\/v1\\\/wp-content\\\/uploads\\\/2020\\\/09\\\/logo_sinalarte.png?fit=180%2C100&ssl=1\",\"width\":180,\"height\":100,\"caption\":\"Sinalarte\"},\"image\":{\"@id\":\"https:\\\/\\\/www.sinalarte.pt\\\/v1\\\/#\\\/schema\\\/logo\\\/image\\\/\"},\"sameAs\":[\"https:\\\/\\\/www.facebook.com\\\/Sinalarte\\\/\",\"https:\\\/\\\/www.instagram.com\\\/sinalarte\\\/\",\"https:\\\/\\\/www.linkedin.com\\\/company\\\/sinalart\",\"https:\\\/\\\/www.youtube.com\\\/user\\\/SinalArte\"]}]}<\/script>\n<!-- \/ Yoast SEO plugin. -->","yoast_head_json":{"title":"Cat\u00e1logos - Sinalarte","description":"Consulte os Cat\u00e1logos Sinalarte em formato digital. Conhe\u00e7a todos as nossos servi\u00e7os, produtos e \u00e1reas de atua\u00e7\u00e3o.","robots":{"index":"index","follow":"follow","max-snippet":"max-snippet:-1","max-image-preview":"max-image-preview:large","max-video-preview":"max-video-preview:-1"},"canonical":"https:\/\/www.sinalarte.pt\/v1\/catalogos\/","og_locale":"pt_PT","og_type":"article","og_title":"Cat\u00e1logos - Sinalarte","og_description":"Consulte os Cat\u00e1logos Sinalarte em formato digital. Conhe\u00e7a todos as nossos servi\u00e7os, produtos e \u00e1reas de atua\u00e7\u00e3o.","og_url":"https:\/\/www.sinalarte.pt\/v1\/catalogos\/","og_site_name":"Sinalarte","article_publisher":"https:\/\/www.facebook.com\/Sinalarte\/","article_modified_time":"2025-12-17T16:03:28+00:00","og_image":[{"url":"https:\/\/www.sinalarte.pt\/v1\/wp-content\/uploads\/2023\/04\/CAPAS-01.png","type":"","width":"","height":""}],"twitter_card":"summary_large_image","twitter_misc":{"Tempo estimado de leitura":"1 minuto"},"schema":{"@context":"https:\/\/schema.org","@graph":[{"@type":"WebPage","@id":"https:\/\/www.sinalarte.pt\/v1\/catalogos\/","url":"https:\/\/www.sinalarte.pt\/v1\/catalogos\/","name":"Cat\u00e1logos - Sinalarte","isPartOf":{"@id":"https:\/\/www.sinalarte.pt\/v1\/#website"},"primaryImageOfPage":{"@id":"https:\/\/www.sinalarte.pt\/v1\/catalogos\/#primaryimage"},"image":{"@id":"https:\/\/www.sinalarte.pt\/v1\/catalogos\/#primaryimage"},"thumbnailUrl":"https:\/\/www.sinalarte.pt\/v1\/wp-content\/uploads\/2023\/04\/CAPAS-01.png","datePublished":"2019-07-29T16:40:03+00:00","dateModified":"2025-12-17T16:03:28+00:00","description":"Consulte os Cat\u00e1logos Sinalarte em formato digital. Conhe\u00e7a todos as nossos servi\u00e7os, produtos e \u00e1reas de atua\u00e7\u00e3o.","breadcrumb":{"@id":"https:\/\/www.sinalarte.pt\/v1\/catalogos\/#breadcrumb"},"inLanguage":"pt-PT","potentialAction":[{"@type":"ReadAction","target":["https:\/\/www.sinalarte.pt\/v1\/catalogos\/"]}]},{"@type":"ImageObject","inLanguage":"pt-PT","@id":"https:\/\/www.sinalarte.pt\/v1\/catalogos\/#primaryimage","url":"https:\/\/i0.wp.com\/www.sinalarte.pt\/v1\/wp-content\/uploads\/2023\/04\/CAPAS-01.png?fit=1055%2C1488&ssl=1","contentUrl":"https:\/\/i0.wp.com\/www.sinalarte.pt\/v1\/wp-content\/uploads\/2023\/04\/CAPAS-01.png?fit=1055%2C1488&ssl=1","width":1055,"height":1488},{"@type":"BreadcrumbList","@id":"https:\/\/www.sinalarte.pt\/v1\/catalogos\/#breadcrumb","itemListElement":[{"@type":"ListItem","position":1,"name":"Home","item":"https:\/\/www.sinalarte.pt\/v1\/"},{"@type":"ListItem","position":2,"name":"Cat\u00e1logos"}]},{"@type":"WebSite","@id":"https:\/\/www.sinalarte.pt\/v1\/#website","url":"https:\/\/www.sinalarte.pt\/v1\/","name":"Sinalarte","description":"Ind\u00fastria de Sinaliza\u00e7\u00e3o","publisher":{"@id":"https:\/\/www.sinalarte.pt\/v1\/#organization"},"potentialAction":[{"@type":"SearchAction","target":{"@type":"EntryPoint","urlTemplate":"https:\/\/www.sinalarte.pt\/v1\/?s={search_term_string}"},"query-input":{"@type":"PropertyValueSpecification","valueRequired":true,"valueName":"search_term_string"}}],"inLanguage":"pt-PT"},{"@type":"Organization","@id":"https:\/\/www.sinalarte.pt\/v1\/#organization","name":"Sinalarte","alternateName":"Ind\u00fastria de Sinaliza\u00e7\u00e3o","url":"https:\/\/www.sinalarte.pt\/v1\/","logo":{"@type":"ImageObject","inLanguage":"pt-PT","@id":"https:\/\/www.sinalarte.pt\/v1\/#\/schema\/logo\/image\/","url":"https:\/\/i0.wp.com\/www.sinalarte.pt\/v1\/wp-content\/uploads\/2020\/09\/logo_sinalarte.png?fit=180%2C100&ssl=1","contentUrl":"https:\/\/i0.wp.com\/www.sinalarte.pt\/v1\/wp-content\/uploads\/2020\/09\/logo_sinalarte.png?fit=180%2C100&ssl=1","width":180,"height":100,"caption":"Sinalarte"},"image":{"@id":"https:\/\/www.sinalarte.pt\/v1\/#\/schema\/logo\/image\/"},"sameAs":["https:\/\/www.facebook.com\/Sinalarte\/","https:\/\/www.instagram.com\/sinalarte\/","https:\/\/www.linkedin.com\/company\/sinalart","https:\/\/www.youtube.com\/user\/SinalArte"]}]}},"jetpack_sharing_enabled":true,"jetpack_likes_enabled":false,"_links":{"self":[{"href":"https:\/\/www.sinalarte.pt\/v1\/wp-json\/wp\/v2\/pages\/86","targetHints":{"allow":["GET"]}}],"collection":[{"href":"https:\/\/www.sinalarte.pt\/v1\/wp-json\/wp\/v2\/pages"}],"about":[{"href":"https:\/\/www.sinalarte.pt\/v1\/wp-json\/wp\/v2\/types\/page"}],"author":[{"embeddable":true,"href":"https:\/\/www.sinalarte.pt\/v1\/wp-json\/wp\/v2\/users\/7"}],"replies":[{"embeddable":true,"href":"https:\/\/www.sinalarte.pt\/v1\/wp-json\/wp\/v2\/comments?post=86"}],"version-history":[{"count":317,"href":"https:\/\/www.sinalarte.pt\/v1\/wp-json\/wp\/v2\/pages\/86\/revisions"}],"predecessor-version":[{"id":13893,"href":"https:\/\/www.sinalarte.pt\/v1\/wp-json\/wp\/v2\/pages\/86\/revisions\/13893"}],"wp:attachment":[{"href":"https:\/\/www.sinalarte.pt\/v1\/wp-json\/wp\/v2\/media?parent=86"}],"curies":[{"name":"wp","href":"https:\/\/api.w.org\/{rel}","templated":true}]}}