{"id":488,"date":"2021-02-08T16:56:00","date_gmt":"2021-02-08T16:56:00","guid":{"rendered":"http:\/\/localhost\/wordpress\/wordpress-5.2.2\/wordpress\/?page_id=488"},"modified":"2023-04-13T10:36:29","modified_gmt":"2023-04-13T09:36:29","slug":"quem-somos","status":"publish","type":"page","link":"https:\/\/www.sinalarte.pt\/v1\/quem-somos\/","title":{"rendered":"Quem Somos"},"content":{"rendered":"\t\t<div data-elementor-type=\"wp-page\" data-elementor-id=\"488\" class=\"elementor elementor-488\">\n\t\t\t\t\t\t<section class=\"elementor-section elementor-top-section elementor-element elementor-element-16ac8db elementor-section-boxed elementor-section-height-default elementor-section-height-default\" data-id=\"16ac8db\" data-element_type=\"section\">\n\t\t\t\t\t\t<div class=\"elementor-container elementor-column-gap-default\">\n\t\t\t\t\t<div class=\"elementor-column elementor-col-100 elementor-top-column elementor-element elementor-element-43933f46\" data-id=\"43933f46\" data-element_type=\"column\">\n\t\t\t<div class=\"elementor-widget-wrap elementor-element-populated\">\n\t\t\t\t\t\t<div class=\"elementor-element elementor-element-c354984 elementor-widget elementor-widget-image\" data-id=\"c354984\" data-element_type=\"widget\" data-widget_type=\"image.default\">\n\t\t\t\t<div class=\"elementor-widget-container\">\n\t\t\t\t\t\t\t\t\t\t\t\t\t\t\t<img fetchpriority=\"high\" decoding=\"async\" width=\"1160\" height=\"400\" src=\"https:\/\/i0.wp.com\/www.sinalarte.pt\/v1\/wp-content\/uploads\/2020\/06\/pme_lider.png?fit=1160%2C400&amp;ssl=1\" class=\"attachment-full size-full wp-image-4862\" alt=\"\" srcset=\"https:\/\/i0.wp.com\/www.sinalarte.pt\/v1\/wp-content\/uploads\/2020\/06\/pme_lider.png?w=1160&amp;ssl=1 1160w, https:\/\/i0.wp.com\/www.sinalarte.pt\/v1\/wp-content\/uploads\/2020\/06\/pme_lider.png?resize=200%2C69&amp;ssl=1 200w, https:\/\/i0.wp.com\/www.sinalarte.pt\/v1\/wp-content\/uploads\/2020\/06\/pme_lider.png?resize=800%2C276&amp;ssl=1 800w, https:\/\/i0.wp.com\/www.sinalarte.pt\/v1\/wp-content\/uploads\/2020\/06\/pme_lider.png?resize=100%2C34&amp;ssl=1 100w, https:\/\/i0.wp.com\/www.sinalarte.pt\/v1\/wp-content\/uploads\/2020\/06\/pme_lider.png?resize=768%2C265&amp;ssl=1 768w\" sizes=\"(max-width: 900px) 100vw, 900px\" \/>\t\t\t\t\t\t\t\t\t\t\t\t\t\t\t<\/div>\n\t\t\t\t<\/div>\n\t\t\t\t\t<\/div>\n\t\t<\/div>\n\t\t\t\t\t<\/div>\n\t\t<\/section>\n\t\t\t\t<section class=\"elementor-section elementor-top-section elementor-element elementor-element-01ca5de elementor-section-boxed elementor-section-height-default elementor-section-height-default\" data-id=\"01ca5de\" data-element_type=\"section\">\n\t\t\t\t\t\t<div class=\"elementor-container elementor-column-gap-default\">\n\t\t\t\t\t<div class=\"elementor-column elementor-col-100 elementor-top-column elementor-element elementor-element-8fd30d4\" data-id=\"8fd30d4\" data-element_type=\"column\">\n\t\t\t<div class=\"elementor-widget-wrap elementor-element-populated\">\n\t\t\t\t\t\t<section class=\"elementor-section elementor-inner-section elementor-element elementor-element-fc620a5 elementor-section-boxed elementor-section-height-default elementor-section-height-default\" data-id=\"fc620a5\" data-element_type=\"section\">\n\t\t\t\t\t\t<div class=\"elementor-container elementor-column-gap-default\">\n\t\t\t\t\t<div class=\"elementor-column elementor-col-50 elementor-inner-column elementor-element elementor-element-c6ce7c2\" data-id=\"c6ce7c2\" data-element_type=\"column\">\n\t\t\t<div class=\"elementor-widget-wrap elementor-element-populated\">\n\t\t\t\t\t\t<div class=\"elementor-element elementor-element-d6baeb4 elementor-invisible elementor-widget elementor-widget-heading\" data-id=\"d6baeb4\" data-element_type=\"widget\" data-settings=\"{&quot;_animation&quot;:&quot;fadeInRight&quot;}\" data-widget_type=\"heading.default\">\n\t\t\t\t<div class=\"elementor-widget-container\">\n\t\t\t\t\t<h2 class=\"elementor-heading-title elementor-size-default\">Empresa<\/h2>\t\t\t\t<\/div>\n\t\t\t\t<\/div>\n\t\t\t\t<div class=\"elementor-element elementor-element-75eb62b elementor-invisible elementor-widget elementor-widget-text-editor\" data-id=\"75eb62b\" data-element_type=\"widget\" data-settings=\"{&quot;_animation&quot;:&quot;fadeInUp&quot;}\" data-widget_type=\"text-editor.default\">\n\t\t\t\t<div class=\"elementor-widget-container\">\n\t\t\t\t\t\t\t\t\t<p>Fundada em 1994, a Sinalarte tem como miss\u00e3o n\u00e3o s\u00f3 contribuir para a seguran\u00e7a e conforto dos utentes das estradas, como tamb\u00e9m para o bem-estar e melhoria da qualidade de vida dos cidad\u00e3os.<\/p><p>O dinamismo, inova\u00e7\u00e3o e desenvolvimento constante visam oferecer ao cliente o melhor produto do mercado: aqueles que j\u00e1 existem s\u00e3o periodicamente avaliados e melhorados, e os novos, s\u00e3o formulados e desenvolvidos com o aux\u00edlio das mais recentes tecnologias.<\/p><p>Ao longo dos anos, esta \u00e2nsia de inova\u00e7\u00e3o e de resposta \u00e0s necessidades dos clientes tem levado a empresa a percorrer novos horizontes e a iniciar a sua atividade noutros ramos, como \u00e9 o caso da ilumina\u00e7\u00e3o solar p\u00fablica, ilumina\u00e7\u00e3o LED, microgera\u00e7\u00e3o e mobili\u00e1rio urbano.<\/p><h6>Empresa certificada desde 2006 segundo a norma NP EN ISO 9001:2015<\/h6>\t\t\t\t\t\t\t\t<\/div>\n\t\t\t\t<\/div>\n\t\t\t\t\t<\/div>\n\t\t<\/div>\n\t\t\t\t<div class=\"elementor-column elementor-col-50 elementor-inner-column elementor-element elementor-element-2a24882\" data-id=\"2a24882\" data-element_type=\"column\">\n\t\t\t<div class=\"elementor-widget-wrap elementor-element-populated\">\n\t\t\t\t\t\t<div class=\"elementor-element elementor-element-23d4871 elementor-invisible elementor-widget elementor-widget-heading\" data-id=\"23d4871\" data-element_type=\"widget\" data-settings=\"{&quot;_animation&quot;:&quot;fadeInRight&quot;}\" data-widget_type=\"heading.default\">\n\t\t\t\t<div class=\"elementor-widget-container\">\n\t\t\t\t\t<h2 class=\"elementor-heading-title elementor-size-default\">Mercado<\/h2>\t\t\t\t<\/div>\n\t\t\t\t<\/div>\n\t\t\t\t<div class=\"elementor-element elementor-element-70dfd61 elementor-invisible elementor-widget elementor-widget-text-editor\" data-id=\"70dfd61\" data-element_type=\"widget\" data-settings=\"{&quot;_animation&quot;:&quot;fadeInUp&quot;}\" data-widget_type=\"text-editor.default\">\n\t\t\t\t<div class=\"elementor-widget-container\">\n\t\t\t\t\t\t\t\t\t<p><span style=\"font-size: 11.5pt; font-family: 'Open Sans',sans-serif; color: #727272; letter-spacing: .15pt;\">O aumento das exig\u00eancias dos mercados e clientes fizeram com que os nossos produtos se tornassem mais eficientes. <\/span><\/p><p><span style=\"font-size: 11.5pt; font-family: 'Open Sans',sans-serif; color: #727272; letter-spacing: .15pt;\">A Sinalarte adotou estrat\u00e9gias para o desenvolvimento dos diversos mercados, alcan\u00e7ando uma posi\u00e7\u00e3o de destaque em v\u00e1rios projetos importantes a n\u00edvel nacional e al\u00e9m-fronteiras. <\/span><\/p><p><span style=\"font-size: 11.5pt; font-family: 'Open Sans',sans-serif; color: #727272; letter-spacing: .15pt;\">Estes incentivos serviram de est\u00edmulo e foram, de certa forma, um convite para enfrentar novos desafios. Apostando em novas tecnologias e desenvolvimento de novos produtos, com esfor\u00e7o e compet\u00eancia conquist\u00e1mos tamb\u00e9m o mercado externo.<\/span><\/p>\t\t\t\t\t\t\t\t<\/div>\n\t\t\t\t<\/div>\n\t\t\t\t\t<\/div>\n\t\t<\/div>\n\t\t\t\t\t<\/div>\n\t\t<\/section>\n\t\t\t\t\t<\/div>\n\t\t<\/div>\n\t\t\t\t\t<\/div>\n\t\t<\/section>\n\t\t\t\t<\/div>\n\t\t","protected":false},"excerpt":{"rendered":"<p>Empresa Fundada em 1994, a Sinalarte tem como miss\u00e3o n\u00e3o s\u00f3 contribuir para a seguran\u00e7a e conforto dos utentes das estradas, como tamb\u00e9m para o bem-estar e melhoria da qualidade de vida dos cidad\u00e3os. O dinamismo, inova\u00e7\u00e3o e desenvolvimento constante visam oferecer ao cliente o melhor produto do mercado: aqueles que j\u00e1 existem s\u00e3o periodicamente [&hellip;]<\/p>\n","protected":false},"author":7,"featured_media":0,"parent":0,"menu_order":0,"comment_status":"closed","ping_status":"closed","template":"fullwidth.php","meta":{"footnotes":""},"class_list":["post-488","page","type-page","status-publish","hentry"],"yoast_head":"<!-- This site is optimized with the Yoast SEO plugin v27.4 - https:\/\/yoast.com\/product\/yoast-seo-wordpress\/ -->\n<title>Quem Somos - Sinalarte<\/title>\n<meta name=\"description\" content=\"A Sinalarte \u00e9 uma empresa com mais de 25 de experi\u00eancia no mercado da sinaliza\u00e7\u00e3o vertical, mobili\u00e1rio urbano, ilumina\u00e7\u00e3o LED e dispositivos eletr\u00f3nicos.\" \/>\n<meta name=\"robots\" content=\"index, follow, max-snippet:-1, max-image-preview:large, max-video-preview:-1\" \/>\n<link rel=\"canonical\" href=\"https:\/\/www.sinalarte.pt\/v1\/quem-somos\/\" \/>\n<meta property=\"og:locale\" content=\"pt_PT\" \/>\n<meta property=\"og:type\" content=\"article\" \/>\n<meta property=\"og:title\" content=\"Quem Somos - Sinalarte\" \/>\n<meta property=\"og:description\" content=\"A Sinalarte \u00e9 uma empresa com mais de 25 de experi\u00eancia no mercado da sinaliza\u00e7\u00e3o vertical, mobili\u00e1rio urbano, ilumina\u00e7\u00e3o LED e dispositivos eletr\u00f3nicos.\" \/>\n<meta property=\"og:url\" content=\"https:\/\/www.sinalarte.pt\/v1\/quem-somos\/\" \/>\n<meta property=\"og:site_name\" content=\"Sinalarte\" \/>\n<meta property=\"article:publisher\" content=\"https:\/\/www.facebook.com\/Sinalarte\/\" \/>\n<meta property=\"article:modified_time\" content=\"2023-04-13T09:36:29+00:00\" \/>\n<meta property=\"og:image\" content=\"https:\/\/www.sinalarte.pt\/v1\/wp-content\/uploads\/2020\/06\/pme_lider.png\" \/>\n<meta name=\"twitter:card\" content=\"summary_large_image\" \/>\n<meta name=\"twitter:label1\" content=\"Tempo estimado de leitura\" \/>\n\t<meta name=\"twitter:data1\" content=\"2 minutos\" \/>\n<script type=\"application\/ld+json\" class=\"yoast-schema-graph\">{\"@context\":\"https:\\\/\\\/schema.org\",\"@graph\":[{\"@type\":[\"WebPage\",\"AboutPage\"],\"@id\":\"https:\\\/\\\/www.sinalarte.pt\\\/v1\\\/quem-somos\\\/\",\"url\":\"https:\\\/\\\/www.sinalarte.pt\\\/v1\\\/quem-somos\\\/\",\"name\":\"Quem Somos - Sinalarte\",\"isPartOf\":{\"@id\":\"https:\\\/\\\/www.sinalarte.pt\\\/v1\\\/#website\"},\"primaryImageOfPage\":{\"@id\":\"https:\\\/\\\/www.sinalarte.pt\\\/v1\\\/quem-somos\\\/#primaryimage\"},\"image\":{\"@id\":\"https:\\\/\\\/www.sinalarte.pt\\\/v1\\\/quem-somos\\\/#primaryimage\"},\"thumbnailUrl\":\"https:\\\/\\\/www.sinalarte.pt\\\/v1\\\/wp-content\\\/uploads\\\/2020\\\/06\\\/pme_lider.png\",\"datePublished\":\"2021-02-08T16:56:00+00:00\",\"dateModified\":\"2023-04-13T09:36:29+00:00\",\"description\":\"A Sinalarte \u00e9 uma empresa com mais de 25 de experi\u00eancia no mercado da sinaliza\u00e7\u00e3o vertical, mobili\u00e1rio urbano, ilumina\u00e7\u00e3o LED e dispositivos eletr\u00f3nicos.\",\"breadcrumb\":{\"@id\":\"https:\\\/\\\/www.sinalarte.pt\\\/v1\\\/quem-somos\\\/#breadcrumb\"},\"inLanguage\":\"pt-PT\",\"potentialAction\":[{\"@type\":\"ReadAction\",\"target\":[\"https:\\\/\\\/www.sinalarte.pt\\\/v1\\\/quem-somos\\\/\"]}]},{\"@type\":\"ImageObject\",\"inLanguage\":\"pt-PT\",\"@id\":\"https:\\\/\\\/www.sinalarte.pt\\\/v1\\\/quem-somos\\\/#primaryimage\",\"url\":\"https:\\\/\\\/i0.wp.com\\\/www.sinalarte.pt\\\/v1\\\/wp-content\\\/uploads\\\/2020\\\/06\\\/pme_lider.png?fit=1160%2C400&ssl=1\",\"contentUrl\":\"https:\\\/\\\/i0.wp.com\\\/www.sinalarte.pt\\\/v1\\\/wp-content\\\/uploads\\\/2020\\\/06\\\/pme_lider.png?fit=1160%2C400&ssl=1\",\"width\":1160,\"height\":400},{\"@type\":\"BreadcrumbList\",\"@id\":\"https:\\\/\\\/www.sinalarte.pt\\\/v1\\\/quem-somos\\\/#breadcrumb\",\"itemListElement\":[{\"@type\":\"ListItem\",\"position\":1,\"name\":\"Home\",\"item\":\"https:\\\/\\\/www.sinalarte.pt\\\/v1\\\/\"},{\"@type\":\"ListItem\",\"position\":2,\"name\":\"Quem Somos\"}]},{\"@type\":\"WebSite\",\"@id\":\"https:\\\/\\\/www.sinalarte.pt\\\/v1\\\/#website\",\"url\":\"https:\\\/\\\/www.sinalarte.pt\\\/v1\\\/\",\"name\":\"Sinalarte\",\"description\":\"Ind\u00fastria de Sinaliza\u00e7\u00e3o\",\"publisher\":{\"@id\":\"https:\\\/\\\/www.sinalarte.pt\\\/v1\\\/#organization\"},\"potentialAction\":[{\"@type\":\"SearchAction\",\"target\":{\"@type\":\"EntryPoint\",\"urlTemplate\":\"https:\\\/\\\/www.sinalarte.pt\\\/v1\\\/?s={search_term_string}\"},\"query-input\":{\"@type\":\"PropertyValueSpecification\",\"valueRequired\":true,\"valueName\":\"search_term_string\"}}],\"inLanguage\":\"pt-PT\"},{\"@type\":\"Organization\",\"@id\":\"https:\\\/\\\/www.sinalarte.pt\\\/v1\\\/#organization\",\"name\":\"Sinalarte\",\"alternateName\":\"Ind\u00fastria de Sinaliza\u00e7\u00e3o\",\"url\":\"https:\\\/\\\/www.sinalarte.pt\\\/v1\\\/\",\"logo\":{\"@type\":\"ImageObject\",\"inLanguage\":\"pt-PT\",\"@id\":\"https:\\\/\\\/www.sinalarte.pt\\\/v1\\\/#\\\/schema\\\/logo\\\/image\\\/\",\"url\":\"https:\\\/\\\/i0.wp.com\\\/www.sinalarte.pt\\\/v1\\\/wp-content\\\/uploads\\\/2020\\\/09\\\/logo_sinalarte.png?fit=180%2C100&ssl=1\",\"contentUrl\":\"https:\\\/\\\/i0.wp.com\\\/www.sinalarte.pt\\\/v1\\\/wp-content\\\/uploads\\\/2020\\\/09\\\/logo_sinalarte.png?fit=180%2C100&ssl=1\",\"width\":180,\"height\":100,\"caption\":\"Sinalarte\"},\"image\":{\"@id\":\"https:\\\/\\\/www.sinalarte.pt\\\/v1\\\/#\\\/schema\\\/logo\\\/image\\\/\"},\"sameAs\":[\"https:\\\/\\\/www.facebook.com\\\/Sinalarte\\\/\",\"https:\\\/\\\/www.instagram.com\\\/sinalarte\\\/\",\"https:\\\/\\\/www.linkedin.com\\\/company\\\/sinalart\",\"https:\\\/\\\/www.youtube.com\\\/user\\\/SinalArte\"]}]}<\/script>\n<!-- \/ Yoast SEO plugin. -->","yoast_head_json":{"title":"Quem Somos - Sinalarte","description":"A Sinalarte \u00e9 uma empresa com mais de 25 de experi\u00eancia no mercado da sinaliza\u00e7\u00e3o vertical, mobili\u00e1rio urbano, ilumina\u00e7\u00e3o LED e dispositivos eletr\u00f3nicos.","robots":{"index":"index","follow":"follow","max-snippet":"max-snippet:-1","max-image-preview":"max-image-preview:large","max-video-preview":"max-video-preview:-1"},"canonical":"https:\/\/www.sinalarte.pt\/v1\/quem-somos\/","og_locale":"pt_PT","og_type":"article","og_title":"Quem Somos - Sinalarte","og_description":"A Sinalarte \u00e9 uma empresa com mais de 25 de experi\u00eancia no mercado da sinaliza\u00e7\u00e3o vertical, mobili\u00e1rio urbano, ilumina\u00e7\u00e3o LED e dispositivos eletr\u00f3nicos.","og_url":"https:\/\/www.sinalarte.pt\/v1\/quem-somos\/","og_site_name":"Sinalarte","article_publisher":"https:\/\/www.facebook.com\/Sinalarte\/","article_modified_time":"2023-04-13T09:36:29+00:00","og_image":[{"url":"https:\/\/www.sinalarte.pt\/v1\/wp-content\/uploads\/2020\/06\/pme_lider.png","type":"","width":"","height":""}],"twitter_card":"summary_large_image","twitter_misc":{"Tempo estimado de leitura":"2 minutos"},"schema":{"@context":"https:\/\/schema.org","@graph":[{"@type":["WebPage","AboutPage"],"@id":"https:\/\/www.sinalarte.pt\/v1\/quem-somos\/","url":"https:\/\/www.sinalarte.pt\/v1\/quem-somos\/","name":"Quem Somos - Sinalarte","isPartOf":{"@id":"https:\/\/www.sinalarte.pt\/v1\/#website"},"primaryImageOfPage":{"@id":"https:\/\/www.sinalarte.pt\/v1\/quem-somos\/#primaryimage"},"image":{"@id":"https:\/\/www.sinalarte.pt\/v1\/quem-somos\/#primaryimage"},"thumbnailUrl":"https:\/\/www.sinalarte.pt\/v1\/wp-content\/uploads\/2020\/06\/pme_lider.png","datePublished":"2021-02-08T16:56:00+00:00","dateModified":"2023-04-13T09:36:29+00:00","description":"A Sinalarte \u00e9 uma empresa com mais de 25 de experi\u00eancia no mercado da sinaliza\u00e7\u00e3o vertical, mobili\u00e1rio urbano, ilumina\u00e7\u00e3o LED e dispositivos eletr\u00f3nicos.","breadcrumb":{"@id":"https:\/\/www.sinalarte.pt\/v1\/quem-somos\/#breadcrumb"},"inLanguage":"pt-PT","potentialAction":[{"@type":"ReadAction","target":["https:\/\/www.sinalarte.pt\/v1\/quem-somos\/"]}]},{"@type":"ImageObject","inLanguage":"pt-PT","@id":"https:\/\/www.sinalarte.pt\/v1\/quem-somos\/#primaryimage","url":"https:\/\/i0.wp.com\/www.sinalarte.pt\/v1\/wp-content\/uploads\/2020\/06\/pme_lider.png?fit=1160%2C400&ssl=1","contentUrl":"https:\/\/i0.wp.com\/www.sinalarte.pt\/v1\/wp-content\/uploads\/2020\/06\/pme_lider.png?fit=1160%2C400&ssl=1","width":1160,"height":400},{"@type":"BreadcrumbList","@id":"https:\/\/www.sinalarte.pt\/v1\/quem-somos\/#breadcrumb","itemListElement":[{"@type":"ListItem","position":1,"name":"Home","item":"https:\/\/www.sinalarte.pt\/v1\/"},{"@type":"ListItem","position":2,"name":"Quem Somos"}]},{"@type":"WebSite","@id":"https:\/\/www.sinalarte.pt\/v1\/#website","url":"https:\/\/www.sinalarte.pt\/v1\/","name":"Sinalarte","description":"Ind\u00fastria de Sinaliza\u00e7\u00e3o","publisher":{"@id":"https:\/\/www.sinalarte.pt\/v1\/#organization"},"potentialAction":[{"@type":"SearchAction","target":{"@type":"EntryPoint","urlTemplate":"https:\/\/www.sinalarte.pt\/v1\/?s={search_term_string}"},"query-input":{"@type":"PropertyValueSpecification","valueRequired":true,"valueName":"search_term_string"}}],"inLanguage":"pt-PT"},{"@type":"Organization","@id":"https:\/\/www.sinalarte.pt\/v1\/#organization","name":"Sinalarte","alternateName":"Ind\u00fastria de Sinaliza\u00e7\u00e3o","url":"https:\/\/www.sinalarte.pt\/v1\/","logo":{"@type":"ImageObject","inLanguage":"pt-PT","@id":"https:\/\/www.sinalarte.pt\/v1\/#\/schema\/logo\/image\/","url":"https:\/\/i0.wp.com\/www.sinalarte.pt\/v1\/wp-content\/uploads\/2020\/09\/logo_sinalarte.png?fit=180%2C100&ssl=1","contentUrl":"https:\/\/i0.wp.com\/www.sinalarte.pt\/v1\/wp-content\/uploads\/2020\/09\/logo_sinalarte.png?fit=180%2C100&ssl=1","width":180,"height":100,"caption":"Sinalarte"},"image":{"@id":"https:\/\/www.sinalarte.pt\/v1\/#\/schema\/logo\/image\/"},"sameAs":["https:\/\/www.facebook.com\/Sinalarte\/","https:\/\/www.instagram.com\/sinalarte\/","https:\/\/www.linkedin.com\/company\/sinalart","https:\/\/www.youtube.com\/user\/SinalArte"]}]}},"jetpack_sharing_enabled":true,"jetpack_likes_enabled":false,"_links":{"self":[{"href":"https:\/\/www.sinalarte.pt\/v1\/wp-json\/wp\/v2\/pages\/488","targetHints":{"allow":["GET"]}}],"collection":[{"href":"https:\/\/www.sinalarte.pt\/v1\/wp-json\/wp\/v2\/pages"}],"about":[{"href":"https:\/\/www.sinalarte.pt\/v1\/wp-json\/wp\/v2\/types\/page"}],"author":[{"embeddable":true,"href":"https:\/\/www.sinalarte.pt\/v1\/wp-json\/wp\/v2\/users\/7"}],"replies":[{"embeddable":true,"href":"https:\/\/www.sinalarte.pt\/v1\/wp-json\/wp\/v2\/comments?post=488"}],"version-history":[{"count":109,"href":"https:\/\/www.sinalarte.pt\/v1\/wp-json\/wp\/v2\/pages\/488\/revisions"}],"predecessor-version":[{"id":11279,"href":"https:\/\/www.sinalarte.pt\/v1\/wp-json\/wp\/v2\/pages\/488\/revisions\/11279"}],"wp:attachment":[{"href":"https:\/\/www.sinalarte.pt\/v1\/wp-json\/wp\/v2\/media?parent=488"}],"curies":[{"name":"wp","href":"https:\/\/api.w.org\/{rel}","templated":true}]}}