{"id":3,"date":"2019-07-25T09:01:35","date_gmt":"2019-07-25T09:01:35","guid":{"rendered":"http:\/\/localhost\/wordpress\/wordpress-5.2.2\/wordpress\/?page_id=3"},"modified":"2020-09-29T11:32:49","modified_gmt":"2020-09-29T10:32:49","slug":"politica-privacidade","status":"publish","type":"page","link":"https:\/\/www.sinalarte.pt\/v1\/politica-privacidade\/","title":{"rendered":"Pol\u00edtica de privacidade"},"content":{"rendered":"\t\t<div data-elementor-type=\"wp-page\" data-elementor-id=\"3\" class=\"elementor elementor-3\">\n\t\t\t\t\t\t<section class=\"elementor-section elementor-top-section elementor-element elementor-element-280926d8 elementor-section-boxed elementor-section-height-default elementor-section-height-default\" data-id=\"280926d8\" data-element_type=\"section\">\n\t\t\t\t\t\t<div class=\"elementor-container elementor-column-gap-default\">\n\t\t\t\t\t<div class=\"elementor-column elementor-col-100 elementor-top-column elementor-element elementor-element-785deb69\" data-id=\"785deb69\" data-element_type=\"column\">\n\t\t\t<div class=\"elementor-widget-wrap elementor-element-populated\">\n\t\t\t\t\t\t<div class=\"elementor-element elementor-element-17857c86 elementor-widget elementor-widget-text-editor\" data-id=\"17857c86\" data-element_type=\"widget\" data-widget_type=\"text-editor.default\">\n\t\t\t\t<div class=\"elementor-widget-container\">\n\t\t\t\t\t\t\t\t\t<p><\/p>\n<p><span style=\"letter-spacing: 0.2px;\">Estimado Cliente,<\/span><\/p>\n<p>\u00c9 objetivo da SINALARTE oferecer aos seus utilizadores uma rela\u00e7\u00e3o de confian\u00e7a quanto ao respeito da sua privacidade e ao cuidado tido com os dados pessoais fornecidos. A SINALARTE cumprir\u00e1 todas as leis de prote\u00e7\u00e3o de dados, designadamente o Regulamento Geral de Prote\u00e7\u00e3o de Dados, que entrou em vigor no dia 25 de Maio de 2018.<\/p>\n<p>Para efeito do cumprimento do disposto no regulamento geral sobre a prote\u00e7\u00e3o de dados (Regulamento (EU) 2016\/679,de 27 de Abril de 2016), a SINALARTE informa que:<\/p>\n<h3 class=\"wp-block-heading\">1. Recolha e uso de Dados Pessoais<\/h3>\n<p align=\"justify\">1.1. Com vista ao exerc\u00edcio da sua atividade comercial e para efeitos de contacto com os seus clientes, a Sinalarte recolhe, mediante autoriza\u00e7\u00e3o dos respetivos titulares, dados de natureza pessoal, prestados voluntariamente por pessoas singulares ou coletivas, sob qualquer forma, nomeadamente: Nomes Particulares ou Entidades, pa\u00eds de origem, n\u00famero de identifica\u00e7\u00e3o fiscal, morada \/ sede, endere\u00e7o de e-mail e contacto telef\u00f3nico.<\/p>\n<p align=\"justify\">1.2. Os dados acima identificados s\u00e3o recolhidos e tratados com prop\u00f3sito da sua utiliza\u00e7\u00e3o adequada e compat\u00edvel com o correto e necess\u00e1rio desenvolvimento da atividade comercial da SINALARTE e por quest\u00f5es legais e funcionais inerentes ao fornecimento dos seus bens e\/ou servi\u00e7os.<\/p>\n<p align=\"justify\">1.2.1. Os dados pessoais recolhidos podem ser usados para os seguintes fins: Comunica\u00e7\u00f5es tendo em vista a presta\u00e7\u00e3o de informa\u00e7\u00e3o relativa \u00e0 atividade da SINALARTE e respetivos bens e servi\u00e7os, encomendas, comunica\u00e7\u00f5es, tendo em vista a concretiza\u00e7\u00e3o de contratos, qualquer tipo de comunica\u00e7\u00f5es\/quest\u00f5es respeitantes a contratos em curso, fatura\u00e7\u00e3o e a\u00e7\u00f5es que se afigure necess\u00e1rio no \u00e2mbito de rela\u00e7\u00e3o comercial estabelecida entre a empresa e o titular dos dados. Para a\u00e7\u00f5es de marketing promocional dos nossos produtos e servi\u00e7os iremos proceder ao pedido de consentimento pr\u00e9vio para o envio do mesmo mediante aceita\u00e7\u00e3o dos clientes.<\/p>\n<h3 style=\"letter-spacing: normal;\">2. Confidencialidade, Seguran\u00e7a e Conserva\u00e7\u00e3o dos Dados<\/h3>\n<div>\n<p>2.1. Os dados recolhidos pela SINALARTE s\u00e3o armazenados no seu sistema e s\u00e3o tratados pela empresa de forma segura e confidencial.<\/p>\n<p>2.2. A empresa disp\u00f5e de medidas t\u00e9cnicas e organizacionais destinadas a evitar o acesso n\u00e3o autorizado, altera\u00e7\u00e3o, destrui\u00e7\u00e3o ou perda dos dados recolhidos. O tratamento e acesso aos dados \u00e9 restrito aos funcion\u00e1rios\/colaboradores da SINALARTE que desenvolvam tarefas profissionais que, pela sua natureza, impliquem a interven\u00e7\u00e3o e\/ou gest\u00e3o da rela\u00e7\u00e3o da empresa com o titular dos dados.<\/p>\n<p>2.3. Os dados pessoais ser\u00e3o conservados pela SINALARTE durante o tempo de utiliza\u00e7\u00e3o necess\u00e1rio, nomeadamente durante todo o tempo em que se verifique a manuten\u00e7\u00e3o de rela\u00e7\u00e3o entre a empresa e os respetivos titulares dos dados ou a subsist\u00eancia do fim para qual os dados foram recolhidos. Uma vez findos per\u00edodos que justificam a sua conserva\u00e7\u00e3o, os dados ser\u00e3o destru\u00eddos em prazo adequado para o efeito.\u00a0<\/p>\n<h3 style=\"letter-spacing: normal;\">3. Ced\u00eancia dos Dados<\/h3>\n<p>3.1. Sem preju\u00edzo da sua confidencialidade e do seu tratamento adequado, o Titular autoriza a SINALARTE a ceder os seus dados (os estritamente necess\u00e1rios) a empresas de contabilidade por n\u00f3s contratadas externamente onde nos s\u00e3o prestados servi\u00e7os contabil\u00edsticos. Comprometemo-nos a obter igual contrato de tratamento de dados prestados por essas empresas para que se mantenha o cumprimento do regulamento em quest\u00e3o.<\/p>\n<p>3.2. A SINALARTE n\u00e3o comercializar\u00e1 com terceiros quaisquer dados recolhidos.\n<h3 style=\"letter-spacing: normal;\">4. Direitos do Titular dos Dados<\/h3>\n<p style=\"letter-spacing: normal;\">\u00a04.1. O Titular dos Dados providenciados \u00e0 SINALARTE tem o direito de solicitar informa\u00e7\u00e3o sobre os mesmos, podendo requerer a sua corre\u00e7\u00e3o, bloqueio ou elimina\u00e7\u00e3o parcial ou total, sem preju\u00edzo de outros direitos previstos no Regulamento de Prote\u00e7\u00e3o de Dados.<\/p>\n<p style=\"letter-spacing: normal;\">4.2. O Titular tem o direito de requerer que os seus Dados Pessoais n\u00e3o sejam utilizados para efeito de comunica\u00e7\u00f5es promocionais ou de marketing, devendo comunicar tal vontade \u00e0 SINALARTE.<\/p>\n<h3 style=\"letter-spacing: normal;\">5. Consentimento<\/h3>\n<p style=\"letter-spacing: normal;\">\u00a0O Titular dos Dados autoriza a SINALARTE a recolher, tratar e utilizar os seus dados pessoais nos termos e para todos os efeitos descritos no presente formul\u00e1rio. A autoriza\u00e7\u00e3o pode ser retirada a qualquer momento atrav\u00e9s da comunica\u00e7\u00e3o para o email epd@mail.sinalarte.pt.<\/p>\n<h3 style=\"letter-spacing: normal;\">6. Informa\u00e7\u00e3o Extra<\/h3>\n<p style=\"letter-spacing: normal;\">\u00a0A SINALARTE informa todos os seus clientes que toda esta informa\u00e7\u00e3o bem como termos e condi\u00e7\u00f5es e pol\u00edticas de privacidade, se encontram afixadas nas Nossas Instala\u00e7\u00f5es e permanentemente no nosso site online em www.sinalarte.pt.<\/p>\n<p style=\"letter-spacing: normal;\">O uso do nosso website e nossos servi\u00e7os pressup\u00f5e a aceita\u00e7\u00e3o deste Acordo de Privacidade. A equipa SINALARTE reserva-se ao direito de alterar este acordo sem aviso pr\u00e9vio. Deste modo, recomendamos que consulte a nossa <a href=\"https:\/\/www.sinalarte.pt\/v1\/politica-privacidade\/\">Pol\u00edtica de Privacidade<\/a> com regularidade de forma a estar sempre atualizado.<\/p>\n<p style=\"letter-spacing: normal;\">Para efeito do cumprimento do disposto no Regulamento Geral sobre a Prote\u00e7\u00e3o de Dados, fui informado(a) pela SINALARTE de todos os termos e condi\u00e7\u00f5es e <a href=\"https:\/\/www.sinalarte.pt\/v1\/politica-privacidade\/\">Pol\u00edtica de Privacidade<\/a>.<\/p>\n<h3 style=\"letter-spacing: normal;\">7. Os an\u00fancios e Google Analytics<\/h3>\n<p style=\"letter-spacing: normal;\">\u00a0Tal como outros websites, coletamos e utilizamos informa\u00e7\u00e3o contida nos an\u00fancios. A informa\u00e7\u00e3o contida nos an\u00fancios, inclui o seu endere\u00e7o IP (Internet Protocol), o seu ISP (Internet Service Provider, ex. MEO, Vodafone ou outro), o browser que utilizou ao visitar o nosso website (ex. Google Chrome, Microsoft Edge, Firefox), o tempo da sua visita e que p\u00e1ginas visitou dentro do nosso website.<\/p>\n<p style=\"letter-spacing: normal;\">Voc\u00ea poder\u00e1 desligar os seus cookies, nas op\u00e7\u00f5es do seu browser, ou efetuando altera\u00e7\u00f5es nas ferramentas de programas anti-virus, como o Norton Internet Security. No entanto, isso poder\u00e1 alterar a forma como interage com o nosso website, ou outros websites. Isso poder\u00e1 afetar ou n\u00e3o permitir que fa\u00e7a login em programas, sites ou f\u00f3runs da nossa e de outras redes.<\/p>\n<h3 style=\"letter-spacing: normal;\">8. Liga\u00e7\u00f5es e Servi\u00e7os para Sites de terceiros<\/h3>\n<p style=\"letter-spacing: normal;\">\u00a0O nosso website possui liga\u00e7\u00f5es para outros sites, os quais, na nossa perspetiva, podem conter informa\u00e7\u00f5es \/ ferramentas \u00fateis para os nossos visitantes. A nossa <a href=\"https:\/\/www.sinalarte.pt\/v1\/politica-privacidade\/\">Pol\u00edtica de Privacidade<\/a>\u00a0n\u00e3o \u00e9 aplicada a sites de terceiros, pelo que, caso visite outro site a partir do nosso, dever\u00e1 ler a Pol\u00edtica de Privacidade do mesmo.<\/p>\n<p style=\"letter-spacing: normal;\">N\u00e3o nos responsabilizamos pela pol\u00edtica de privacidade ou conte\u00fado presente nesses sites.<\/p>\n<h3>9. Dura\u00e7\u00e3o de sess\u00e3o<\/h3>\n<p>\u00a0No momento que efetua login no nosso website, a cookie tem uma dura\u00e7\u00e3o de 480 horas. Considere sempre efetuar logout caso esteja num computador p\u00fablico.<\/p>\n<p style=\"letter-spacing: normal;\">\u00a0<\/p>\n<p style=\"letter-spacing: normal;\">\u00a0<\/p>\n<p><\/p>\t\t\t\t\t\t\t\t<\/div>\n\t\t\t\t<\/div>\n\t\t\t\t\t<\/div>\n\t\t<\/div>\n\t\t\t\t\t<\/div>\n\t\t<\/section>\n\t\t\t\t<\/div>\n\t\t","protected":false},"excerpt":{"rendered":"<p>Estimado Cliente, \u00c9 objetivo da SINALARTE oferecer aos seus utilizadores uma rela\u00e7\u00e3o de confian\u00e7a quanto ao respeito da sua privacidade e ao cuidado tido com os dados pessoais fornecidos. A SINALARTE cumprir\u00e1 todas as leis de prote\u00e7\u00e3o de dados, designadamente o Regulamento Geral de Prote\u00e7\u00e3o de Dados, que entrou em vigor no dia 25 de [&hellip;]<\/p>\n","protected":false},"author":7,"featured_media":0,"parent":0,"menu_order":0,"comment_status":"closed","ping_status":"open","template":"","meta":{"footnotes":""},"class_list":["post-3","page","type-page","status-publish","hentry"],"yoast_head":"<!-- This site is optimized with the Yoast SEO plugin v27.4 - https:\/\/yoast.com\/product\/yoast-seo-wordpress\/ -->\n<title>Pol\u00edtica de privacidade - Sinalarte<\/title>\n<meta name=\"robots\" content=\"index, follow, max-snippet:-1, max-image-preview:large, max-video-preview:-1\" \/>\n<link rel=\"canonical\" href=\"https:\/\/www.sinalarte.pt\/v1\/politica-privacidade\/\" \/>\n<meta property=\"og:locale\" content=\"pt_PT\" \/>\n<meta property=\"og:type\" content=\"article\" \/>\n<meta property=\"og:title\" content=\"Pol\u00edtica de privacidade - Sinalarte\" \/>\n<meta property=\"og:description\" content=\"Estimado Cliente, \u00c9 objetivo da SINALARTE oferecer aos seus utilizadores uma rela\u00e7\u00e3o de confian\u00e7a quanto ao respeito da sua privacidade e ao cuidado tido com os dados pessoais fornecidos. A SINALARTE cumprir\u00e1 todas as leis de prote\u00e7\u00e3o de dados, designadamente o Regulamento Geral de Prote\u00e7\u00e3o de Dados, que entrou em vigor no dia 25 de [&hellip;]\" \/>\n<meta property=\"og:url\" content=\"https:\/\/www.sinalarte.pt\/v1\/politica-privacidade\/\" \/>\n<meta property=\"og:site_name\" content=\"Sinalarte\" \/>\n<meta property=\"article:publisher\" content=\"https:\/\/www.facebook.com\/Sinalarte\/\" \/>\n<meta property=\"article:modified_time\" content=\"2020-09-29T10:32:49+00:00\" \/>\n<meta name=\"twitter:card\" content=\"summary_large_image\" \/>\n<meta name=\"twitter:label1\" content=\"Tempo estimado de leitura\" \/>\n\t<meta name=\"twitter:data1\" content=\"5 minutos\" \/>\n<script type=\"application\/ld+json\" class=\"yoast-schema-graph\">{\"@context\":\"https:\\\/\\\/schema.org\",\"@graph\":[{\"@type\":\"WebPage\",\"@id\":\"https:\\\/\\\/www.sinalarte.pt\\\/v1\\\/politica-privacidade\\\/\",\"url\":\"https:\\\/\\\/www.sinalarte.pt\\\/v1\\\/politica-privacidade\\\/\",\"name\":\"Pol\u00edtica de privacidade - Sinalarte\",\"isPartOf\":{\"@id\":\"https:\\\/\\\/www.sinalarte.pt\\\/v1\\\/#website\"},\"datePublished\":\"2019-07-25T09:01:35+00:00\",\"dateModified\":\"2020-09-29T10:32:49+00:00\",\"breadcrumb\":{\"@id\":\"https:\\\/\\\/www.sinalarte.pt\\\/v1\\\/politica-privacidade\\\/#breadcrumb\"},\"inLanguage\":\"pt-PT\",\"potentialAction\":[{\"@type\":\"ReadAction\",\"target\":[\"https:\\\/\\\/www.sinalarte.pt\\\/v1\\\/politica-privacidade\\\/\"]}]},{\"@type\":\"BreadcrumbList\",\"@id\":\"https:\\\/\\\/www.sinalarte.pt\\\/v1\\\/politica-privacidade\\\/#breadcrumb\",\"itemListElement\":[{\"@type\":\"ListItem\",\"position\":1,\"name\":\"Home\",\"item\":\"https:\\\/\\\/www.sinalarte.pt\\\/v1\\\/\"},{\"@type\":\"ListItem\",\"position\":2,\"name\":\"Pol\u00edtica de privacidade\"}]},{\"@type\":\"WebSite\",\"@id\":\"https:\\\/\\\/www.sinalarte.pt\\\/v1\\\/#website\",\"url\":\"https:\\\/\\\/www.sinalarte.pt\\\/v1\\\/\",\"name\":\"Sinalarte\",\"description\":\"Ind\u00fastria de Sinaliza\u00e7\u00e3o\",\"publisher\":{\"@id\":\"https:\\\/\\\/www.sinalarte.pt\\\/v1\\\/#organization\"},\"potentialAction\":[{\"@type\":\"SearchAction\",\"target\":{\"@type\":\"EntryPoint\",\"urlTemplate\":\"https:\\\/\\\/www.sinalarte.pt\\\/v1\\\/?s={search_term_string}\"},\"query-input\":{\"@type\":\"PropertyValueSpecification\",\"valueRequired\":true,\"valueName\":\"search_term_string\"}}],\"inLanguage\":\"pt-PT\"},{\"@type\":\"Organization\",\"@id\":\"https:\\\/\\\/www.sinalarte.pt\\\/v1\\\/#organization\",\"name\":\"Sinalarte\",\"alternateName\":\"Ind\u00fastria de Sinaliza\u00e7\u00e3o\",\"url\":\"https:\\\/\\\/www.sinalarte.pt\\\/v1\\\/\",\"logo\":{\"@type\":\"ImageObject\",\"inLanguage\":\"pt-PT\",\"@id\":\"https:\\\/\\\/www.sinalarte.pt\\\/v1\\\/#\\\/schema\\\/logo\\\/image\\\/\",\"url\":\"https:\\\/\\\/i0.wp.com\\\/www.sinalarte.pt\\\/v1\\\/wp-content\\\/uploads\\\/2020\\\/09\\\/logo_sinalarte.png?fit=180%2C100&ssl=1\",\"contentUrl\":\"https:\\\/\\\/i0.wp.com\\\/www.sinalarte.pt\\\/v1\\\/wp-content\\\/uploads\\\/2020\\\/09\\\/logo_sinalarte.png?fit=180%2C100&ssl=1\",\"width\":180,\"height\":100,\"caption\":\"Sinalarte\"},\"image\":{\"@id\":\"https:\\\/\\\/www.sinalarte.pt\\\/v1\\\/#\\\/schema\\\/logo\\\/image\\\/\"},\"sameAs\":[\"https:\\\/\\\/www.facebook.com\\\/Sinalarte\\\/\",\"https:\\\/\\\/www.instagram.com\\\/sinalarte\\\/\",\"https:\\\/\\\/www.linkedin.com\\\/company\\\/sinalart\",\"https:\\\/\\\/www.youtube.com\\\/user\\\/SinalArte\"]}]}<\/script>\n<!-- \/ Yoast SEO plugin. -->","yoast_head_json":{"title":"Pol\u00edtica de privacidade - Sinalarte","robots":{"index":"index","follow":"follow","max-snippet":"max-snippet:-1","max-image-preview":"max-image-preview:large","max-video-preview":"max-video-preview:-1"},"canonical":"https:\/\/www.sinalarte.pt\/v1\/politica-privacidade\/","og_locale":"pt_PT","og_type":"article","og_title":"Pol\u00edtica de privacidade - Sinalarte","og_description":"Estimado Cliente, \u00c9 objetivo da SINALARTE oferecer aos seus utilizadores uma rela\u00e7\u00e3o de confian\u00e7a quanto ao respeito da sua privacidade e ao cuidado tido com os dados pessoais fornecidos. A SINALARTE cumprir\u00e1 todas as leis de prote\u00e7\u00e3o de dados, designadamente o Regulamento Geral de Prote\u00e7\u00e3o de Dados, que entrou em vigor no dia 25 de [&hellip;]","og_url":"https:\/\/www.sinalarte.pt\/v1\/politica-privacidade\/","og_site_name":"Sinalarte","article_publisher":"https:\/\/www.facebook.com\/Sinalarte\/","article_modified_time":"2020-09-29T10:32:49+00:00","twitter_card":"summary_large_image","twitter_misc":{"Tempo estimado de leitura":"5 minutos"},"schema":{"@context":"https:\/\/schema.org","@graph":[{"@type":"WebPage","@id":"https:\/\/www.sinalarte.pt\/v1\/politica-privacidade\/","url":"https:\/\/www.sinalarte.pt\/v1\/politica-privacidade\/","name":"Pol\u00edtica de privacidade - Sinalarte","isPartOf":{"@id":"https:\/\/www.sinalarte.pt\/v1\/#website"},"datePublished":"2019-07-25T09:01:35+00:00","dateModified":"2020-09-29T10:32:49+00:00","breadcrumb":{"@id":"https:\/\/www.sinalarte.pt\/v1\/politica-privacidade\/#breadcrumb"},"inLanguage":"pt-PT","potentialAction":[{"@type":"ReadAction","target":["https:\/\/www.sinalarte.pt\/v1\/politica-privacidade\/"]}]},{"@type":"BreadcrumbList","@id":"https:\/\/www.sinalarte.pt\/v1\/politica-privacidade\/#breadcrumb","itemListElement":[{"@type":"ListItem","position":1,"name":"Home","item":"https:\/\/www.sinalarte.pt\/v1\/"},{"@type":"ListItem","position":2,"name":"Pol\u00edtica de privacidade"}]},{"@type":"WebSite","@id":"https:\/\/www.sinalarte.pt\/v1\/#website","url":"https:\/\/www.sinalarte.pt\/v1\/","name":"Sinalarte","description":"Ind\u00fastria de Sinaliza\u00e7\u00e3o","publisher":{"@id":"https:\/\/www.sinalarte.pt\/v1\/#organization"},"potentialAction":[{"@type":"SearchAction","target":{"@type":"EntryPoint","urlTemplate":"https:\/\/www.sinalarte.pt\/v1\/?s={search_term_string}"},"query-input":{"@type":"PropertyValueSpecification","valueRequired":true,"valueName":"search_term_string"}}],"inLanguage":"pt-PT"},{"@type":"Organization","@id":"https:\/\/www.sinalarte.pt\/v1\/#organization","name":"Sinalarte","alternateName":"Ind\u00fastria de Sinaliza\u00e7\u00e3o","url":"https:\/\/www.sinalarte.pt\/v1\/","logo":{"@type":"ImageObject","inLanguage":"pt-PT","@id":"https:\/\/www.sinalarte.pt\/v1\/#\/schema\/logo\/image\/","url":"https:\/\/i0.wp.com\/www.sinalarte.pt\/v1\/wp-content\/uploads\/2020\/09\/logo_sinalarte.png?fit=180%2C100&ssl=1","contentUrl":"https:\/\/i0.wp.com\/www.sinalarte.pt\/v1\/wp-content\/uploads\/2020\/09\/logo_sinalarte.png?fit=180%2C100&ssl=1","width":180,"height":100,"caption":"Sinalarte"},"image":{"@id":"https:\/\/www.sinalarte.pt\/v1\/#\/schema\/logo\/image\/"},"sameAs":["https:\/\/www.facebook.com\/Sinalarte\/","https:\/\/www.instagram.com\/sinalarte\/","https:\/\/www.linkedin.com\/company\/sinalart","https:\/\/www.youtube.com\/user\/SinalArte"]}]}},"jetpack_sharing_enabled":true,"jetpack_likes_enabled":false,"_links":{"self":[{"href":"https:\/\/www.sinalarte.pt\/v1\/wp-json\/wp\/v2\/pages\/3","targetHints":{"allow":["GET"]}}],"collection":[{"href":"https:\/\/www.sinalarte.pt\/v1\/wp-json\/wp\/v2\/pages"}],"about":[{"href":"https:\/\/www.sinalarte.pt\/v1\/wp-json\/wp\/v2\/types\/page"}],"author":[{"embeddable":true,"href":"https:\/\/www.sinalarte.pt\/v1\/wp-json\/wp\/v2\/users\/7"}],"replies":[{"embeddable":true,"href":"https:\/\/www.sinalarte.pt\/v1\/wp-json\/wp\/v2\/comments?post=3"}],"version-history":[{"count":8,"href":"https:\/\/www.sinalarte.pt\/v1\/wp-json\/wp\/v2\/pages\/3\/revisions"}],"predecessor-version":[{"id":6542,"href":"https:\/\/www.sinalarte.pt\/v1\/wp-json\/wp\/v2\/pages\/3\/revisions\/6542"}],"wp:attachment":[{"href":"https:\/\/www.sinalarte.pt\/v1\/wp-json\/wp\/v2\/media?parent=3"}],"curies":[{"name":"wp","href":"https:\/\/api.w.org\/{rel}","templated":true}]}}